{"id":8620,"date":"2022-06-21T09:51:35","date_gmt":"2022-06-21T07:51:35","guid":{"rendered":"https:\/\/xoros-home.de\/?post_type=product&#038;p=8620"},"modified":"2024-02-23T12:18:27","modified_gmt":"2024-02-23T11:18:27","slug":"lente-para-lampara-de-pie-single-f-molto-luce","status":"publish","type":"product","link":"https:\/\/xoros-home.de\/es\/produkt\/stehleuchte-lens-single-f-molto-luce\/","title":{"rendered":"L\u00e1mpara de pie Lens Single F (Molto Luce)"},"content":{"rendered":"<p>LENTE SINGLE F STANDING LIGHT de perfil de aluminio extruido, \u00f3ptica de lente con rejilla antideslumbrante, color de luz 3000K (blanco c\u00e1lido), \u00e1ngulo de haz para puesto de trabajo individual, emisi\u00f3n de luz directa\/indirecta, UGR &lt;16, con equipo auxiliar, m\u00e1x. 250mA, cable negro, IP20, regulable: Push Dim, interruptor basculante<\/p>\n<p>Tres versiones de color diferentes:<\/p>\n<ul>\n<li>negro, similar a RAL 9005<\/li>\n<li>blanco, similar a RAL 9016<\/li>\n<li>anodizado natural, similar a RAL 9006<\/li>\n<\/ul>","protected":false},"excerpt":{"rendered":"<p>La luminaria de pie Lens Single F es una luminaria minimalista que proporciona una excelente iluminaci\u00f3n del puesto de trabajo con una distribuci\u00f3n de la luz directa\/indirecta en una proporci\u00f3n de 40:60. La luminaria \"Lens\" consigue un perfecto control del deslumbramiento de UGR&lt;16 mediante una rejilla negra de alto brillo en combinaci\u00f3n con lentes empotradas especialmente adaptadas.<\/p>\n<p><img decoding=\"async\" class=\"alignnone size-medium wp-image-8624\" src=\"https:\/\/xoros-home.de\/wp-content\/uploads\/2022\/06\/Molto-Luce-300x63.jpg\" alt=\"\" width=\"300\" height=\"63\" srcset=\"https:\/\/xoros-home.de\/wp-content\/uploads\/2022\/06\/Molto-Luce-300x63.jpg 300w, https:\/\/xoros-home.de\/wp-content\/uploads\/2022\/06\/Molto-Luce-768x161.jpg 768w, https:\/\/xoros-home.de\/wp-content\/uploads\/2022\/06\/Molto-Luce-600x126.jpg 600w, https:\/\/xoros-home.de\/wp-content\/uploads\/2022\/06\/Molto-Luce.jpg 817w\" sizes=\"(max-width: 300px) 100vw, 300px\" \/><\/p>","protected":false},"featured_media":8621,"template":"","meta":{"content-type":"","inline_featured_image":false},"product_brand":[],"product_cat":[110,39,193],"product_tag":[112,44,116],"class_list":{"0":"post-8620","1":"product","2":"type-product","3":"status-publish","4":"has-post-thumbnail","6":"product_cat-leuchten","7":"product_cat-moebel","8":"product_cat-office-leuchten","9":"product_tag-einfache-selbstmontage","10":"product_tag-ergonomisch","11":"product_tag-hersteller-molto-luce","13":"first","14":"instock","15":"taxable","16":"shipping-taxable","17":"purchasable","18":"product-type-simple"},"_links":{"self":[{"href":"https:\/\/xoros-home.de\/es\/wp-json\/wp\/v2\/product\/8620","targetHints":{"allow":["GET"]}}],"collection":[{"href":"https:\/\/xoros-home.de\/es\/wp-json\/wp\/v2\/product"}],"about":[{"href":"https:\/\/xoros-home.de\/es\/wp-json\/wp\/v2\/types\/product"}],"version-history":[{"count":1,"href":"https:\/\/xoros-home.de\/es\/wp-json\/wp\/v2\/product\/8620\/revisions"}],"predecessor-version":[{"id":8628,"href":"https:\/\/xoros-home.de\/es\/wp-json\/wp\/v2\/product\/8620\/revisions\/8628"}],"wp:featuredmedia":[{"embeddable":true,"href":"https:\/\/xoros-home.de\/es\/wp-json\/wp\/v2\/media\/8621"}],"wp:attachment":[{"href":"https:\/\/xoros-home.de\/es\/wp-json\/wp\/v2\/media?parent=8620"}],"wp:term":[{"taxonomy":"product_brand","embeddable":true,"href":"https:\/\/xoros-home.de\/es\/wp-json\/wp\/v2\/product_brand?post=8620"},{"taxonomy":"product_cat","embeddable":true,"href":"https:\/\/xoros-home.de\/es\/wp-json\/wp\/v2\/product_cat?post=8620"},{"taxonomy":"product_tag","embeddable":true,"href":"https:\/\/xoros-home.de\/es\/wp-json\/wp\/v2\/product_tag?post=8620"}],"curies":[{"name":"wp","href":"https:\/\/api.w.org\/{rel}","templated":true}]}}