{"id":8680,"date":"2022-06-22T10:56:37","date_gmt":"2022-06-22T08:56:37","guid":{"rendered":"https:\/\/xoros-home.de\/?post_type=product&#038;p=8680"},"modified":"2024-02-23T11:48:22","modified_gmt":"2024-02-23T10:48:22","slug":"silla-giratoria-seflex-sedus","status":"publish","type":"product","link":"https:\/\/xoros-home.de\/es\/produkt\/drehstuhl-seflex-sedus\/","title":{"rendered":"Silla giratoria se:flex (SEDUS)"},"content":{"rendered":"<ul>\n<li>Respaldo: membrana de malla<\/li>\n<li>Asiento ergon\u00f3mico (ayuda a adoptar intuitivamente la postura correcta al sentarse)<\/li>\n<li>Regulaci\u00f3n de la altura del asiento mediante resorte de gas con suspensi\u00f3n mec\u00e1nica en profundidad<\/li>\n<li>Mecanismo similar con control autom\u00e1tico del peso<\/li>\n<li>Ajuste de la profundidad del asiento (rango de ajuste 70 mm)<\/li>\n<li>Elemento flexible en el respaldo (tambi\u00e9n soporta movimientos laterales)<\/li>\n<li>\u00c1ngulo de apertura del respaldo 0\u00b0, 8\u00b0, 16\u00b0, 26\u00b0 (bloqueable)<\/li>\n<li>Reposabrazos 3D (altura, profundidad, anchura)<\/li>\n<li>Ruedas blandas para suelos duros<\/li>\n<li>Peso del usuario recomendado hasta un m\u00e1ximo de 130 kg<\/li>\n<\/ul>\n<p>&nbsp;<\/p>\n<p><img decoding=\"async\" class=\"alignnone size-full wp-image-8678\" src=\"https:\/\/xoros-home.de\/wp-content\/uploads\/2022\/06\/Sedus-Logo200.png\" alt=\"\" width=\"200\" height=\"90\" \/><\/p>","protected":false},"excerpt":{"rendered":"<p>se:flex es una c\u00f3moda silla giratoria que se ajusta autom\u00e1ticamente a las necesidades de una amplia gama de usuarios, independientemente de su altura o peso. El peso y las proporciones del cuerpo regulan la presi\u00f3n del respaldo para que siempre resulte c\u00f3modo. Al mismo tiempo, el respaldo flexible puede seguir todos los movimientos del usuario, lo que permite sentarse de forma saludable en todas las posturas.<\/p>\n<p>&nbsp;<\/p>","protected":false},"featured_media":8687,"template":"","meta":{"content-type":"","inline_featured_image":false},"product_brand":[],"product_cat":[41,39,192],"product_tag":[112,44,107,108],"class_list":{"0":"post-8680","1":"product","2":"type-product","3":"status-publish","4":"has-post-thumbnail","6":"product_cat-schreibtischstuehle","7":"product_cat-moebel","8":"product_cat-office-drehstuehle","9":"product_tag-einfache-selbstmontage","10":"product_tag-ergonomisch","11":"product_tag-hersteller-sedus","12":"product_tag-made-in-germany","14":"first","15":"instock","16":"taxable","17":"shipping-taxable","18":"purchasable","19":"product-type-simple"},"_links":{"self":[{"href":"https:\/\/xoros-home.de\/es\/wp-json\/wp\/v2\/product\/8680","targetHints":{"allow":["GET"]}}],"collection":[{"href":"https:\/\/xoros-home.de\/es\/wp-json\/wp\/v2\/product"}],"about":[{"href":"https:\/\/xoros-home.de\/es\/wp-json\/wp\/v2\/types\/product"}],"version-history":[{"count":1,"href":"https:\/\/xoros-home.de\/es\/wp-json\/wp\/v2\/product\/8680\/revisions"}],"predecessor-version":[{"id":8694,"href":"https:\/\/xoros-home.de\/es\/wp-json\/wp\/v2\/product\/8680\/revisions\/8694"}],"wp:featuredmedia":[{"embeddable":true,"href":"https:\/\/xoros-home.de\/es\/wp-json\/wp\/v2\/media\/8687"}],"wp:attachment":[{"href":"https:\/\/xoros-home.de\/es\/wp-json\/wp\/v2\/media?parent=8680"}],"wp:term":[{"taxonomy":"product_brand","embeddable":true,"href":"https:\/\/xoros-home.de\/es\/wp-json\/wp\/v2\/product_brand?post=8680"},{"taxonomy":"product_cat","embeddable":true,"href":"https:\/\/xoros-home.de\/es\/wp-json\/wp\/v2\/product_cat?post=8680"},{"taxonomy":"product_tag","embeddable":true,"href":"https:\/\/xoros-home.de\/es\/wp-json\/wp\/v2\/product_tag?post=8680"}],"curies":[{"name":"wp","href":"https:\/\/api.w.org\/{rel}","templated":true}]}}