{"id":8737,"date":"2022-06-30T17:49:58","date_gmt":"2022-06-30T15:49:58","guid":{"rendered":"https:\/\/xoros-home.de\/?post_type=product&#038;p=8737"},"modified":"2024-02-23T12:18:34","modified_gmt":"2024-02-23T11:18:34","slug":"lampara-de-pie-concept-f-molto-luce","status":"publish","type":"product","link":"https:\/\/xoros-home.de\/es\/produkt\/stehleuchte-concept-f-molto-luce\/","title":{"rendered":"L\u00e1mpara de pie Concept F (Molto Luce)"},"content":{"rendered":"<p>L\u00c1MPARA DE PIE CONCEPT F de aluminio, reflector de superficie microfacetada de forma libre, \u00e1ngulo de haz para puesto de trabajo individual, color de luz 3000K (blanco c\u00e1lido), emisi\u00f3n de luz directa\/indirecta 30:70, UGR &lt;19, con equipo auxiliar, m\u00e1x. 1500mA, regulable: Push Dim, cable negro, IP20, interruptor de membrana con conexi\u00f3n USB (m\u00e1x. 1A)<\/p>\n<p>La l\u00e1mpara de pie CONCEPT est\u00e1 disponible en las siguientes versiones <strong>IZQUIERDA<\/strong> y <strong>DERECHA<\/strong>. El modelo IZQUIERDO se coloca normalmente a la izquierda del escritorio, en la pata trasera de la mesa, mientras que el modelo DERECHO se coloca a la derecha. El uso inverso tambi\u00e9n es posible, pero entonces debe seleccionarse una posici\u00f3n central entre las patas de la mesa (en lugar de justo detr\u00e1s).<\/p>\n<p>Tambi\u00e9n hay dos versiones de color diferentes:<\/p>\n<ul>\n<li>negro, similar a RAL 9005<\/li>\n<li>blanco, similar a RAL 9016<\/li>\n<\/ul>","protected":false},"excerpt":{"rendered":"<p>La luminaria autoportante \"Concept F\" est\u00e1 dise\u00f1ada para instalarse en la parte delantera\/pr\u00f3xima al escritorio e iluminar todo el lugar de trabajo con la m\u00e1xima homogeneidad. Los reflectores asim\u00e9tricos de forma libre dirigen la luz espec\u00edficamente hacia el puesto de trabajo y garantizan un confort visual sin deslumbramientos.<\/p>\n<p>La l\u00e1mpara puede regularse mediante un interruptor de membrana y tambi\u00e9n dispone de un pr\u00e1ctico puerto USB para cargar dispositivos electr\u00f3nicos.<\/p>\n<p><img decoding=\"async\" class=\"alignnone size-medium wp-image-8624\" src=\"https:\/\/xoros-home.de\/wp-content\/uploads\/2022\/06\/Molto-Luce-300x63.jpg\" alt=\"\" width=\"300\" height=\"63\" srcset=\"https:\/\/xoros-home.de\/wp-content\/uploads\/2022\/06\/Molto-Luce-300x63.jpg 300w, https:\/\/xoros-home.de\/wp-content\/uploads\/2022\/06\/Molto-Luce-768x161.jpg 768w, https:\/\/xoros-home.de\/wp-content\/uploads\/2022\/06\/Molto-Luce-600x126.jpg 600w, https:\/\/xoros-home.de\/wp-content\/uploads\/2022\/06\/Molto-Luce.jpg 817w\" sizes=\"(max-width: 300px) 100vw, 300px\" \/><\/p>","protected":false},"featured_media":8741,"template":"","meta":{"content-type":"","inline_featured_image":false},"product_brand":[],"product_cat":[110,39,193],"product_tag":[112,44,116],"class_list":{"0":"post-8737","1":"product","2":"type-product","3":"status-publish","4":"has-post-thumbnail","6":"product_cat-leuchten","7":"product_cat-moebel","8":"product_cat-office-leuchten","9":"product_tag-einfache-selbstmontage","10":"product_tag-ergonomisch","11":"product_tag-hersteller-molto-luce","13":"first","14":"instock","15":"taxable","16":"shipping-taxable","17":"purchasable","18":"product-type-simple"},"_links":{"self":[{"href":"https:\/\/xoros-home.de\/es\/wp-json\/wp\/v2\/product\/8737","targetHints":{"allow":["GET"]}}],"collection":[{"href":"https:\/\/xoros-home.de\/es\/wp-json\/wp\/v2\/product"}],"about":[{"href":"https:\/\/xoros-home.de\/es\/wp-json\/wp\/v2\/types\/product"}],"version-history":[{"count":0,"href":"https:\/\/xoros-home.de\/es\/wp-json\/wp\/v2\/product\/8737\/revisions"}],"wp:featuredmedia":[{"embeddable":true,"href":"https:\/\/xoros-home.de\/es\/wp-json\/wp\/v2\/media\/8741"}],"wp:attachment":[{"href":"https:\/\/xoros-home.de\/es\/wp-json\/wp\/v2\/media?parent=8737"}],"wp:term":[{"taxonomy":"product_brand","embeddable":true,"href":"https:\/\/xoros-home.de\/es\/wp-json\/wp\/v2\/product_brand?post=8737"},{"taxonomy":"product_cat","embeddable":true,"href":"https:\/\/xoros-home.de\/es\/wp-json\/wp\/v2\/product_cat?post=8737"},{"taxonomy":"product_tag","embeddable":true,"href":"https:\/\/xoros-home.de\/es\/wp-json\/wp\/v2\/product_tag?post=8737"}],"curies":[{"name":"wp","href":"https:\/\/api.w.org\/{rel}","templated":true}]}}