{"id":8761,"date":"2022-07-01T17:47:32","date_gmt":"2022-07-01T15:47:32","guid":{"rendered":"https:\/\/xoros-home.de\/?post_type=product&#038;p=8761"},"modified":"2024-02-23T11:47:11","modified_gmt":"2024-02-23T10:47:11","slug":"silla-giratoria-sync-work-mesh-pro-blanca-trendoffice","status":"publish","type":"product","link":"https:\/\/xoros-home.de\/es\/produkt\/drehstuhl-to-sync-work-mesh-pro-white-trendoffice\/","title":{"rendered":"Silla giratoria to-sync work mesh pro blanca (Trendoffice)"},"content":{"rendered":"<p><strong>Respaldo:\u00a0<\/strong>Respaldo alto de malla transpirable (57 cm) en blanco, con apoyo lumbar regulable en altura (6 cm)<\/p>\n<p><strong>Superficie del asiento:\u00a0<\/strong>Asiento acolchado ergon\u00f3mico, tejido de revestimiento Focus (negro), 80.000 ciclos de abrasi\u00f3n<\/p>\n<p><strong>Altura del asiento:\u00a0<\/strong>Ajuste continuo de la altura del asiento para una altura de 41 a 52 cm aprox.<\/p>\n<p><strong>Asiento deslizante:\u00a0<\/strong>Ajuste de la profundidad del asiento mediante asiento deslizante (5 cm)<\/p>\n<p><strong>Apoyabrazos:\u00a0<\/strong>Reposabrazos regulables en altura (10 cm), anchura (6 cm), profundidad (5 cm) y giratorios a ambos lados con reposabrazos de PU blando (A439KGS)<\/p>\n<p><strong>Mec\u00e1nica:\u00a0<\/strong>Mecanismo sincronizado, bloqueable en 3 direcciones con contrapresi\u00f3n del respaldo ajustable sin escalonamiento (lateralmente) para un peso corporal de 45-125 kg<\/p>\n<p><strong>Funciones:\u00a0<\/strong>Ruedas con freno dependientes de la carga para suelos duros y blandos<\/p>\n<p>&nbsp;<\/p>","protected":false},"excerpt":{"rendered":"<p>Si\u00e9ntese en su zona de confort. Mientras usted sigue con su trabajo, su trabajo to-sync hace su trabajo de forma fiable y est\u00e1 a su lado con sus caracter\u00edsticas ergon\u00f3micas de serie: si\u00e9ntase lo m\u00e1s c\u00f3modo posible gracias a la secuencia de movimientos armoniosamente coordinada, la profundidad del asiento y los reposabrazos ajustables, el respaldo ergon\u00f3mico y el apoyo lumbar.<\/p>\n<p>&nbsp;<\/p>","protected":false},"featured_media":8770,"template":"","meta":{"content-type":"","inline_featured_image":false},"product_brand":[],"product_cat":[190,39,192,41],"product_tag":[112,44,106,113],"class_list":{"0":"post-8761","1":"product","2":"type-product","3":"status-publish","4":"has-post-thumbnail","6":"product_cat-homeoffice-specials","7":"product_cat-moebel","8":"product_cat-office-drehstuehle","9":"product_cat-schreibtischstuehle","10":"product_tag-einfache-selbstmontage","11":"product_tag-ergonomisch","12":"product_tag-hersteller-trendoffice","13":"product_tag-schnelle-lieferung","15":"first","16":"instock","17":"taxable","18":"shipping-taxable","19":"purchasable","20":"product-type-simple"},"_links":{"self":[{"href":"https:\/\/xoros-home.de\/es\/wp-json\/wp\/v2\/product\/8761","targetHints":{"allow":["GET"]}}],"collection":[{"href":"https:\/\/xoros-home.de\/es\/wp-json\/wp\/v2\/product"}],"about":[{"href":"https:\/\/xoros-home.de\/es\/wp-json\/wp\/v2\/types\/product"}],"version-history":[{"count":1,"href":"https:\/\/xoros-home.de\/es\/wp-json\/wp\/v2\/product\/8761\/revisions"}],"predecessor-version":[{"id":12892,"href":"https:\/\/xoros-home.de\/es\/wp-json\/wp\/v2\/product\/8761\/revisions\/12892"}],"wp:featuredmedia":[{"embeddable":true,"href":"https:\/\/xoros-home.de\/es\/wp-json\/wp\/v2\/media\/8770"}],"wp:attachment":[{"href":"https:\/\/xoros-home.de\/es\/wp-json\/wp\/v2\/media?parent=8761"}],"wp:term":[{"taxonomy":"product_brand","embeddable":true,"href":"https:\/\/xoros-home.de\/es\/wp-json\/wp\/v2\/product_brand?post=8761"},{"taxonomy":"product_cat","embeddable":true,"href":"https:\/\/xoros-home.de\/es\/wp-json\/wp\/v2\/product_cat?post=8761"},{"taxonomy":"product_tag","embeddable":true,"href":"https:\/\/xoros-home.de\/es\/wp-json\/wp\/v2\/product_tag?post=8761"}],"curies":[{"name":"wp","href":"https:\/\/api.w.org\/{rel}","templated":true}]}}