{"id":8816,"date":"2022-07-04T16:41:52","date_gmt":"2022-07-04T14:41:52","guid":{"rendered":"https:\/\/xoros-home.de\/?post_type=product&#038;p=8816"},"modified":"2024-02-23T10:52:39","modified_gmt":"2024-02-23T09:52:39","slug":"tablero-de-altura-regulable-electricamente-en-blanco-edicion-xoros","status":"publish","type":"product","link":"https:\/\/xoros-home.de\/es\/produkt\/elektrisch-hoehenverstellbar-tischplatte-in-weiss-edition-xoros\/","title":{"rendered":"regulable el\u00e9ctricamente en altura, tablero en blanco (EDITION XOROS)"},"content":{"rendered":"<p><strong>Caracter\u00edsticas del escritorio:<\/strong><\/p>\n<ul>\n<li>Tablero de aglomerado revestido de resina de melamina, de 2,5 cm de grosor, robusto y resistente a los ara\u00f1azos<\/li>\n<li>Altura de trabajo 70-120 cm regulable el\u00e9ctricamente<\/li>\n<li>2 motores integrados en las columnas<\/li>\n<li>1 clavija Schuko<\/li>\n<li>Carga \u00fatil de la mesa: 60 kg din\u00e1mica, 100 kg est\u00e1tica<\/li>\n<\/ul>\n<p>&nbsp;<\/p>\n<p><strong>Interruptor t\u00e1ctil:<\/strong><\/p>\n<ul>\n<li>Arranque y parada suave con protecci\u00f3n anticolisi\u00f3n<\/li>\n<li>El interruptor puede montarse a la izquierda o a la derecha debajo del tablero de la mesa<\/li>\n<li>Consumo en modo de espera \u2264 0,1 W<\/li>\n<\/ul>","protected":false},"excerpt":{"rendered":"<p>Estamos orgullosos de presentar el primer escritorio de altura regulable el\u00e9ctricamente de nuestra propia marca.<\/p>\n<p><img decoding=\"async\" class=\"alignnone wp-image-6607 size-medium\" src=\"https:\/\/xoros-home.de\/wp-content\/uploads\/2022\/03\/Edition-Xoros-300x57.png\" alt=\"\" width=\"300\" height=\"57\" srcset=\"https:\/\/xoros-home.de\/wp-content\/uploads\/2022\/03\/Edition-Xoros-300x57.png 300w, https:\/\/xoros-home.de\/wp-content\/uploads\/2022\/03\/Edition-Xoros-1024x195.png 1024w, https:\/\/xoros-home.de\/wp-content\/uploads\/2022\/03\/Edition-Xoros-768x146.png 768w, https:\/\/xoros-home.de\/wp-content\/uploads\/2022\/03\/Edition-Xoros-1536x293.png 1536w, https:\/\/xoros-home.de\/wp-content\/uploads\/2022\/03\/Edition-Xoros-2048x390.png 2048w, https:\/\/xoros-home.de\/wp-content\/uploads\/2022\/03\/Edition-Xoros-600x114.png 600w\" sizes=\"(max-width: 300px) 100vw, 300px\" \/><\/p>\n<ul>\n<li>Certificado por T\u00dcV-S\u00fcd y GS<\/li>\n<li>Madera procedente de una gesti\u00f3n forestal responsable (con certificado FSC)<\/li>\n<\/ul>\n<p>&nbsp;<\/p>","protected":false},"featured_media":12411,"template":"","meta":{"content-type":"","inline_featured_image":false},"product_brand":[],"product_cat":[190,39,189,40],"product_tag":[44,96,46,113],"class_list":{"0":"post-8816","1":"product","2":"type-product","3":"status-publish","4":"has-post-thumbnail","6":"product_cat-homeoffice-specials","7":"product_cat-moebel","8":"product_cat-office-schreibtische","9":"product_cat-schreibtische","10":"product_tag-ergonomisch","11":"product_tag-hersteller-edition-xoros","12":"product_tag-hoehenverstellbar","13":"product_tag-schnelle-lieferung","15":"first","16":"instock","17":"taxable","18":"shipping-taxable","19":"purchasable","20":"product-type-simple"},"_links":{"self":[{"href":"https:\/\/xoros-home.de\/es\/wp-json\/wp\/v2\/product\/8816","targetHints":{"allow":["GET"]}}],"collection":[{"href":"https:\/\/xoros-home.de\/es\/wp-json\/wp\/v2\/product"}],"about":[{"href":"https:\/\/xoros-home.de\/es\/wp-json\/wp\/v2\/types\/product"}],"version-history":[{"count":1,"href":"https:\/\/xoros-home.de\/es\/wp-json\/wp\/v2\/product\/8816\/revisions"}],"predecessor-version":[{"id":8840,"href":"https:\/\/xoros-home.de\/es\/wp-json\/wp\/v2\/product\/8816\/revisions\/8840"}],"wp:featuredmedia":[{"embeddable":true,"href":"https:\/\/xoros-home.de\/es\/wp-json\/wp\/v2\/media\/12411"}],"wp:attachment":[{"href":"https:\/\/xoros-home.de\/es\/wp-json\/wp\/v2\/media?parent=8816"}],"wp:term":[{"taxonomy":"product_brand","embeddable":true,"href":"https:\/\/xoros-home.de\/es\/wp-json\/wp\/v2\/product_brand?post=8816"},{"taxonomy":"product_cat","embeddable":true,"href":"https:\/\/xoros-home.de\/es\/wp-json\/wp\/v2\/product_cat?post=8816"},{"taxonomy":"product_tag","embeddable":true,"href":"https:\/\/xoros-home.de\/es\/wp-json\/wp\/v2\/product_tag?post=8816"}],"curies":[{"name":"wp","href":"https:\/\/api.w.org\/{rel}","templated":true}]}}