{"id":8874,"date":"2022-07-04T18:45:43","date_gmt":"2022-07-04T16:45:43","guid":{"rendered":"https:\/\/xoros-home.de\/?post_type=product&#038;p=8874"},"modified":"2023-11-06T15:14:02","modified_gmt":"2023-11-06T14:14:02","slug":"stand-sit-sefit-sedus","status":"publish","type":"product","link":"https:\/\/xoros-home.de\/es\/produkt\/steh-sitz-sefit-sedus\/","title":{"rendered":"Asiento de pie se:fit (SEDUS)"},"content":{"rendered":"<ul>\n<li>Modelo: Asiento de pie con base de disco<\/li>\n<li>Membrana de poliamida bordada con estructura 3D, bicolor con efecto \u00f3ptico de profundidad<\/li>\n<li>Coj\u00edn de asiento moldeado ergon\u00f3micamente<\/li>\n<li>Regulaci\u00f3n continua de la altura: 53 - 80 cm (sentado - de pie)<\/li>\n<li>Base de disco convexo de material antideslizante<\/li>\n<li>Compacto y f\u00e1cilmente transportable<\/li>\n<\/ul>\n<p>&nbsp;<\/p>\n<p><img decoding=\"async\" class=\"alignnone size-full wp-image-8678\" src=\"https:\/\/xoros-home.de\/wp-content\/uploads\/2022\/06\/Sedus-Logo200.png\" alt=\"\" width=\"200\" height=\"90\" \/><\/p>","protected":false},"excerpt":{"rendered":"<p>se:fit es un asiento de bipedestaci\u00f3n vers\u00e1til que fomenta el movimiento y promueve activamente cambios saludables en el movimiento y la postura. Es un h\u00edbrido de taburete y bipedestador con ajuste de altura infinitamente variable. La base de disco, inclinable hacia todos los lados, favorece los movimientos intuitivos. La base de disco antideslizante proporciona una sujeci\u00f3n segura en todo momento.<\/p>\n<p>&nbsp;<\/p>","protected":false},"featured_media":8880,"template":"","meta":{"content-type":"","inline_featured_image":false},"product_brand":[],"product_cat":[41,39],"product_tag":[44,107,108],"class_list":{"0":"post-8874","1":"product","2":"type-product","3":"status-publish","4":"has-post-thumbnail","6":"product_cat-schreibtischstuehle","7":"product_cat-moebel","8":"product_tag-ergonomisch","9":"product_tag-hersteller-sedus","10":"product_tag-made-in-germany","12":"first","13":"instock","14":"taxable","15":"shipping-taxable","16":"purchasable","17":"product-type-simple"},"_links":{"self":[{"href":"https:\/\/xoros-home.de\/es\/wp-json\/wp\/v2\/product\/8874","targetHints":{"allow":["GET"]}}],"collection":[{"href":"https:\/\/xoros-home.de\/es\/wp-json\/wp\/v2\/product"}],"about":[{"href":"https:\/\/xoros-home.de\/es\/wp-json\/wp\/v2\/types\/product"}],"version-history":[{"count":1,"href":"https:\/\/xoros-home.de\/es\/wp-json\/wp\/v2\/product\/8874\/revisions"}],"predecessor-version":[{"id":9063,"href":"https:\/\/xoros-home.de\/es\/wp-json\/wp\/v2\/product\/8874\/revisions\/9063"}],"wp:featuredmedia":[{"embeddable":true,"href":"https:\/\/xoros-home.de\/es\/wp-json\/wp\/v2\/media\/8880"}],"wp:attachment":[{"href":"https:\/\/xoros-home.de\/es\/wp-json\/wp\/v2\/media?parent=8874"}],"wp:term":[{"taxonomy":"product_brand","embeddable":true,"href":"https:\/\/xoros-home.de\/es\/wp-json\/wp\/v2\/product_brand?post=8874"},{"taxonomy":"product_cat","embeddable":true,"href":"https:\/\/xoros-home.de\/es\/wp-json\/wp\/v2\/product_cat?post=8874"},{"taxonomy":"product_tag","embeddable":true,"href":"https:\/\/xoros-home.de\/es\/wp-json\/wp\/v2\/product_tag?post=8874"}],"curies":[{"name":"wp","href":"https:\/\/api.w.org\/{rel}","templated":true}]}}