{"id":9064,"date":"2022-07-29T11:14:13","date_gmt":"2022-07-29T09:14:13","guid":{"rendered":"https:\/\/xoros-home.de\/?post_type=product&#038;p=9064"},"modified":"2023-11-06T15:12:57","modified_gmt":"2023-11-06T14:12:57","slug":"fla%cc%88pps-estanteria-1er-ambivalencia","status":"publish","type":"product","link":"https:\/\/xoros-home.de\/es\/produkt\/fla%cc%88pps-regal-1er-ambivalenz\/","title":{"rendered":"Estanter\u00eda Fl\u00e4pps - 1er (ambivalencia)"},"content":{"rendered":"<ul>\n<li>2 colores diferentes (blanco o negro)<\/li>\n<li>3 dimensiones diferentes (60 cm \/ 80 cm \/ 100 cm de ancho)<\/li>\n<li>Madera contrachapada de abedul revestida de HPL coloreado, acero inoxidable<\/li>\n<\/ul>\n<p>&nbsp;<\/p>\n<p><img decoding=\"async\" class=\"alignnone size-medium wp-image-9085\" src=\"https:\/\/xoros-home.de\/wp-content\/uploads\/2022\/07\/AMBIVALENZ_Logo_transparent-300x42.png\" alt=\"\" width=\"300\" height=\"42\" srcset=\"https:\/\/xoros-home.de\/wp-content\/uploads\/2022\/07\/AMBIVALENZ_Logo_transparent-300x42.png 300w, https:\/\/xoros-home.de\/wp-content\/uploads\/2022\/07\/AMBIVALENZ_Logo_transparent-1024x144.png 1024w, https:\/\/xoros-home.de\/wp-content\/uploads\/2022\/07\/AMBIVALENZ_Logo_transparent-768x108.png 768w, https:\/\/xoros-home.de\/wp-content\/uploads\/2022\/07\/AMBIVALENZ_Logo_transparent-1536x215.png 1536w, https:\/\/xoros-home.de\/wp-content\/uploads\/2022\/07\/AMBIVALENZ_Logo_transparent-2048x287.png 2048w, https:\/\/xoros-home.de\/wp-content\/uploads\/2022\/07\/AMBIVALENZ_Logo_transparent-600x84.png 600w\" sizes=\"(max-width: 300px) 100vw, 300px\" \/><\/p>\n<p>AMBIVALENZ fue fundada en Berl\u00edn en 2012 por el antiguo estratega de comunicaci\u00f3n Malte Grieb. Desde entonces, la marca ha desarrollado ideas para espacios modernos, m\u00f3viles y flexibles. Tendencias como la \"vida compacta\", que encarnan el deseo de una vida flexible y m\u00f3vil, se retoman y realizan con objetos modulares y cambiantes. El lema es: m\u00e1xima funci\u00f3n y m\u00e1ximo dise\u00f1o en el m\u00ednimo espacio.<\/p>\n<p>La gama se compone de la l\u00ednea principal FL\u00c4PPS, que incluye varias estanter\u00edas de pared, una secretaria desplegable, un armario de maquillaje, armarios y la silla plegable que ocupa menos espacio del mundo.<\/p>","protected":false},"excerpt":{"rendered":"<p>Fl\u00e4pps lo organiza por ti.<\/p>\n<p>Hay que reconocer que, si necesitas una estanter\u00eda, no sueles plegarla. Pero, \u00bfqu\u00e9 mejor que saber que podr\u00edas hacerlo si quisieras? Y cuanto m\u00e1s lo piensas, m\u00e1s ideas surgen de por qu\u00e9 merece la pena plegarla.<\/p>\n<p>Incluso sin plegar, las estanter\u00edas Fl\u00e4pps enriquecen cualquier pared. Dan un marco a las cosas, ya sea en el sal\u00f3n, el estudio, el dormitorio, la cocina o el ba\u00f1o; ya sean archivos, libros grandes, libros peque\u00f1os, ropa, toallas, vajilla o simplemente baratijas. Como estante individual o como sistema de estanter\u00edas de pared.<\/p>\n<p>Y si no necesitas una estanter\u00eda en ese momento, puedes plegarla sin m\u00e1s.<\/p>","protected":false},"featured_media":9065,"template":"","meta":{"content-type":"","inline_featured_image":false},"product_brand":[],"product_cat":[39,118,64],"product_tag":[112,119,51,45,113],"class_list":{"0":"post-9064","1":"product","2":"type-product","3":"status-publish","4":"has-post-thumbnail","6":"product_cat-moebel","7":"product_cat-regale","8":"product_cat-zubehoer","9":"product_tag-einfache-selbstmontage","10":"product_tag-hersteller-ambivalenz","11":"product_tag-klappbar","12":"product_tag-platzsparend","13":"product_tag-schnelle-lieferung","15":"first","16":"instock","17":"taxable","18":"shipping-taxable","19":"purchasable","20":"product-type-simple"},"_links":{"self":[{"href":"https:\/\/xoros-home.de\/es\/wp-json\/wp\/v2\/product\/9064","targetHints":{"allow":["GET"]}}],"collection":[{"href":"https:\/\/xoros-home.de\/es\/wp-json\/wp\/v2\/product"}],"about":[{"href":"https:\/\/xoros-home.de\/es\/wp-json\/wp\/v2\/types\/product"}],"version-history":[{"count":1,"href":"https:\/\/xoros-home.de\/es\/wp-json\/wp\/v2\/product\/9064\/revisions"}],"predecessor-version":[{"id":12891,"href":"https:\/\/xoros-home.de\/es\/wp-json\/wp\/v2\/product\/9064\/revisions\/12891"}],"wp:featuredmedia":[{"embeddable":true,"href":"https:\/\/xoros-home.de\/es\/wp-json\/wp\/v2\/media\/9065"}],"wp:attachment":[{"href":"https:\/\/xoros-home.de\/es\/wp-json\/wp\/v2\/media?parent=9064"}],"wp:term":[{"taxonomy":"product_brand","embeddable":true,"href":"https:\/\/xoros-home.de\/es\/wp-json\/wp\/v2\/product_brand?post=9064"},{"taxonomy":"product_cat","embeddable":true,"href":"https:\/\/xoros-home.de\/es\/wp-json\/wp\/v2\/product_cat?post=9064"},{"taxonomy":"product_tag","embeddable":true,"href":"https:\/\/xoros-home.de\/es\/wp-json\/wp\/v2\/product_tag?post=9064"}],"curies":[{"name":"wp","href":"https:\/\/api.w.org\/{rel}","templated":true}]}}