{"id":9089,"date":"2022-07-29T14:05:29","date_gmt":"2022-07-29T12:05:29","guid":{"rendered":"https:\/\/xoros-home.de\/?post_type=product&#038;p=9089"},"modified":"2024-02-23T10:52:06","modified_gmt":"2024-02-23T09:52:06","slug":"la-secretaria-de-flaepp-en-ambivalencia","status":"publish","type":"product","link":"https:\/\/xoros-home.de\/es\/produkt\/flaepps-sekretaer-in-ambivalenz\/","title":{"rendered":"Secretaria de Fl\u00e4pp (ambivalencia)"},"content":{"rendered":"<p>Dimensiones:<br \/>\nPlegado 80 x 80 x 2 cm + soporte de pared de 1 cm<br \/>\nSuperficie de trabajo desplegada 70 x 45 cm<\/p>\n<p>Materiales: contrachapado de abedul revestido de HPL coloreado, acero inoxidable<\/p>\n<p>Capacidad de carga: 25 kg<\/p>\n<p>&nbsp;<\/p>\n<p><img decoding=\"async\" class=\"alignnone size-medium wp-image-9085\" src=\"https:\/\/xoros-home.de\/wp-content\/uploads\/2022\/07\/AMBIVALENZ_Logo_transparent-300x42.png\" alt=\"\" width=\"300\" height=\"42\" srcset=\"https:\/\/xoros-home.de\/wp-content\/uploads\/2022\/07\/AMBIVALENZ_Logo_transparent-300x42.png 300w, https:\/\/xoros-home.de\/wp-content\/uploads\/2022\/07\/AMBIVALENZ_Logo_transparent-1024x144.png 1024w, https:\/\/xoros-home.de\/wp-content\/uploads\/2022\/07\/AMBIVALENZ_Logo_transparent-768x108.png 768w, https:\/\/xoros-home.de\/wp-content\/uploads\/2022\/07\/AMBIVALENZ_Logo_transparent-1536x215.png 1536w, https:\/\/xoros-home.de\/wp-content\/uploads\/2022\/07\/AMBIVALENZ_Logo_transparent-2048x287.png 2048w, https:\/\/xoros-home.de\/wp-content\/uploads\/2022\/07\/AMBIVALENZ_Logo_transparent-600x84.png 600w\" sizes=\"(max-width: 300px) 100vw, 300px\" \/><\/p>\n<p>AMBIVALENZ fue fundada en Berl\u00edn en 2012 por el antiguo estratega de comunicaci\u00f3n Malte Grieb. Desde entonces, la marca ha desarrollado ideas para espacios modernos, m\u00f3viles y flexibles. Tendencias como la \"vida compacta\", que encarnan el deseo de una vida flexible y m\u00f3vil, se retoman y realizan con objetos modulares y cambiantes. El lema es: m\u00e1xima funci\u00f3n y m\u00e1ximo dise\u00f1o en el m\u00ednimo espacio.<\/p>\n<p>La gama se compone de la l\u00ednea principal FL\u00c4PPS, que incluye varias estanter\u00edas de pared, una secretaria desplegable, un armario de maquillaje, armarios y la silla plegable que ocupa menos espacio del mundo.<\/p>","protected":false},"excerpt":{"rendered":"<p>\u00bfLe falta espacio en su despacho? Entonces pruebe el escritorio Fl\u00e4pps con estante plegable integrado. Cuando el trabajo est\u00e1 terminado, la superficie de la estanter\u00eda permanece como espacio de almacenamiento, pero la superficie de trabajo desaparece cuando se pliega contra la pared.<\/p>\n<p>Disponible en blanco o negro.<\/p>","protected":false},"featured_media":9090,"template":"","meta":{"content-type":"","inline_featured_image":false},"product_brand":[],"product_cat":[39,40],"product_tag":[119,51,45],"class_list":{"0":"post-9089","1":"product","2":"type-product","3":"status-publish","4":"has-post-thumbnail","6":"product_cat-moebel","7":"product_cat-schreibtische","8":"product_tag-hersteller-ambivalenz","9":"product_tag-klappbar","10":"product_tag-platzsparend","12":"first","13":"instock","14":"taxable","15":"shipping-taxable","16":"purchasable","17":"product-type-simple"},"_links":{"self":[{"href":"https:\/\/xoros-home.de\/es\/wp-json\/wp\/v2\/product\/9089","targetHints":{"allow":["GET"]}}],"collection":[{"href":"https:\/\/xoros-home.de\/es\/wp-json\/wp\/v2\/product"}],"about":[{"href":"https:\/\/xoros-home.de\/es\/wp-json\/wp\/v2\/types\/product"}],"version-history":[{"count":0,"href":"https:\/\/xoros-home.de\/es\/wp-json\/wp\/v2\/product\/9089\/revisions"}],"wp:featuredmedia":[{"embeddable":true,"href":"https:\/\/xoros-home.de\/es\/wp-json\/wp\/v2\/media\/9090"}],"wp:attachment":[{"href":"https:\/\/xoros-home.de\/es\/wp-json\/wp\/v2\/media?parent=9089"}],"wp:term":[{"taxonomy":"product_brand","embeddable":true,"href":"https:\/\/xoros-home.de\/es\/wp-json\/wp\/v2\/product_brand?post=9089"},{"taxonomy":"product_cat","embeddable":true,"href":"https:\/\/xoros-home.de\/es\/wp-json\/wp\/v2\/product_cat?post=9089"},{"taxonomy":"product_tag","embeddable":true,"href":"https:\/\/xoros-home.de\/es\/wp-json\/wp\/v2\/product_tag?post=9089"}],"curies":[{"name":"wp","href":"https:\/\/api.w.org\/{rel}","templated":true}]}}