{"id":9122,"date":"2022-08-01T10:22:31","date_gmt":"2022-08-01T08:22:31","guid":{"rendered":"https:\/\/xoros-home.de\/?post_type=product&#038;p=9122"},"modified":"2024-02-23T11:44:14","modified_gmt":"2024-02-23T10:44:14","slug":"silla-giratoria-everyis1-ev156-tapizada-negra-media-alta-interchair","status":"publish","type":"product","link":"https:\/\/xoros-home.de\/es\/produkt\/drehstuhl-everyis1-ev156-gepolstert-schwarz-mittelhoch-interstuhl\/","title":{"rendered":"Silla giratoria EVERYis1 - EV156 tapizada, negra, altura media (Interstuhl)"},"content":{"rendered":"<ul>\n<li>Reverso: Tapicer\u00eda<\/li>\n<li>Color posterior: Manhattan negro grafito (MH01 \/ YI009)<\/li>\n<li>Cubierta de color, marco: Pl\u00e1stico, negro<\/li>\n<li>Lordosis: Apoyo lumbar ajustable<\/li>\n<li>Soporte lumbar de color: pl\u00e1stico antracita<\/li>\n<li>Reposabrazos: reposabrazos en T 2D, regulables en anchura y altura, blandos<\/li>\n<li>Color reposabrazos: negro<\/li>\n<li>Asiento: Tapizado<\/li>\n<li>Color asiento \/ color funda: Manhattan graphite black (MH01 \/ YI009)<\/li>\n<li>Color de la cubierta: pl\u00e1stico negro<\/li>\n<li>Estantes laterales: gris hierro Manhattan (YI363)<\/li>\n<li>Profundidad del asiento: Ajuste de la profundidad del asiento<\/li>\n<li>Mec\u00e1nica: Mec\u00e1nicos Autolift<\/li>\n<li>Mec\u00e1nica del color: negro<\/li>\n<li>Color de la cubierta: negro<\/li>\n<li>Base: Base de pl\u00e1stico<\/li>\n<li>Color base: negro<\/li>\n<li>Ruedas: Ruedas dobles blandas<\/li>\n<li>Color ruedas: negro<\/li>\n<li>Tipo de montaje: Desmontado en caja de cart\u00f3n<\/li>\n<\/ul>","protected":false},"excerpt":{"rendered":"<p>La silla giratoria EV156 de la serie de productos \"EVERYis1\" es sin\u00f3nimo de propiedades de asiento perfectas, eficacia funcional y m\u00e1ximo rendimiento cuando se est\u00e1 sentado. Por ello, la silla giratoria es la soluci\u00f3n ideal para quienes buscan una silla que no domine la habitaci\u00f3n, sino que se integre sin esfuerzo en su entorno. Es la silla perfecta para cualquiera que valore sentarse de forma c\u00f3moda y saludable. Equipada con un mecanismo autolift sincronizado y un soporte lumbar ajustable, ofrece una experiencia de asiento ergon\u00f3mica y c\u00f3moda en todos los sentidos.<\/p>\n<p>El fabricante Interstuhl es una empresa familiar alemana con sede en el sur del pa\u00eds y uno de los fabricantes de sillas de oficina m\u00e1s conocidos y grandes de Alemania.<\/p>","protected":false},"featured_media":9126,"template":"","meta":{"content-type":"","inline_featured_image":false},"product_brand":[],"product_cat":[190,39,192,41],"product_tag":[112,44,120,108,45,113],"class_list":{"0":"post-9122","1":"product","2":"type-product","3":"status-publish","4":"has-post-thumbnail","6":"product_cat-homeoffice-specials","7":"product_cat-moebel","8":"product_cat-office-drehstuehle","9":"product_cat-schreibtischstuehle","10":"product_tag-einfache-selbstmontage","11":"product_tag-ergonomisch","12":"product_tag-hersteller-interstuhl","13":"product_tag-made-in-germany","14":"product_tag-platzsparend","15":"product_tag-schnelle-lieferung","17":"first","18":"instock","19":"taxable","20":"shipping-taxable","21":"purchasable","22":"product-type-simple"},"_links":{"self":[{"href":"https:\/\/xoros-home.de\/es\/wp-json\/wp\/v2\/product\/9122","targetHints":{"allow":["GET"]}}],"collection":[{"href":"https:\/\/xoros-home.de\/es\/wp-json\/wp\/v2\/product"}],"about":[{"href":"https:\/\/xoros-home.de\/es\/wp-json\/wp\/v2\/types\/product"}],"version-history":[{"count":0,"href":"https:\/\/xoros-home.de\/es\/wp-json\/wp\/v2\/product\/9122\/revisions"}],"wp:featuredmedia":[{"embeddable":true,"href":"https:\/\/xoros-home.de\/es\/wp-json\/wp\/v2\/media\/9126"}],"wp:attachment":[{"href":"https:\/\/xoros-home.de\/es\/wp-json\/wp\/v2\/media?parent=9122"}],"wp:term":[{"taxonomy":"product_brand","embeddable":true,"href":"https:\/\/xoros-home.de\/es\/wp-json\/wp\/v2\/product_brand?post=9122"},{"taxonomy":"product_cat","embeddable":true,"href":"https:\/\/xoros-home.de\/es\/wp-json\/wp\/v2\/product_cat?post=9122"},{"taxonomy":"product_tag","embeddable":true,"href":"https:\/\/xoros-home.de\/es\/wp-json\/wp\/v2\/product_tag?post=9122"}],"curies":[{"name":"wp","href":"https:\/\/api.w.org\/{rel}","templated":true}]}}