{"id":9132,"date":"2022-08-01T11:09:34","date_gmt":"2022-08-01T09:09:34","guid":{"rendered":"https:\/\/xoros-home.de\/?post_type=product&#038;p=9132"},"modified":"2024-02-23T11:44:46","modified_gmt":"2024-02-23T10:44:46","slug":"silla-ergonomica-giratoria-con-reposacabezas-179rs-tapizado-negro-interstuhl","status":"publish","type":"product","link":"https:\/\/xoros-home.de\/es\/produkt\/ergonomischer-drehstuhl-mit-kopfstuetze-179rs-gepolstert-schwarz-interstuhl\/","title":{"rendered":"Silla ergon\u00f3mica giratoria con reposacabezas - 179RS tapizado, negro (Interstuhl)"},"content":{"rendered":"<ul>\n<li>Reverso: Tapicer\u00eda<\/li>\n<li>Color de fondo: negro Luc\u00eda (5800 \/ YP009)<\/li>\n<li>Cubierta de color, marco: Pl\u00e1stico, negro<\/li>\n<li>Lordosis: Apoyo lumbar ajustable<\/li>\n<li>Color del protector de cuello: negro Luc\u00eda (YP009)<\/li>\n<li>Soporte lumbar de color: pl\u00e1stico negro<\/li>\n<li>Reposabrazos: 4D T-AL, regulables en anchura, altura, profundidad, giratorios, blandos<\/li>\n<li>Reposabrazos de color: Pl\u00e1stico negro<\/li>\n<li>Asiento: Tapizado<\/li>\n<li>Color asiento \/ color funda: negro Lucia (5800 \/ YP009)<\/li>\n<li>Profundidad del asiento: Ajuste de la profundidad del asiento<\/li>\n<li>Mec\u00e1nica: Mec\u00e1nicos Autolift<\/li>\n<li>Mec\u00e1nica del color: negro<\/li>\n<li>Inclinaci\u00f3n del asiento: con ajuste de la inclinaci\u00f3n del asiento<\/li>\n<li>Base: Base de pl\u00e1stico<\/li>\n<li>Color base: negro<\/li>\n<li>Ruedas: Ruedas dobles blandas<\/li>\n<li>Color ruedas: negro<\/li>\n<li>Tipo de montaje: Desmontado en caja de cart\u00f3n<\/li>\n<\/ul>","protected":false},"excerpt":{"rendered":"<p>El exitoso modelo 179RS impresiona en muchos aspectos: Apoya de forma \u00f3ptima la zona lumbar y tambi\u00e9n proporciona relajaci\u00f3n en la zona del cuello y los hombros. El reposacabezas ergon\u00f3mico alivia perfectamente la columna cervical al inclinarse hacia atr\u00e1s, lo que tiene un efecto suave sobre los discos intervertebrales. Toda la espalda puede relajarse incluso al inclinarse brevemente hacia atr\u00e1s durante una llamada telef\u00f3nica, lo que evita tensiones.<\/p>\n<p>El fabricante Interstuhl es una empresa familiar alemana con sede en el sur del pa\u00eds y uno de los fabricantes de sillas de oficina m\u00e1s conocidos y grandes de Alemania.<\/p>","protected":false},"featured_media":9133,"template":"","meta":{"content-type":"","inline_featured_image":false},"product_brand":[],"product_cat":[190,39,192,41],"product_tag":[112,44,120,108,113],"class_list":{"0":"post-9132","1":"product","2":"type-product","3":"status-publish","4":"has-post-thumbnail","6":"product_cat-homeoffice-specials","7":"product_cat-moebel","8":"product_cat-office-drehstuehle","9":"product_cat-schreibtischstuehle","10":"product_tag-einfache-selbstmontage","11":"product_tag-ergonomisch","12":"product_tag-hersteller-interstuhl","13":"product_tag-made-in-germany","14":"product_tag-schnelle-lieferung","16":"first","17":"instock","18":"taxable","19":"shipping-taxable","20":"purchasable","21":"product-type-simple"},"_links":{"self":[{"href":"https:\/\/xoros-home.de\/es\/wp-json\/wp\/v2\/product\/9132","targetHints":{"allow":["GET"]}}],"collection":[{"href":"https:\/\/xoros-home.de\/es\/wp-json\/wp\/v2\/product"}],"about":[{"href":"https:\/\/xoros-home.de\/es\/wp-json\/wp\/v2\/types\/product"}],"version-history":[{"count":1,"href":"https:\/\/xoros-home.de\/es\/wp-json\/wp\/v2\/product\/9132\/revisions"}],"predecessor-version":[{"id":13575,"href":"https:\/\/xoros-home.de\/es\/wp-json\/wp\/v2\/product\/9132\/revisions\/13575"}],"wp:featuredmedia":[{"embeddable":true,"href":"https:\/\/xoros-home.de\/es\/wp-json\/wp\/v2\/media\/9133"}],"wp:attachment":[{"href":"https:\/\/xoros-home.de\/es\/wp-json\/wp\/v2\/media?parent=9132"}],"wp:term":[{"taxonomy":"product_brand","embeddable":true,"href":"https:\/\/xoros-home.de\/es\/wp-json\/wp\/v2\/product_brand?post=9132"},{"taxonomy":"product_cat","embeddable":true,"href":"https:\/\/xoros-home.de\/es\/wp-json\/wp\/v2\/product_cat?post=9132"},{"taxonomy":"product_tag","embeddable":true,"href":"https:\/\/xoros-home.de\/es\/wp-json\/wp\/v2\/product_tag?post=9132"}],"curies":[{"name":"wp","href":"https:\/\/api.w.org\/{rel}","templated":true}]}}