{"id":9156,"date":"2022-08-02T15:19:35","date_gmt":"2022-08-02T13:19:35","guid":{"rendered":"https:\/\/xoros-home.de\/?post_type=product&#038;p=9156"},"modified":"2023-11-06T15:09:47","modified_gmt":"2023-11-06T14:09:47","slug":"tapizado-silla-giratoria-everyis1-ev116-diferentes-configuraciones-de-color-interstuhl","status":"publish","type":"product","link":"https:\/\/xoros-home.de\/es\/produkt\/polster-drehstuhl-everyis1-ev116-verschiedene-farbkonfigurationen-interstuhl\/","title":{"rendered":"Silla giratoria tapizada EVERYis1 - EV116 varias configuraciones de color (Interstuhl)"},"content":{"rendered":"<ul>\n<li>Reverso: Tapicer\u00eda<\/li>\n<li>Color de fondo: azul brillante (CSE08) o gris cuarzo (CSE13)<\/li>\n<li>Cubierta en color, marco trasero: Pl\u00e1stico, opcionalmente negro o blanco<\/li>\n<li>Reposabrazos: reposabrazos en T 2D, regulables en anchura y altura, blandos<\/li>\n<li>Color reposabrazos: blanco<\/li>\n<li>Asiento: tapizado con tejido \"Era<\/li>\n<li>Color del asiento\/tapa: azul brillante (CSE08) o gris cuarzo (CSE13)<\/li>\n<li>Mec\u00e1nica: Mecanismo sincronizado<\/li>\n<li>Mec\u00e1nica del color: negro<\/li>\n<li>Color de la cubierta: negro<\/li>\n<li>Base: Base de pl\u00e1stico<\/li>\n<li>Color de la base: blanco o negro<\/li>\n<li>Ruedas: Ruedas dobles blandas<\/li>\n<li>Color ruedas: negro<\/li>\n<li>Tipo de montaje: Desmontado en caja de cart\u00f3n<\/li>\n<\/ul>\n<p>&nbsp;<\/p>\n<p><strong>Mecanismo sincronizado Interstuhl:<\/strong><\/p>\n<p>Ajuste perfecto - asiento individualizado: Con el mecanismo sincronizado Interstuhl, la contrapresi\u00f3n del respaldo puede ajustarse con precisi\u00f3n a cada usuario. El mecanismo sincronizado Interstuhl apoya el cuerpo de forma \u00f3ptima en cualquier posici\u00f3n. La fuerza de recuperaci\u00f3n del movimiento sincronizado puede ajustarse individualmente al usuario y a su peso corporal en siete etapas. Fomenta un cambio constante de postura y promueve as\u00ed una forma de sentarse activa y saludable.<\/p>","protected":false},"excerpt":{"rendered":"<p>La EVERYis1 es uno de los cl\u00e1sicos de las sillas giratorias de Interstuhl. La variante del modelo EV116 est\u00e1 equipada con un respaldo acolchado de altura media, un asiento acolchado confort y el mecanismo sincronizado de Interstuhl, que permite ajustar el peso en varios niveles. El tapizado del respaldo y el asiento est\u00e1n disponibles en diferentes colores, mientras que el armaz\u00f3n del respaldo y la base est\u00e1n disponibles en blanco o negro.<\/p>\n<p>El fabricante Interstuhl es una empresa familiar alemana con sede en el sur del pa\u00eds y uno de los fabricantes de sillas de oficina m\u00e1s conocidos y grandes de Alemania.<\/p>","protected":false},"featured_media":9162,"template":"","meta":{"content-type":"","inline_featured_image":false},"product_brand":[],"product_cat":[41,39],"product_tag":[112,44,120,108,113],"class_list":{"0":"post-9156","1":"product","2":"type-product","3":"status-publish","4":"has-post-thumbnail","6":"product_cat-schreibtischstuehle","7":"product_cat-moebel","8":"product_tag-einfache-selbstmontage","9":"product_tag-ergonomisch","10":"product_tag-hersteller-interstuhl","11":"product_tag-made-in-germany","12":"product_tag-schnelle-lieferung","14":"first","15":"instock","16":"taxable","17":"shipping-taxable","18":"purchasable","19":"product-type-simple"},"_links":{"self":[{"href":"https:\/\/xoros-home.de\/es\/wp-json\/wp\/v2\/product\/9156","targetHints":{"allow":["GET"]}}],"collection":[{"href":"https:\/\/xoros-home.de\/es\/wp-json\/wp\/v2\/product"}],"about":[{"href":"https:\/\/xoros-home.de\/es\/wp-json\/wp\/v2\/types\/product"}],"version-history":[{"count":1,"href":"https:\/\/xoros-home.de\/es\/wp-json\/wp\/v2\/product\/9156\/revisions"}],"predecessor-version":[{"id":12890,"href":"https:\/\/xoros-home.de\/es\/wp-json\/wp\/v2\/product\/9156\/revisions\/12890"}],"wp:featuredmedia":[{"embeddable":true,"href":"https:\/\/xoros-home.de\/es\/wp-json\/wp\/v2\/media\/9162"}],"wp:attachment":[{"href":"https:\/\/xoros-home.de\/es\/wp-json\/wp\/v2\/media?parent=9156"}],"wp:term":[{"taxonomy":"product_brand","embeddable":true,"href":"https:\/\/xoros-home.de\/es\/wp-json\/wp\/v2\/product_brand?post=9156"},{"taxonomy":"product_cat","embeddable":true,"href":"https:\/\/xoros-home.de\/es\/wp-json\/wp\/v2\/product_cat?post=9156"},{"taxonomy":"product_tag","embeddable":true,"href":"https:\/\/xoros-home.de\/es\/wp-json\/wp\/v2\/product_tag?post=9156"}],"curies":[{"name":"wp","href":"https:\/\/api.w.org\/{rel}","templated":true}]}}