{"id":9191,"date":"2022-08-05T16:38:26","date_gmt":"2022-08-05T14:38:26","guid":{"rendered":"https:\/\/xoros-home.de\/?post_type=product&#038;p=9191"},"modified":"2024-02-23T10:51:09","modified_gmt":"2024-02-23T09:51:09","slug":"selab-e-desk-a-likewood-roble-natural-sedus","status":"publish","type":"product","link":"https:\/\/xoros-home.de\/es\/produkt\/selab-e-desk-a-likewood-eiche-natur-sedus\/","title":{"rendered":"se:lab e-desk A \"likewood roble natural\" (SEDUS)"},"content":{"rendered":"<p><strong>Escritorio de altura regulable el\u00e9ctricamente de SEDUS: se:lab e-desk A<\/strong><\/p>\n<ul>\n<li>Dimensiones: 1400 mm x 700 mm<\/li>\n<li>Espesor del panel 19 mm, esquinas redondeadas<\/li>\n<li>Superficie de melamina resistente en \"likewood roble (N10)\"<\/li>\n<li>Bastidor tubular redondo en forma de A, negro con ajuste de altura electromotriz 650-1280 mm<\/li>\n<li>Elemento de control para el ajuste de la altura con pantalla y cargador USB, montado a la derecha<\/li>\n<li>Opcionalmente con bandeja de cables abatible<\/li>\n<\/ul>\n<p>&nbsp;<\/p>\n<p><img decoding=\"async\" class=\"alignnone size-full wp-image-8678\" src=\"https:\/\/xoros-home.de\/wp-content\/uploads\/2022\/06\/Sedus-Logo200.png\" alt=\"\" width=\"200\" height=\"90\" \/><\/p>","protected":false},"excerpt":{"rendered":"<p>Una elegante combinaci\u00f3n para la oficina en casa: marco negro + tablero con aspecto de roble. El revestimiento de melamina de alta calidad del tablero de la mesa parece \"roble natural\", pero es tan f\u00e1cil de limpiar y resistente al agua como podr\u00eda serlo la madera aut\u00e9ntica.<\/p>\n<p>Este \"e-desk A\" de la gama de productos \"se:lab\" del fabricante SEDUS est\u00e1 equipado con un elemento de control premium para el ajuste de la altura, que dispone de una pantalla y un cargador USB integrado.<\/p>\n<p>&nbsp;<\/p>","protected":false},"featured_media":9192,"template":"","meta":{"content-type":"","inline_featured_image":false},"product_brand":[],"product_cat":[189,39,40],"product_tag":[44,107,46,108],"class_list":{"0":"post-9191","1":"product","2":"type-product","3":"status-publish","4":"has-post-thumbnail","6":"product_cat-office-schreibtische","7":"product_cat-moebel","8":"product_cat-schreibtische","9":"product_tag-ergonomisch","10":"product_tag-hersteller-sedus","11":"product_tag-hoehenverstellbar","12":"product_tag-made-in-germany","14":"first","15":"instock","16":"taxable","17":"shipping-taxable","18":"purchasable","19":"product-type-simple"},"_links":{"self":[{"href":"https:\/\/xoros-home.de\/es\/wp-json\/wp\/v2\/product\/9191","targetHints":{"allow":["GET"]}}],"collection":[{"href":"https:\/\/xoros-home.de\/es\/wp-json\/wp\/v2\/product"}],"about":[{"href":"https:\/\/xoros-home.de\/es\/wp-json\/wp\/v2\/types\/product"}],"version-history":[{"count":0,"href":"https:\/\/xoros-home.de\/es\/wp-json\/wp\/v2\/product\/9191\/revisions"}],"wp:featuredmedia":[{"embeddable":true,"href":"https:\/\/xoros-home.de\/es\/wp-json\/wp\/v2\/media\/9192"}],"wp:attachment":[{"href":"https:\/\/xoros-home.de\/es\/wp-json\/wp\/v2\/media?parent=9191"}],"wp:term":[{"taxonomy":"product_brand","embeddable":true,"href":"https:\/\/xoros-home.de\/es\/wp-json\/wp\/v2\/product_brand?post=9191"},{"taxonomy":"product_cat","embeddable":true,"href":"https:\/\/xoros-home.de\/es\/wp-json\/wp\/v2\/product_cat?post=9191"},{"taxonomy":"product_tag","embeddable":true,"href":"https:\/\/xoros-home.de\/es\/wp-json\/wp\/v2\/product_tag?post=9191"}],"curies":[{"name":"wp","href":"https:\/\/api.w.org\/{rel}","templated":true}]}}