{"id":9284,"date":"2022-08-22T17:59:56","date_gmt":"2022-08-22T15:59:56","guid":{"rendered":"https:\/\/xoros-home.de\/?post_type=product&#038;p=9284"},"modified":"2024-02-22T18:25:51","modified_gmt":"2024-02-22T17:25:51","slug":"hiya-mesa-regulable-en-altura-blanco-negro-haworth","status":"publish","type":"product","link":"https:\/\/xoros-home.de\/es\/produkt\/hiya-hoehenverstellbarer-tisch-weiss-schwarz-haworth\/","title":{"rendered":"HiYa - mesa regulable en altura \"blanco-negro\" (Haworth)"},"content":{"rendered":"<p><strong>Caracter\u00edsticas del escritorio:<\/strong><\/p>\n<ul>\n<li>Altura regulable entre 65-130 cm<\/li>\n<li>Panel de 25 mm de grosor<\/li>\n<li>Tablero de melamina edelweiss<\/li>\n<li>Color del marco en negro<\/li>\n<li>Tambi\u00e9n disponible en tama\u00f1os especiales en incrementos de cent\u00edmetros entre 120 cm y 180 cm de ancho bajo pedido (profundidad posible: 70, 80 o 90 cm).<\/li>\n<\/ul>\n<p>&nbsp;<\/p>\n<p><img decoding=\"async\" class=\"alignnone size-medium wp-image-9311\" src=\"https:\/\/xoros-home.de\/wp-content\/uploads\/2022\/08\/Haworth_Logo_Black-300x36.png\" alt=\"\" width=\"300\" height=\"36\" srcset=\"https:\/\/xoros-home.de\/wp-content\/uploads\/2022\/08\/Haworth_Logo_Black-300x36.png 300w, https:\/\/xoros-home.de\/wp-content\/uploads\/2022\/08\/Haworth_Logo_Black-1024x124.png 1024w, https:\/\/xoros-home.de\/wp-content\/uploads\/2022\/08\/Haworth_Logo_Black-768x93.png 768w, https:\/\/xoros-home.de\/wp-content\/uploads\/2022\/08\/Haworth_Logo_Black-600x73.png 600w, https:\/\/xoros-home.de\/wp-content\/uploads\/2022\/08\/Haworth_Logo_Black.png 1320w\" sizes=\"(max-width: 300px) 100vw, 300px\" \/><\/p>","protected":false},"excerpt":{"rendered":"<p>HiYa\" es un escritorio independiente de altura regulable con un intuitivo \"mando de palanca\" de Haworth, uno de los mayores fabricantes familiares de mobiliario de oficina del mundo. La mesa de altura regulable el\u00e9ctricamente cumple la normativa GS, est\u00e1 equipada con protecci\u00f3n anticolisi\u00f3n integrada y motores silenciosos, y satisface sin concesiones los requisitos ergon\u00f3micos de sus usuarios.<\/p>\n<p>&nbsp;<\/p>\n<p>&nbsp;<\/p>","protected":false},"featured_media":9285,"template":"","meta":{"content-type":"","inline_featured_image":false},"product_brand":[],"product_cat":[189,39,40],"product_tag":[44,121,46],"class_list":{"0":"post-9284","1":"product","2":"type-product","3":"status-publish","4":"has-post-thumbnail","6":"product_cat-office-schreibtische","7":"product_cat-moebel","8":"product_cat-schreibtische","9":"product_tag-ergonomisch","10":"product_tag-hersteller-haworth","11":"product_tag-hoehenverstellbar","13":"first","14":"instock","15":"taxable","16":"shipping-taxable","17":"purchasable","18":"product-type-simple"},"_links":{"self":[{"href":"https:\/\/xoros-home.de\/es\/wp-json\/wp\/v2\/product\/9284","targetHints":{"allow":["GET"]}}],"collection":[{"href":"https:\/\/xoros-home.de\/es\/wp-json\/wp\/v2\/product"}],"about":[{"href":"https:\/\/xoros-home.de\/es\/wp-json\/wp\/v2\/types\/product"}],"version-history":[{"count":1,"href":"https:\/\/xoros-home.de\/es\/wp-json\/wp\/v2\/product\/9284\/revisions"}],"predecessor-version":[{"id":9299,"href":"https:\/\/xoros-home.de\/es\/wp-json\/wp\/v2\/product\/9284\/revisions\/9299"}],"wp:featuredmedia":[{"embeddable":true,"href":"https:\/\/xoros-home.de\/es\/wp-json\/wp\/v2\/media\/9285"}],"wp:attachment":[{"href":"https:\/\/xoros-home.de\/es\/wp-json\/wp\/v2\/media?parent=9284"}],"wp:term":[{"taxonomy":"product_brand","embeddable":true,"href":"https:\/\/xoros-home.de\/es\/wp-json\/wp\/v2\/product_brand?post=9284"},{"taxonomy":"product_cat","embeddable":true,"href":"https:\/\/xoros-home.de\/es\/wp-json\/wp\/v2\/product_cat?post=9284"},{"taxonomy":"product_tag","embeddable":true,"href":"https:\/\/xoros-home.de\/es\/wp-json\/wp\/v2\/product_tag?post=9284"}],"curies":[{"name":"wp","href":"https:\/\/api.w.org\/{rel}","templated":true}]}}