{"id":9738,"date":"2022-10-14T16:11:33","date_gmt":"2022-10-14T14:11:33","guid":{"rendered":"https:\/\/xoros-home.de\/?post_type=product&#038;p=9738"},"modified":"2024-02-22T18:24:56","modified_gmt":"2024-02-22T17:24:56","slug":"la-ambivalencia-del-secretario-de-estado-flaepp","status":"publish","type":"product","link":"https:\/\/xoros-home.de\/es\/produkt\/flaepps-staatssekretaerin-ambivalenz\/","title":{"rendered":"Fl\u00e4pps Secretario de Estado (Ambivalencia)"},"content":{"rendered":"<p><strong>Dimensiones versi\u00f3n peque\u00f1a:<\/strong><\/p>\n<p>Plegado 80 x 50 x 2 cm + soporte de pared de 4 cm<br \/>\nSuperficie de trabajo desplegada 70 x 40 cm<\/p>\n<p><strong>Dimensiones versi\u00f3n grande:<\/strong><\/p>\n<p>Plegado 100 x 60 x 2 cm + soporte de pared de 4 cm<br \/>\nSuperficie de trabajo desplegada 90 x 50 cm<\/p>\n<p><strong>Materiales:<\/strong> Madera contrachapada de abedul revestida de HPL coloreado, acero inoxidable<\/p>\n<p><strong>Resiliencia:<\/strong> 25 kg<\/p>\n<p>&nbsp;<\/p>\n<p><img decoding=\"async\" class=\"alignnone size-medium wp-image-9085\" src=\"https:\/\/xoros-home.de\/wp-content\/uploads\/2022\/07\/AMBIVALENZ_Logo_transparent-300x42.png\" alt=\"\" width=\"300\" height=\"42\" srcset=\"https:\/\/xoros-home.de\/wp-content\/uploads\/2022\/07\/AMBIVALENZ_Logo_transparent-300x42.png 300w, https:\/\/xoros-home.de\/wp-content\/uploads\/2022\/07\/AMBIVALENZ_Logo_transparent-1024x144.png 1024w, https:\/\/xoros-home.de\/wp-content\/uploads\/2022\/07\/AMBIVALENZ_Logo_transparent-768x108.png 768w, https:\/\/xoros-home.de\/wp-content\/uploads\/2022\/07\/AMBIVALENZ_Logo_transparent-1536x215.png 1536w, https:\/\/xoros-home.de\/wp-content\/uploads\/2022\/07\/AMBIVALENZ_Logo_transparent-2048x287.png 2048w, https:\/\/xoros-home.de\/wp-content\/uploads\/2022\/07\/AMBIVALENZ_Logo_transparent-600x84.png 600w\" sizes=\"(max-width: 300px) 100vw, 300px\" \/><\/p>\n<p>AMBIVALENZ fue fundada en Berl\u00edn en 2012 por el antiguo estratega de comunicaci\u00f3n Malte Grieb. Desde entonces, la marca ha desarrollado ideas para espacios modernos, m\u00f3viles y flexibles. Tendencias como la \"vida compacta\", que encarnan el deseo de una vida flexible y m\u00f3vil, se retoman y realizan con objetos modulares y cambiantes. El lema es: m\u00e1xima funci\u00f3n y m\u00e1ximo dise\u00f1o en el m\u00ednimo espacio.<\/p>\n<p>La gama se compone de la l\u00ednea principal FL\u00c4PPS, que incluye varias estanter\u00edas de pared, una secretaria desplegable, un armario de maquillaje, armarios y la silla plegable que ocupa menos espacio del mundo.<\/p>","protected":false},"excerpt":{"rendered":"<p>\u00bfMuro, lugar de trabajo, trabajo? Col\u00f3quelo, pli\u00e9guelo y \u00a1a trabajar!<\/p>\n<p>Con su reserva de estadista, apenas se ve todo el potencial del plegado secretario de Estado. Pero la diplomacia se acaba cuando se despliega. Entonces, el secretario montado en la pared presume de su poder funcional concentrado en un espacio m\u00ednimo.<\/p>\n<p>Con un grosor total de s\u00f3lo 6 cm, la bolsa interior de lona minimalista ofrece espacio para un ordenador port\u00e1til, una fuente de alimentaci\u00f3n, una revista y, por supuesto, tijeras, bol\u00edgrafo y papel.<\/p>\n<p>Disponible en blanco o negro.<\/p>","protected":false},"featured_media":9749,"template":"","meta":{"content-type":"","inline_featured_image":false},"product_brand":[],"product_cat":[191,39,40],"product_tag":[119,51,45],"class_list":{"0":"post-9738","1":"product","2":"type-product","3":"status-publish","4":"has-post-thumbnail","6":"product_cat-homeoffice-design-premium","7":"product_cat-moebel","8":"product_cat-schreibtische","9":"product_tag-hersteller-ambivalenz","10":"product_tag-klappbar","11":"product_tag-platzsparend","13":"first","14":"instock","15":"taxable","16":"shipping-taxable","17":"purchasable","18":"product-type-simple"},"_links":{"self":[{"href":"https:\/\/xoros-home.de\/es\/wp-json\/wp\/v2\/product\/9738","targetHints":{"allow":["GET"]}}],"collection":[{"href":"https:\/\/xoros-home.de\/es\/wp-json\/wp\/v2\/product"}],"about":[{"href":"https:\/\/xoros-home.de\/es\/wp-json\/wp\/v2\/types\/product"}],"version-history":[{"count":0,"href":"https:\/\/xoros-home.de\/es\/wp-json\/wp\/v2\/product\/9738\/revisions"}],"wp:featuredmedia":[{"embeddable":true,"href":"https:\/\/xoros-home.de\/es\/wp-json\/wp\/v2\/media\/9749"}],"wp:attachment":[{"href":"https:\/\/xoros-home.de\/es\/wp-json\/wp\/v2\/media?parent=9738"}],"wp:term":[{"taxonomy":"product_brand","embeddable":true,"href":"https:\/\/xoros-home.de\/es\/wp-json\/wp\/v2\/product_brand?post=9738"},{"taxonomy":"product_cat","embeddable":true,"href":"https:\/\/xoros-home.de\/es\/wp-json\/wp\/v2\/product_cat?post=9738"},{"taxonomy":"product_tag","embeddable":true,"href":"https:\/\/xoros-home.de\/es\/wp-json\/wp\/v2\/product_tag?post=9738"}],"curies":[{"name":"wp","href":"https:\/\/api.w.org\/{rel}","templated":true}]}}