{"id":12176,"date":"2023-06-08T12:32:26","date_gmt":"2023-06-08T10:32:26","guid":{"rendered":"https:\/\/xoros-home.de\/?page_id=12176"},"modified":"2024-03-28T12:34:04","modified_gmt":"2024-03-28T11:34:04","slug":"registre","status":"publish","type":"page","link":"https:\/\/xoros-home.de\/fr\/register\/","title":{"rendered":"Inscription au compte d'essai"},"content":{"rendered":"<div data-elementor-type=\"wp-page\" data-elementor-id=\"12176\" class=\"elementor elementor-12176\" data-elementor-settings=\"{&quot;ha_cmc_init_switcher&quot;:&quot;no&quot;}\" data-elementor-post-type=\"page\">\n\t\t\t\t\t\t<section class=\"elementor-section elementor-top-section elementor-element elementor-element-75b6372 elementor-section-height-min-height elementor-section-boxed elementor-section-height-default elementor-section-items-middle\" data-id=\"75b6372\" data-element_type=\"section\" data-e-type=\"section\">\n\t\t\t\t\t\t<div class=\"elementor-container elementor-column-gap-default\">\n\t\t\t\t\t<div class=\"elementor-column elementor-col-100 elementor-top-column elementor-element elementor-element-cc288f4\" data-id=\"cc288f4\" data-element_type=\"column\" data-e-type=\"column\">\n\t\t\t<div class=\"elementor-widget-wrap elementor-element-populated\">\n\t\t\t\t\t\t<div class=\"elementor-element elementor-element-1a73402 elementor-widget elementor-widget-heading\" data-id=\"1a73402\" data-element_type=\"widget\" data-e-type=\"widget\" data-widget_type=\"heading.default\">\n\t\t\t\t<div class=\"elementor-widget-container\">\n\t\t\t\t\t<h1 class=\"elementor-heading-title elementor-size-default\">Inscription \u00e0 la plateforme de location<\/h1>\t\t\t\t<\/div>\n\t\t\t\t<\/div>\n\t\t\t\t<div class=\"elementor-element elementor-element-88f3233 elementor-widget elementor-widget-text-editor\" data-id=\"88f3233\" data-element_type=\"widget\" data-e-type=\"widget\" data-widget_type=\"text-editor.default\">\n\t\t\t\t<div class=\"elementor-widget-container\">\n\t\t\t\t\t\t\t\t\t<p>Inscrivez-vous d\u00e8s maintenant et b\u00e9n\u00e9ficiez de 30 jours d'acc\u00e8s gratuit \u00e0 la plate-forme !<\/p><ul><li>toutes les fonctions de la plateforme sont incluses<\/li><li>d\u00e9couvrez \u00e0 quel point il est facile d'\u00e9quiper des \u00e9quipes de travail hybrides<\/li><li>notre service vous aide \u00e0 faire vos premiers pas<\/li><\/ul>\t\t\t\t\t\t\t\t<\/div>\n\t\t\t\t<\/div>\n\t\t\t\t<div class=\"elementor-element elementor-element-396e647 elementor-widget elementor-widget-shortcode\" data-id=\"396e647\" data-element_type=\"widget\" data-e-type=\"widget\" data-widget_type=\"shortcode.default\">\n\t\t\t\t<div class=\"elementor-widget-container\">\n\t\t\t\t\t\t\t<div class=\"elementor-shortcode\">\n<div class=\"wpcf7 no-js\" id=\"wpcf7-f12587-o1\" lang=\"de-DE\" dir=\"ltr\" data-wpcf7-id=\"12587\">\n<div class=\"screen-reader-response\"><p role=\"status\" aria-live=\"polite\" aria-atomic=\"true\"><\/p> <ul><\/ul><\/div>\n<form action=\"\/fr\/wp-json\/wp\/v2\/pages\/12176#wpcf7-f12587-o1\" method=\"post\" class=\"wpcf7-form init\" aria-label=\"Formulaire de contact\" novalidate=\"novalidate\" data-status=\"init\" data-trp-original-action=\"\/fr\/wp-json\/wp\/v2\/pages\/12176#wpcf7-f12587-o1\">\n<fieldset class=\"hidden-fields-container\"><input type=\"hidden\" name=\"_wpcf7\" value=\"12587\" \/><input type=\"hidden\" name=\"_wpcf7_version\" value=\"6.1.5\" \/><input type=\"hidden\" name=\"_wpcf7_locale\" value=\"de_DE\" \/><input type=\"hidden\" name=\"_wpcf7_unit_tag\" value=\"wpcf7-f12587-o1\" \/><input type=\"hidden\" name=\"_wpcf7_container_post\" value=\"0\" \/><input type=\"hidden\" name=\"_wpcf7_posted_data_hash\" value=\"\" \/>\n<\/fieldset>\n<input class=\"wpcf7-form-control wpcf7-hidden\" value=\"150\" type=\"hidden\" name=\"amount\" \/>\n<p><b>Donn\u00e9es personnelles pour le compte d'essai :<\/b>\n<\/p>\n<div class=\"xoros-cf-row\">\n\t<div class=\"xoros-cf-col-50\">\n\t\t<p><span class=\"wpcf7-form-control-wrap\" data-name=\"name-302\"><input size=\"40\" maxlength=\"400\" class=\"wpcf7-form-control wpcf7-text wpcf7-validates-as-required\" aria-required=\"true\" aria-invalid=\"false\" placeholder=\"Pr\u00e9nom + nom de famille\" value=\"\" type=\"text\" name=\"name-302\" \/><\/span>\n\t\t<\/p>\n\t<\/div>\n\t<div class=\"xoros-cf-col-50\">\n\t\t<p><span class=\"wpcf7-form-control-wrap\" data-name=\"tel-496\"><input size=\"40\" maxlength=\"400\" class=\"wpcf7-form-control wpcf7-tel wpcf7-text wpcf7-validates-as-tel\" aria-invalid=\"false\" placeholder=\"Num\u00e9ro de t\u00e9l\u00e9phone\" value=\"\" type=\"tel\" name=\"tel-496\" \/><\/span>\n\t\t<\/p>\n\t<\/div>\n<\/div>\n<div class=\"xoros-cf-row\">\n\t<div class=\"xoros-cf-col-100\">\n\t\t<p><span class=\"wpcf7-form-control-wrap\" data-name=\"email-418\"><input size=\"40\" maxlength=\"400\" class=\"wpcf7-form-control wpcf7-email wpcf7-validates-as-required wpcf7-text wpcf7-validates-as-email\" aria-required=\"true\" aria-invalid=\"false\" placeholder=\"Adresse \u00e9lectronique\" value=\"\" type=\"email\" name=\"email-418\" \/><\/span>\n\t\t<\/p>\n\t<\/div>\n<\/div>\n<p><b>Informations sur l'entreprise :<\/b>\n<\/p>\n<div class=\"xoros-cf-row\">\n\t<div class=\"xoros-cf-col-50\">\n\t\t<p><span class=\"wpcf7-form-control-wrap\" data-name=\"unternehmen-442\"><input size=\"40\" maxlength=\"400\" class=\"wpcf7-form-control wpcf7-text wpcf7-validates-as-required\" aria-required=\"true\" aria-invalid=\"false\" placeholder=\"Entreprise\" value=\"\" type=\"text\" name=\"unternehmen-442\" \/><\/span>\n\t\t<\/p>\n\t<\/div>\n\t<div class=\"xoros-cf-col-50\">\n\t\t<p><span class=\"wpcf7-form-control-wrap\" data-name=\"mitarb-898\"><input size=\"40\" maxlength=\"400\" class=\"wpcf7-form-control wpcf7-text wpcf7-validates-as-required\" aria-required=\"true\" aria-invalid=\"false\" placeholder=\"Nombre d&#039;employ\u00e9s\" value=\"\" type=\"text\" name=\"mitarb-898\" \/><\/span>\n\t\t<\/p>\n\t<\/div>\n<\/div>\n<div class=\"xoros-cf-row\">\n\t<div class=\"xoros-cf-col-100\">\n\t\t<p><span class=\"wpcf7-form-control-wrap\" data-name=\"anschrift-717\"><input size=\"40\" maxlength=\"400\" class=\"wpcf7-form-control wpcf7-text wpcf7-validates-as-required\" aria-required=\"true\" aria-invalid=\"false\" placeholder=\"Rue et num\u00e9ro\" value=\"\" type=\"text\" name=\"anschrift-717\" \/><\/span>\n\t\t<\/p>\n\t<\/div>\n<\/div>\n<div class=\"xoros-cf-row\">\n\t<div class=\"xoros-cf-col-50\">\n\t\t<p><span class=\"wpcf7-form-control-wrap\" data-name=\"plz-238\"><input size=\"40\" maxlength=\"400\" class=\"wpcf7-form-control wpcf7-text wpcf7-validates-as-required\" aria-required=\"true\" aria-invalid=\"false\" placeholder=\"CODE POSTAL\" value=\"\" type=\"text\" name=\"plz-238\" \/><\/span>\n\t\t<\/p>\n\t<\/div>\n\t<div class=\"xoros-cf-col-50\">\n\t\t<p><span class=\"wpcf7-form-control-wrap\" data-name=\"stadt-29\"><input size=\"40\" maxlength=\"400\" class=\"wpcf7-form-control wpcf7-text wpcf7-validates-as-required\" aria-required=\"true\" aria-invalid=\"false\" placeholder=\"Ville\" value=\"\" type=\"text\" name=\"stadt-29\" \/><\/span>\n\t\t<\/p>\n\t<\/div>\n<\/div>\n<div class=\"xoros-cf-row\">\n\t<div class=\"xoros-cf-col-100\">\n\t\t<p><span class=\"wpcf7-form-control-wrap\" data-name=\"textarea-141\"><textarea cols=\"40\" rows=\"10\" maxlength=\"2000\" class=\"wpcf7-form-control wpcf7-textarea\" aria-invalid=\"false\" placeholder=\"Votre message (facultatif)\" name=\"textarea-141\"><\/textarea><\/span>\n\t\t<\/p>\n\t<\/div>\n<\/div>\n<div class=\"xoros-cf-row\">\n\t<div class=\"xoros-cf-col-100\">\n\t\t<p><span class=\"wpcf7-form-control-wrap\" data-name=\"acceptance-769\"><span class=\"wpcf7-form-control wpcf7-acceptance\"><span class=\"wpcf7-list-item\"><label><input type=\"checkbox\" name=\"acceptance-769\" value=\"1\" aria-invalid=\"false\" \/><span class=\"wpcf7-list-item-label\">J'ai fait le <a href=\"https:\/\/xoros-home.de\/fr\/protection-des-donnees\/\">D\u00e9claration de confidentialit\u00e9<\/a> et j'accepte que mes donn\u00e9es personnelles soient trait\u00e9es par XOROS Home aux fins susmentionn\u00e9es. Je peux r\u00e9voquer mon consentement \u00e0 tout moment par \u00e9crit.<\/span><\/label><\/span><\/span><\/span>\n\t\t<\/p>\n\t<\/div>\n<\/div>\n<p>Vous recevrez ensuite vos donn\u00e9es d'acc\u00e8s personnelles dans un e-mail s\u00e9par\u00e9.\n<\/p>\n<div class=\"xoros-cf-row\">\n\t<div class=\"xoros-cf-col-100\" align=\"center\">\n\t\t<p><input class=\"wpcf7-form-control wpcf7-submit has-spinner\" type=\"submit\" value=\"Envoyer\" \/>\n\t\t<\/p>\n\t<\/div>\n<\/div><div class=\"wpcf7-form-control-wrap maspik-field\">\n                <label for=\"full-name-maspik-hp\" class=\"wpcf7-form-control-label\">Laisser ce champ vide<\/label>\n                <input size=\"1\" type=\"text\" autocomplete=\"off\" aria-hidden=\"true\" tabindex=\"-1\" aria-label=\"Laisser ce champ vide\" name=\"full-name-maspik-hp\" id=\"full-name-maspik-hp\" class=\"wpcf7-form-control wpcf7-text\" placeholder=\"Laisser ce champ vide\">\n            <\/div><div class=\"wpcf7-response-output\" aria-hidden=\"true\"><\/div>\n<input type=\"hidden\" name=\"trp-form-language\" value=\"fr\"\/><\/form>\n<\/div>\n<\/div>\n\t\t\t\t\t\t<\/div>\n\t\t\t\t<\/div>\n\t\t\t\t<div class=\"elementor-element elementor-element-0c401c9 elementor-widget elementor-widget-spacer\" data-id=\"0c401c9\" data-element_type=\"widget\" data-e-type=\"widget\" data-widget_type=\"spacer.default\">\n\t\t\t\t<div class=\"elementor-widget-container\">\n\t\t\t\t\t\t\t<div class=\"elementor-spacer\">\n\t\t\t<div class=\"elementor-spacer-inner\"><\/div>\n\t\t<\/div>\n\t\t\t\t\t\t<\/div>\n\t\t\t\t<\/div>\n\t\t\t\t\t<\/div>\n\t\t<\/div>\n\t\t\t\t\t<\/div>\n\t\t<\/section>\n\t\t\t\t<section class=\"elementor-section elementor-top-section elementor-element elementor-element-62d9b1c elementor-section-boxed elementor-section-height-default elementor-section-height-default\" data-id=\"62d9b1c\" data-element_type=\"section\" data-e-type=\"section\">\n\t\t\t\t\t\t<div class=\"elementor-container elementor-column-gap-default\">\n\t\t\t\t\t<div class=\"elementor-column elementor-col-50 elementor-top-column elementor-element elementor-element-a9a4a18\" data-id=\"a9a4a18\" data-element_type=\"column\" data-e-type=\"column\">\n\t\t\t<div class=\"elementor-widget-wrap elementor-element-populated\">\n\t\t\t\t\t\t<div class=\"elementor-element elementor-element-3b6cd46 elementor-widget elementor-widget-image\" data-id=\"3b6cd46\" data-element_type=\"widget\" data-e-type=\"widget\" data-widget_type=\"image.default\">\n\t\t\t\t<div class=\"elementor-widget-container\">\n\t\t\t\t\t\t\t\t\t\t\t\t\t\t\t<img fetchpriority=\"high\" decoding=\"async\" width=\"800\" height=\"569\" src=\"https:\/\/xoros-home.de\/wp-content\/uploads\/2023\/01\/Plattform-Ansicht-XOROS-Home-neu-e1709291074351-1024x728.png\" class=\"attachment-large size-large wp-image-11091\" alt=\"\" srcset=\"https:\/\/xoros-home.de\/wp-content\/uploads\/2023\/01\/Plattform-Ansicht-XOROS-Home-neu-e1709291074351-1024x728.png 1024w, https:\/\/xoros-home.de\/wp-content\/uploads\/2023\/01\/Plattform-Ansicht-XOROS-Home-neu-e1709291074351-300x213.png 300w, https:\/\/xoros-home.de\/wp-content\/uploads\/2023\/01\/Plattform-Ansicht-XOROS-Home-neu-e1709291074351-768x546.png 768w, https:\/\/xoros-home.de\/wp-content\/uploads\/2023\/01\/Plattform-Ansicht-XOROS-Home-neu-e1709291074351-18x12.png 18w, https:\/\/xoros-home.de\/wp-content\/uploads\/2023\/01\/Plattform-Ansicht-XOROS-Home-neu-e1709291074351-600x427.png 600w, https:\/\/xoros-home.de\/wp-content\/uploads\/2023\/01\/Plattform-Ansicht-XOROS-Home-neu-e1709291074351.png 1412w\" sizes=\"(max-width: 800px) 100vw, 800px\" \/>\t\t\t\t\t\t\t\t\t\t\t\t\t\t\t<\/div>\n\t\t\t\t<\/div>\n\t\t\t\t\t<\/div>\n\t\t<\/div>\n\t\t\t\t<div class=\"elementor-column elementor-col-50 elementor-top-column elementor-element elementor-element-dafefb4\" data-id=\"dafefb4\" data-element_type=\"column\" data-e-type=\"column\">\n\t\t\t<div class=\"elementor-widget-wrap elementor-element-populated\">\n\t\t\t\t\t\t<div class=\"elementor-element elementor-element-80aaca5 elementor-widget elementor-widget-text-editor\" data-id=\"80aaca5\" data-element_type=\"widget\" data-e-type=\"widget\" data-widget_type=\"text-editor.default\">\n\t\t\t\t<div class=\"elementor-widget-container\">\n\t\t\t\t\t\t\t\t\t<p>Aper\u00e7u des fonctions principales :<\/p><ul><li><a href=\"https:\/\/xoros-home.de\/fr\/fonctions-de-la-plateforme\/#corporate-shop\">Boutique d'entreprise \/ March\u00e9<\/a><\/li><li><a href=\"https:\/\/xoros-home.de\/fr\/fonctions-de-la-plateforme\/#genehmigung\">Flux de travail d'approbation<\/a><\/li><li><a href=\"https:\/\/xoros-home.de\/fr\/fonctions-de-la-plateforme\/#inventarverwaltung\">Gestion num\u00e9rique de l'inventaire<\/a><\/li><li><a href=\"https:\/\/xoros-home.de\/fr\/fonctions-de-la-plateforme\/#standorte-mitarbeiter\">Gestion des sites, des d\u00e9partements, des collaborateurs et des droits d'acc\u00e8s<\/a><\/li><li><a href=\"https:\/\/xoros-home.de\/fr\/fonctions-de-la-plateforme\/#interne-services\">Extensibilit\u00e9 : int\u00e9gration de services internes &amp; connexion de fournisseurs tiers<\/a><\/li><\/ul>\t\t\t\t\t\t\t\t<\/div>\n\t\t\t\t<\/div>\n\t\t\t\t\t<\/div>\n\t\t<\/div>\n\t\t\t\t\t<\/div>\n\t\t<\/section>\n\t\t\t\t<section class=\"elementor-section elementor-top-section elementor-element elementor-element-3be7deb elementor-section-boxed elementor-section-height-default elementor-section-height-default\" data-id=\"3be7deb\" data-element_type=\"section\" data-e-type=\"section\">\n\t\t\t\t\t\t<div class=\"elementor-container elementor-column-gap-default\">\n\t\t\t\t\t<div class=\"elementor-column elementor-col-100 elementor-top-column elementor-element elementor-element-20bdc0f\" data-id=\"20bdc0f\" data-element_type=\"column\" data-e-type=\"column\">\n\t\t\t<div class=\"elementor-widget-wrap elementor-element-populated\">\n\t\t\t\t\t\t<div class=\"elementor-element elementor-element-e72f3d0 elementor-widget elementor-widget-spacer\" data-id=\"e72f3d0\" data-element_type=\"widget\" data-e-type=\"widget\" data-widget_type=\"spacer.default\">\n\t\t\t\t<div class=\"elementor-widget-container\">\n\t\t\t\t\t\t\t<div class=\"elementor-spacer\">\n\t\t\t<div class=\"elementor-spacer-inner\"><\/div>\n\t\t<\/div>\n\t\t\t\t\t\t<\/div>\n\t\t\t\t<\/div>\n\t\t\t\t\t<\/div>\n\t\t<\/div>\n\t\t\t\t\t<\/div>\n\t\t<\/section>\n\t\t\t\t<\/div>","protected":false},"excerpt":{"rendered":"<p>Anmeldung zur Mietplattform Registrieren Sie sich jetzt und erhalten Sie 30 Tage kostenfreien Plattform-Zugriff! alle Plattform-Funktionen inkludiert erleben Sie, wie einfach es ist, hybrid arbeitende Teams auszustatten unser Service hilft Ihnen bei den ersten Schritten Die Kernfunktionen im \u00dcberblick: Corporate Shop \/ Marktplatz Genehmigungs-Workflow Digitale Inventarverwaltung Verwaltung von Standorten, Abteilungen, Mitarbeiter:innen und Zugriffsrechten Erweiterbarkeit: Einbindung [&hellip;]<\/p>\n","protected":false},"author":6,"featured_media":0,"parent":0,"menu_order":0,"comment_status":"closed","ping_status":"closed","template":"","meta":{"content-type":"","inline_featured_image":false,"footnotes":""},"class_list":["post-12176","page","type-page","status-publish","hentry"],"_links":{"self":[{"href":"https:\/\/xoros-home.de\/fr\/wp-json\/wp\/v2\/pages\/12176","targetHints":{"allow":["GET"]}}],"collection":[{"href":"https:\/\/xoros-home.de\/fr\/wp-json\/wp\/v2\/pages"}],"about":[{"href":"https:\/\/xoros-home.de\/fr\/wp-json\/wp\/v2\/types\/page"}],"author":[{"embeddable":true,"href":"https:\/\/xoros-home.de\/fr\/wp-json\/wp\/v2\/users\/6"}],"replies":[{"embeddable":true,"href":"https:\/\/xoros-home.de\/fr\/wp-json\/wp\/v2\/comments?post=12176"}],"version-history":[{"count":20,"href":"https:\/\/xoros-home.de\/fr\/wp-json\/wp\/v2\/pages\/12176\/revisions"}],"predecessor-version":[{"id":14234,"href":"https:\/\/xoros-home.de\/fr\/wp-json\/wp\/v2\/pages\/12176\/revisions\/14234"}],"wp:attachment":[{"href":"https:\/\/xoros-home.de\/fr\/wp-json\/wp\/v2\/media?parent=12176"}],"curies":[{"name":"wp","href":"https:\/\/api.w.org\/{rel}","templated":true}]}}