{"id":17054,"date":"2025-08-15T15:58:27","date_gmt":"2025-08-15T13:58:27","guid":{"rendered":"https:\/\/xoros-home.de\/?page_id=17054"},"modified":"2025-09-18T17:52:55","modified_gmt":"2025-09-18T15:52:55","slug":"declaration-de-confidentialite-pour-les-profils-de-medias-sociaux","status":"publish","type":"page","link":"https:\/\/xoros-home.de\/fr\/datenschutzerklaerung-fuer-social-media-profile\/","title":{"rendered":"D\u00e9claration de confidentialit\u00e9 pour les profils de m\u00e9dias sociaux"},"content":{"rendered":"<div style=\"height:100px\" aria-hidden=\"true\" class=\"wp-block-spacer\"><\/div>\n\n\n\n<p>Avec ces informations sur la protection des donn\u00e9es, nous vous informons sur le traitement de vos donn\u00e9es personnelles et sur vos droits en tant que personne concern\u00e9e dans le cadre de nos pr\u00e9sences sur les r\u00e9seaux sociaux. <\/p>\n\n\n\n<p>Pour tout autre traitement de donn\u00e9es \u00e0 caract\u00e8re personnel, nous vous renvoyons \u00e0 notre d\u00e9claration g\u00e9n\u00e9rale de protection des donn\u00e9es \u00e0 l'adresse suivante <a href=\"https:\/\/xoros-home.de\/fr\/protection-des-donnees\/\">https:\/\/xoros-home.de\/datenschutz\/<\/a><\/p>\n\n\n\n<div style=\"height:50px\" aria-hidden=\"true\" class=\"wp-block-spacer\"><\/div>\n\n\n\n<h2 class=\"wp-block-heading\" id=\"1-verantwortlicher\">1. responsable<\/h2>\n\n\n\n<p>Notre pr\u00e9sence sur les m\u00e9dias sociaux est g\u00e9r\u00e9e par<\/p>\n\n\n\n<p><strong>XOROS Home GmbH<\/strong><br>Glockengie\u00dferwall 2<br>20095 Hambourg<br>Allemagne<br><a href=\"mailto:info@xoros-home.de\">info@xoros-home.de<\/a><br>+49 40 853 77 201<br>repr\u00e9sent\u00e9e par : Niels Gundermann, Frank Ehlers<\/p>\n\n\n\n<p>D\u00e9l\u00e9gu\u00e9 \u00e0 la protection des donn\u00e9es :<br>Vous pouvez contacter la personne responsable de la protection des donn\u00e9es dans notre organisation \u00e0 l'adresse suivante <a href=\"mailto:info@xoros-home.de\">info@xoros-home.de<\/a> sous le mot-cl\u00e9 \"protection des donn\u00e9es\".<\/p>\n\n\n\n<div style=\"height:25px\" aria-hidden=\"true\" class=\"wp-block-spacer\"><\/div>\n\n\n\n<h2 class=\"wp-block-heading\" id=\"2-geltungsbereich\">2) Champ d'application<\/h2>\n\n\n\n<p>La pr\u00e9sente d\u00e9claration de protection des donn\u00e9es vous informe sur la nature, l'\u00e9tendue et la finalit\u00e9 du traitement des donn\u00e9es \u00e0 caract\u00e8re personnel lors de l'utilisation des profils de m\u00e9dias sociaux suivants de notre entreprise :<\/p>\n\n\n\n<ul class=\"wp-block-list\">\n<li><strong>Compte d'entreprise Facebook :<\/strong>&nbsp;Nous g\u00e9rons un compte d'entreprise Facebook. Nous n'\u00e9crivons pas nos propres contributions via notre compte d'entreprise Facebook et n'interagissons pas avec d'autres utilisateurs de Facebook. Nous faisons cependant de la publicit\u00e9 sur Facebook et utilisons \u00e9galement des formulaires de prospection pour attirer les utilisateurs int\u00e9ress\u00e9s par notre offre. Pour la gestion technique de la publicit\u00e9, nous utilisons Facebook Ad Manager.<\/li>\n\n\n\n<li><strong>Compte Instagram<\/strong>: Nous g\u00e9rons les deux comptes Instagram <a href=\"https:\/\/www.instagram.com\/99cubes.de\/\" target=\"_blank\" rel=\"noreferrer noopener\">instagram.com\/99cubes.fr\/<\/a> et <a href=\"https:\/\/www.instagram.com\/xoros_home_de\/\" target=\"_blank\" rel=\"noreferrer noopener\">instagram.com\/xoros_home_fr\/<\/a> et nous les utilisons activement pour publier des articles, des histoires, des rituels et des publicit\u00e9s, pour interagir avec d'autres utilisateurs et pour utiliser des formulaires de prospection afin d'attirer des utilisateurs int\u00e9ress\u00e9s par notre offre.<\/li>\n\n\n\n<li><strong>Cha\u00eene Youtube :<\/strong> Nous g\u00e9rons la cha\u00eene Youtube <a href=\"https:\/\/www.youtube.com\/@99cubes-de\" target=\"_blank\" rel=\"noreferrer noopener\">youtube.com\/@99cubes-fr<\/a> et l'utilisons pour publier des vid\u00e9os afin d'informer sur notre offre et de fournir des informations g\u00e9n\u00e9rales par vid\u00e9o.<\/li>\n\n\n\n<li><strong>LinkedIn :<\/strong> Nous avons une pr\u00e9sence sur LinkedIn sous <a href=\"https:\/\/www.linkedin.com\/company\/xoros-home\/\" target=\"_blank\" rel=\"noreferrer noopener\">linkedin.com\/company\/xoros-home\/<\/a> et l'utiliser pour pr\u00e9senter l'entreprise, contribuer et interagir avec d'autres utilisateurs.<\/li>\n<\/ul>\n\n\n\n<p>Pour l'exploitation de nos comptes sur Facebook et Instagram, nous sommes responsables conjointement avec Meta Platforms Ireland Limited (Block J, Serpentine Avenue, Dublin 4, Irlande, ci-apr\u00e8s d\u00e9nomm\u00e9e \"Meta\") au sens de l'article 26 du RGPD. Vous trouverez de plus amples informations sur le traitement des donn\u00e9es par Meta ainsi que les coordonn\u00e9es des responsables chez Meta dans les informations sur la protection des donn\u00e9es de Meta sous&nbsp;<a href=\"https:\/\/www.facebook.com\/about\/privacy\" target=\"_blank\" rel=\"noreferrer noopener\">facebook.com\/about\/privacy<\/a>.<\/p>\n\n\n\n<p>Le fournisseur de Youtube est Google Ireland Limited, Gordon House, Barrow Street, Dublin 4, Irlande. Vous trouverez des informations sur le traitement des donn\u00e9es \u00e0 caract\u00e8re personnel par le fournisseur dans les dispositions relatives \u00e0 la protection des donn\u00e9es sous le lien suivant :&nbsp;<a href=\"https:\/\/policies.google.com\/privacy\" target=\"_blank\" rel=\"noopener\">https:\/\/policies.google.com\/privacy<\/a>.<\/p>\n\n\n\n<p>Le fournisseur de LinkedIn est LinkedIn Ireland Unlimited Company, Wilton Place, Dublin 2, Irlande. Vous trouverez des informations sur le traitement des donn\u00e9es \u00e0 caract\u00e8re personnel par LinkedIn dans la politique de confidentialit\u00e9 en cliquant sur le lien suivant :&nbsp;<a href=\"https:\/\/www.linkedin.com\/legal\/privacy-policy\" target=\"_blank\" rel=\"noopener\">https:\/\/www.linkedin.com\/legal\/privacy-policy<\/a>.<\/p>\n\n\n\n<div style=\"height:25px\" aria-hidden=\"true\" class=\"wp-block-spacer\"><\/div>\n\n\n\n<h2 class=\"wp-block-heading\" id=\"3-gemeinsame-verantwortlichkeit-mit-meta\">3. responsabilit\u00e9 partag\u00e9e avec Meta<\/h2>\n\n\n\n<p>Meta fournit les plateformes Facebook et Instagram et traite les donn\u00e9es \u00e0 caract\u00e8re personnel des utilisateurs. Pour certains traitements (insights de pages, formulaires de leads, etc.), il existe une responsabilit\u00e9 commune.<br>L'accord de responsabilit\u00e9 conjointe (\"Page Insights Controller Addendum\") est disponible ici :<br><a href=\"https:\/\/www.facebook.com\/legal\/terms\/page_controller_addendum\" target=\"_blank\" rel=\"noreferrer noopener\">https:\/\/www.facebook.com\/legal\/terms\/page_controller_addendum<\/a><\/p>\n\n\n\n<p>Meta assume la responsabilit\u00e9 premi\u00e8re du traitement des donn\u00e9es \u00e0 caract\u00e8re personnel en relation avec les services de la plate-forme ; nous recevons des statistiques anonymes sur les acc\u00e8s \u00e0 nos sites.<\/p>\n\n\n\n<div style=\"height:25px\" aria-hidden=\"true\" class=\"wp-block-spacer\"><\/div>\n\n\n\n<h2 class=\"wp-block-heading\" id=\"4-datenverarbeitung-auf-facebook-ad-manager\">4. traitement des donn\u00e9es sur Facebook<\/h2>\n\n\n\n<p>Nous exploitons notre compte d'entreprise Facebook pour diffuser et g\u00e9rer des annonces publicitaires. Hormis les annonces publicitaires, nous ne publions pas de contributions, de commentaires, d'images ou de vid\u00e9os sur Facebook. Dans ce cadre, nous ou Meta traitons notamment les donn\u00e9es suivantes: :<\/p>\n\n\n\n<ul class=\"wp-block-list\">\n<li><strong>interactions :<\/strong>&nbsp;Commentaires, likes, messages directs dans le contexte de nos publicit\u00e9s<\/li>\n\n\n\n<li><strong>Contenu :<\/strong>&nbsp;les images, histoires, reels, textes publi\u00e9s par nous dans le cadre d'annonces publicitaires<\/li>\n\n\n\n<li><strong>Donn\u00e9es d'utilisation :<\/strong>&nbsp;Statistiques de consultation des publicit\u00e9s<\/li>\n\n\n\n<li><strong>Formulaires de prospects :<\/strong>&nbsp;Si vous remplissez un formulaire via les annonces correspondantes ou notre profil, nous recevons les donn\u00e9es qui y sont indiqu\u00e9es (nom, adresse e-mail, num\u00e9ro de t\u00e9l\u00e9phone, \u00e9ventuellement d'autres donn\u00e9es facultatives).<\/li>\n<\/ul>\n\n\n\n<p><strong>les finalit\u00e9s du traitement :<\/strong><\/p>\n\n\n\n<ul class=\"wp-block-list\">\n<li>R\u00e9ponse aux demandes<\/li>\n\n\n\n<li>Mise en \u0153uvre d'actions de promotion<\/li>\n\n\n\n<li>\u00c9valuation de la port\u00e9e<\/li>\n\n\n\n<li>Acquisition de prospects (leads)<\/li>\n<\/ul>\n\n\n\n<p><br><strong>Bases juridiques :<\/strong>&nbsp;<\/p>\n\n\n\n<ul class=\"wp-block-list\">\n<li>Art. 6, alin\u00e9a 1, lettre a du RGPD (consentement pour les formulaires de prospects)<\/li>\n\n\n\n<li>Art. 6, alin\u00e9a 1, lettre b du RGPD (demandes pr\u00e9contractuelles)<\/li>\n\n\n\n<li>Art. 6, alin\u00e9a 1, lettre f du RGPD (relations publiques, marketing)<\/li>\n<\/ul>\n\n\n\n<div style=\"height:25px\" aria-hidden=\"true\" class=\"wp-block-spacer\"><\/div>\n\n\n\n<h2 class=\"wp-block-heading\" id=\"5-datenverarbeitung-auf-instagram\">5. traitement des donn\u00e9es sur Instagram<\/h2>\n\n\n\n<p>Nous exploitons nos comptes Instagram pour la pr\u00e9sentation de l'entreprise, la communication avec les clients et la publicit\u00e9. Dans ce cadre, nous ou Meta traitons notamment les donn\u00e9es suivantes :<\/p>\n\n\n\n<ul class=\"wp-block-list\">\n<li><strong>interactions :<\/strong>&nbsp;Commentaires, likes, messages directs<\/li>\n\n\n\n<li><strong>Contenu :<\/strong>&nbsp;images, histoires, reels, textes publi\u00e9s par nos soins<\/li>\n\n\n\n<li><strong>Donn\u00e9es d'utilisation :<\/strong>&nbsp;Statistiques de consultation (\"Instagram Insights\")<\/li>\n\n\n\n<li><strong>Formulaires de prospects :<\/strong>&nbsp;Si vous remplissez un formulaire via les annonces correspondantes ou notre profil, nous recevons les donn\u00e9es qui y sont indiqu\u00e9es (nom, adresse e-mail, num\u00e9ro de t\u00e9l\u00e9phone, \u00e9ventuellement d'autres donn\u00e9es facultatives).<\/li>\n<\/ul>\n\n\n\n<p><strong>les finalit\u00e9s du traitement :<\/strong><\/p>\n\n\n\n<ul class=\"wp-block-list\">\n<li>R\u00e9ponse aux demandes<\/li>\n\n\n\n<li>Mise en \u0153uvre d'actions de promotion<\/li>\n\n\n\n<li>\u00c9valuation de la port\u00e9e<\/li>\n\n\n\n<li>Acquisition de prospects (leads)<\/li>\n<\/ul>\n\n\n\n<p><strong>Bases juridiques :<\/strong><\/p>\n\n\n\n<ul class=\"wp-block-list\">\n<li>Art. 6, alin\u00e9a 1, lettre a du RGPD (consentement pour les formulaires de prospects)<\/li>\n\n\n\n<li>Art. 6, alin\u00e9a 1, lettre b du RGPD (demandes pr\u00e9contractuelles)<\/li>\n\n\n\n<li>Art. 6, alin\u00e9a 1, lettre f du RGPD (relations publiques, marketing)<\/li>\n<\/ul>\n\n\n\n<div style=\"height:25px\" aria-hidden=\"true\" class=\"wp-block-spacer\"><\/div>\n\n\n\n<h2 class=\"wp-block-heading\" id=\"6-hinweise-zu-leadformularen\">6) Remarques sur les formulaires de prospects<\/h2>\n\n\n\n<p>Si vous remplissez un formulaire de prospection via Facebook ou Instagram, vos donn\u00e9es ne nous seront transmises qu'apr\u00e8s que vous ayez activement donn\u00e9 votre accord pour l'utilisation de vos donn\u00e9es.<br>Nous utilisons les donn\u00e9es uniquement dans le but indiqu\u00e9 dans le formulaire (par exemple, envoi d'offres, de d\u00e9pliants et de listes de prix).<\/p>\n\n\n\n<div style=\"height:25px\" aria-hidden=\"true\" class=\"wp-block-spacer\"><\/div>\n\n\n\n<h2 class=\"wp-block-heading\" id=\"7-hubspot\">7. utilisation de Hubspot comme syst\u00e8me CRM<\/h2>\n\n\n\n<p>Nous utilisons le syst\u00e8me CRM Hubspot pour la gestion et le traitement des donn\u00e9es de contact saisies via les formulaires de prospection. HubSpot est une entreprise de logiciels bas\u00e9e aux \u00c9tats-Unis, dont le si\u00e8ge europ\u00e9en se trouve en Irlande. Contact : Dublin (European HQ) 1 Sir John Rogerson's Quay, Dublin 2, Ireland, t\u00e9l\u00e9phone : +353 1 518 7500. <\/p>\n\n\n\n<p>Les donn\u00e9es fournies dans les formulaires de prospects sont transmises \u00e0 Hubspot, o\u00f9 elles sont stock\u00e9es et trait\u00e9es dans le but de vous contacter, de traiter votre demande et de mener des activit\u00e9s de marketing et de vente. <\/p>\n\n\n\n<p>Pour plus d'informations, consultez la politique de confidentialit\u00e9 de Hubspot :&nbsp;<a rel=\"noreferrer noopener\" target=\"_blank\" href=\"https:\/\/legal.hubspot.com\/de\/privacy-policy\">https:\/\/legal.hubspot.com\/de\/privacy-policy<\/a><\/p>\n\n\n\n<p><strong>Bases juridiques : <\/strong><\/p>\n\n\n\n<ul class=\"wp-block-list\">\n<li>Art. 6, alin\u00e9a 1, lettre a du RGPD (consentement)<\/li>\n\n\n\n<li>Art. 6, paragraphe 1, point b) (mesures pr\u00e9contractuelles)<\/li>\n\n\n\n<li>Art. 6, paragraphe 1, point f) (int\u00e9r\u00eat l\u00e9gitime \u00e0 une gestion efficace de la client\u00e8le et du marketing).<\/li>\n<\/ul>\n\n\n\n<div style=\"height:25px\" aria-hidden=\"true\" class=\"wp-block-spacer\"><\/div>\n\n\n\n<h2 class=\"wp-block-heading\" id=\"8-datenbermittlung-in-drittlnder\">8) Transfert de donn\u00e9es vers des pays tiers<\/h2>\n\n\n\n<p>Certains des services et fournisseurs de m\u00e9dias sociaux que nous utilisons traitent \u00e9galement des donn\u00e9es en dehors de l'UE, notamment aux \u00c9tats-Unis. Pour ces transferts, des clauses contractuelles standard de la Commission europ\u00e9enne s'appliquent comme garantie appropri\u00e9e du respect du niveau de protection des donn\u00e9es.<\/p>\n\n\n\n<div style=\"height:25px\" aria-hidden=\"true\" class=\"wp-block-spacer\"><\/div>\n\n\n\n<h2 class=\"wp-block-heading\" id=\"9-ihre-rechte-als-betroffene-person\">9. vos droits en tant que personne concern\u00e9e<\/h2>\n\n\n\n<p>Vous disposez des droits suivants \u00e0 notre \u00e9gard :<\/p>\n\n\n\n<ul class=\"wp-block-list\">\n<li>Information sur vos donn\u00e9es enregistr\u00e9es (art. 15 RGPD)<\/li>\n\n\n\n<li>Rectification (article 16 du RGPD)<\/li>\n\n\n\n<li>Effacement (article 17 du RGPD)<\/li>\n\n\n\n<li>Limitation du traitement (article 18 du RGPD)<\/li>\n\n\n\n<li>Transf\u00e9rabilit\u00e9 des donn\u00e9es (art. 20 RGPD)<\/li>\n\n\n\n<li>Opposition aux op\u00e9rations de traitement (art. 21 RGPD)<\/li>\n\n\n\n<li>Droit de recours aupr\u00e8s d'une autorit\u00e9 de surveillance<\/li>\n<\/ul>\n\n\n\n<p>Attention : la plupart des traitements de donn\u00e9es sont effectu\u00e9s par les fournisseurs que nous utilisons. Vous pouvez donc faire valoir vos droits directement aupr\u00e8s des fournisseurs que nous utilisons.<\/p>\n\n\n\n<div style=\"height:25px\" aria-hidden=\"true\" class=\"wp-block-spacer\"><\/div>\n\n\n\n<p><strong>Stand :<\/strong>&nbsp;20.08.2025<\/p>\n\n\n\n<div style=\"height:100px\" aria-hidden=\"true\" class=\"wp-block-spacer\"><\/div>","protected":false},"excerpt":{"rendered":"<p>Mit diesen Datenschutzhinweisen informieren wir Sie \u00fcber die Verarbeitung Ihrer personenbezogenen Daten und \u00fcber Ihre Rechte als betroffene Person im Rahmen unserer Auftritte in sozialen Netzwerken. F\u00fcr alle anderweitigen Verarbeitungen personenbezogener Daten verweisen wir auf unsere allgemeine Datenschutzerkl\u00e4rung unter https:\/\/xoros-home.de\/datenschutz\/ 1. Verantwortlicher Unsere Auftritte in sozialen Medien werden betrieben von XOROS Home GmbHGlockengie\u00dferwall 220095 HamburgDeutschlandinfo@xoros-home.de+49 [&hellip;]<\/p>\n","protected":false},"author":6,"featured_media":0,"parent":0,"menu_order":0,"comment_status":"closed","ping_status":"closed","template":"","meta":{"content-type":"","inline_featured_image":false,"footnotes":""},"class_list":["post-17054","page","type-page","status-publish","hentry"],"_links":{"self":[{"href":"https:\/\/xoros-home.de\/fr\/wp-json\/wp\/v2\/pages\/17054","targetHints":{"allow":["GET"]}}],"collection":[{"href":"https:\/\/xoros-home.de\/fr\/wp-json\/wp\/v2\/pages"}],"about":[{"href":"https:\/\/xoros-home.de\/fr\/wp-json\/wp\/v2\/types\/page"}],"author":[{"embeddable":true,"href":"https:\/\/xoros-home.de\/fr\/wp-json\/wp\/v2\/users\/6"}],"replies":[{"embeddable":true,"href":"https:\/\/xoros-home.de\/fr\/wp-json\/wp\/v2\/comments?post=17054"}],"version-history":[{"count":11,"href":"https:\/\/xoros-home.de\/fr\/wp-json\/wp\/v2\/pages\/17054\/revisions"}],"predecessor-version":[{"id":17101,"href":"https:\/\/xoros-home.de\/fr\/wp-json\/wp\/v2\/pages\/17054\/revisions\/17101"}],"wp:attachment":[{"href":"https:\/\/xoros-home.de\/fr\/wp-json\/wp\/v2\/media?parent=17054"}],"curies":[{"name":"wp","href":"https:\/\/api.w.org\/{rel}","templated":true}]}}