{"id":44,"date":"2021-12-10T10:19:22","date_gmt":"2021-12-10T09:19:22","guid":{"rendered":"http:\/\/xoros-home.de.dedi5284.your-server.de\/?page_id=44"},"modified":"2025-07-08T18:14:35","modified_gmt":"2025-07-08T16:14:35","slug":"a-propos-de-nous","status":"publish","type":"page","link":"https:\/\/xoros-home.de\/fr\/uber-uns\/","title":{"rendered":"\u00c0 propos de nous"},"content":{"rendered":"<div data-elementor-type=\"wp-page\" data-elementor-id=\"44\" class=\"elementor elementor-44\" data-elementor-settings=\"{&quot;ha_cmc_init_switcher&quot;:&quot;no&quot;}\" data-elementor-post-type=\"page\">\n\t\t\t\t\t\t<section class=\"elementor-section elementor-top-section elementor-element elementor-element-b945e0f elementor-section-height-min-height elementor-section-boxed elementor-section-height-default elementor-section-items-middle\" data-id=\"b945e0f\" data-element_type=\"section\" data-e-type=\"section\" data-settings=\"{&quot;background_background&quot;:&quot;classic&quot;}\">\n\t\t\t\t\t\t<div class=\"elementor-container elementor-column-gap-default\">\n\t\t\t\t\t<div class=\"elementor-column elementor-col-100 elementor-top-column elementor-element elementor-element-9a29fdd\" data-id=\"9a29fdd\" data-element_type=\"column\" data-e-type=\"column\">\n\t\t\t<div class=\"elementor-widget-wrap elementor-element-populated\">\n\t\t\t\t\t\t<div class=\"elementor-element elementor-element-ffa0d99 elementor-widget elementor-widget-heading\" data-id=\"ffa0d99\" data-element_type=\"widget\" data-e-type=\"widget\" data-widget_type=\"heading.default\">\n\t\t\t\t<div class=\"elementor-widget-container\">\n\t\t\t\t\t<h1 class=\"elementor-heading-title elementor-size-default\">\u00c0 propos de nous<\/h1>\t\t\t\t<\/div>\n\t\t\t\t<\/div>\n\t\t\t\t<div class=\"elementor-element elementor-element-47148bd elementor-widget__width-initial elementor-widget elementor-widget-text-editor\" data-id=\"47148bd\" data-element_type=\"widget\" data-e-type=\"widget\" data-widget_type=\"text-editor.default\">\n\t\t\t\t<div class=\"elementor-widget-container\">\n\t\t\t\t\t\t\t\t\t<p>Chez XOROS Home, nous proposons des solutions intelligentes et innovantes pour un travail sain et productif, que ce soit au bureau ou dans un bureau \u00e0 domicile. Notre gamme de mobilier de bureau se concentre sur les bo\u00eetiers de t\u00e9l\u00e9phone, les bo\u00eetiers de r\u00e9union et les syst\u00e8mes d'espace dans l'espace, dont aucun bureau paysager ne peut d\u00e9sormais se passer. Presque tous nos produits peuvent \u00eatre lou\u00e9s ou pris en leasing \u00e0 des taux mensuels int\u00e9ressants. Pour nos best-sellers, nous proposons des formules de location particuli\u00e8rement flexibles, sans dur\u00e9e minimale !\u00a0<\/p>\t\t\t\t\t\t\t\t<\/div>\n\t\t\t\t<\/div>\n\t\t\t\t<div class=\"elementor-element elementor-element-f49417b elementor-widget__width-initial elementor-widget elementor-widget-text-editor\" data-id=\"f49417b\" data-element_type=\"widget\" data-e-type=\"widget\" data-widget_type=\"text-editor.default\">\n\t\t\t\t<div class=\"elementor-widget-container\">\n\t\t\t\t\t\t\t\t\t<p>La direction de XOROS Home GmbH est compos\u00e9e de Niels et Frank :<\/p>\t\t\t\t\t\t\t\t<\/div>\n\t\t\t\t<\/div>\n\t\t<div class=\"elementor-element elementor-element-cfe3a67 e-flex e-con-boxed e-con e-parent\" data-id=\"cfe3a67\" data-element_type=\"container\" data-e-type=\"container\">\n\t\t\t\t\t<div class=\"e-con-inner\">\n\t\t<div class=\"elementor-element elementor-element-7b27206 e-con-full e-flex e-con e-child\" data-id=\"7b27206\" data-element_type=\"container\" data-e-type=\"container\">\n\t\t\t\t<div class=\"elementor-element elementor-element-e5d7e5b elementor-widget elementor-widget-image\" data-id=\"e5d7e5b\" data-element_type=\"widget\" data-e-type=\"widget\" data-widget_type=\"image.default\">\n\t\t\t\t<div class=\"elementor-widget-container\">\n\t\t\t\t\t\t\t\t\t\t\t\t\t\t\t<img fetchpriority=\"high\" decoding=\"async\" width=\"800\" height=\"800\" src=\"https:\/\/xoros-home.de\/wp-content\/uploads\/2023\/04\/Portrait-Niels-quadratisch.jpg\" class=\"attachment-large size-large wp-image-11842\" alt=\"\" srcset=\"https:\/\/xoros-home.de\/wp-content\/uploads\/2023\/04\/Portrait-Niels-quadratisch.jpg 816w, https:\/\/xoros-home.de\/wp-content\/uploads\/2023\/04\/Portrait-Niels-quadratisch-300x300.jpg 300w, https:\/\/xoros-home.de\/wp-content\/uploads\/2023\/04\/Portrait-Niels-quadratisch-150x150.jpg 150w, https:\/\/xoros-home.de\/wp-content\/uploads\/2023\/04\/Portrait-Niels-quadratisch-768x768.jpg 768w, https:\/\/xoros-home.de\/wp-content\/uploads\/2023\/04\/Portrait-Niels-quadratisch-12x12.jpg 12w, https:\/\/xoros-home.de\/wp-content\/uploads\/2023\/04\/Portrait-Niels-quadratisch-600x600.jpg 600w, https:\/\/xoros-home.de\/wp-content\/uploads\/2023\/04\/Portrait-Niels-quadratisch-100x100.jpg 100w, https:\/\/xoros-home.de\/wp-content\/uploads\/2023\/04\/Portrait-Niels-quadratisch-32x32.jpg 32w\" sizes=\"(max-width: 800px) 100vw, 800px\" \/>\t\t\t\t\t\t\t\t\t\t\t\t\t\t\t<\/div>\n\t\t\t\t<\/div>\n\t\t\t\t<div class=\"elementor-element elementor-element-6b07c70 elementor-shape-circle e-grid-align-right elementor-grid-0 elementor-widget elementor-widget-social-icons\" data-id=\"6b07c70\" data-element_type=\"widget\" data-e-type=\"widget\" data-widget_type=\"social-icons.default\">\n\t\t\t\t<div class=\"elementor-widget-container\">\n\t\t\t\t\t\t\t<div class=\"elementor-social-icons-wrapper elementor-grid\">\n\t\t\t\t\t\t\t<span class=\"elementor-grid-item\">\n\t\t\t\t\t<a class=\"elementor-icon elementor-social-icon elementor-social-icon-linkedin elementor-repeater-item-d61e2f3\" href=\"https:\/\/www.linkedin.com\/in\/nielsgundermann\/\" target=\"_blank\" rel=\"noopener\">\n\t\t\t\t\t\t<span class=\"elementor-screen-only\">Linkedin<\/span>\n\t\t\t\t\t\t<i aria-hidden=\"true\" class=\"fab fa-linkedin\"><\/i>\t\t\t\t\t<\/a>\n\t\t\t\t<\/span>\n\t\t\t\t\t<\/div>\n\t\t\t\t\t\t<\/div>\n\t\t\t\t<\/div>\n\t\t\t\t<div class=\"elementor-element elementor-element-ceb400d elementor-widget elementor-widget-heading\" data-id=\"ceb400d\" data-element_type=\"widget\" data-e-type=\"widget\" data-widget_type=\"heading.default\">\n\t\t\t\t<div class=\"elementor-widget-container\">\n\t\t\t\t\t<h3 class=\"elementor-heading-title elementor-size-default\">Niels Gundermann<\/h3>\t\t\t\t<\/div>\n\t\t\t\t<\/div>\n\t\t\t\t<div class=\"elementor-element elementor-element-93351e6 elementor-view-default elementor-widget elementor-widget-icon\" data-id=\"93351e6\" data-element_type=\"widget\" data-e-type=\"widget\" data-widget_type=\"icon.default\">\n\t\t\t\t<div class=\"elementor-widget-container\">\n\t\t\t\t\t\t\t<div class=\"elementor-icon-wrapper\">\n\t\t\t<div class=\"elementor-icon\">\n\t\t\t<i aria-hidden=\"true\" class=\"fas fa-quote-left\"><\/i>\t\t\t<\/div>\n\t\t<\/div>\n\t\t\t\t\t\t<\/div>\n\t\t\t\t<\/div>\n\t\t\t\t<div class=\"elementor-element elementor-element-361cdc4 elementor-widget elementor-widget-text-editor\" data-id=\"361cdc4\" data-element_type=\"widget\" data-e-type=\"widget\" data-widget_type=\"text-editor.default\">\n\t\t\t\t<div class=\"elementor-widget-container\">\n\t\t\t\t\t\t\t\t\t<p style=\"padding-left: 40px;\">Nos mod\u00e8les de location simples et innovants conviennent parfaitement \u00e0 une \u00e9poque o\u00f9 les entreprises ont besoin \u00e0 la fois de flexibilit\u00e9 et de pr\u00e9visibilit\u00e9.<\/p>\t\t\t\t\t\t\t\t<\/div>\n\t\t\t\t<\/div>\n\t\t\t\t<\/div>\n\t\t<div class=\"elementor-element elementor-element-1dfe170 e-con-full e-flex e-con e-child\" data-id=\"1dfe170\" data-element_type=\"container\" data-e-type=\"container\">\n\t\t\t\t<div class=\"elementor-element elementor-element-154e141 elementor-widget elementor-widget-image\" data-id=\"154e141\" data-element_type=\"widget\" data-e-type=\"widget\" data-widget_type=\"image.default\">\n\t\t\t\t<div class=\"elementor-widget-container\">\n\t\t\t\t\t\t\t\t\t\t\t\t\t\t\t<img decoding=\"async\" width=\"800\" height=\"800\" src=\"https:\/\/xoros-home.de\/wp-content\/uploads\/2023\/04\/Frank-Ehlers-XOROS-hell-klein.jpg\" class=\"attachment-large size-large wp-image-11840\" alt=\"\" srcset=\"https:\/\/xoros-home.de\/wp-content\/uploads\/2023\/04\/Frank-Ehlers-XOROS-hell-klein.jpg 850w, https:\/\/xoros-home.de\/wp-content\/uploads\/2023\/04\/Frank-Ehlers-XOROS-hell-klein-300x300.jpg 300w, https:\/\/xoros-home.de\/wp-content\/uploads\/2023\/04\/Frank-Ehlers-XOROS-hell-klein-150x150.jpg 150w, https:\/\/xoros-home.de\/wp-content\/uploads\/2023\/04\/Frank-Ehlers-XOROS-hell-klein-768x768.jpg 768w, https:\/\/xoros-home.de\/wp-content\/uploads\/2023\/04\/Frank-Ehlers-XOROS-hell-klein-12x12.jpg 12w, https:\/\/xoros-home.de\/wp-content\/uploads\/2023\/04\/Frank-Ehlers-XOROS-hell-klein-600x600.jpg 600w, https:\/\/xoros-home.de\/wp-content\/uploads\/2023\/04\/Frank-Ehlers-XOROS-hell-klein-100x100.jpg 100w, https:\/\/xoros-home.de\/wp-content\/uploads\/2023\/04\/Frank-Ehlers-XOROS-hell-klein-32x32.jpg 32w\" sizes=\"(max-width: 800px) 100vw, 800px\" \/>\t\t\t\t\t\t\t\t\t\t\t\t\t\t\t<\/div>\n\t\t\t\t<\/div>\n\t\t\t\t<div class=\"elementor-element elementor-element-01faad2 elementor-shape-circle e-grid-align-right elementor-grid-0 elementor-widget elementor-widget-social-icons\" data-id=\"01faad2\" data-element_type=\"widget\" data-e-type=\"widget\" data-widget_type=\"social-icons.default\">\n\t\t\t\t<div class=\"elementor-widget-container\">\n\t\t\t\t\t\t\t<div class=\"elementor-social-icons-wrapper elementor-grid\">\n\t\t\t\t\t\t\t<span class=\"elementor-grid-item\">\n\t\t\t\t\t<a class=\"elementor-icon elementor-social-icon elementor-social-icon-linkedin elementor-repeater-item-d61e2f3\" href=\"https:\/\/www.linkedin.com\/in\/nielsgundermann\/\" target=\"_blank\" rel=\"noopener\">\n\t\t\t\t\t\t<span class=\"elementor-screen-only\">Linkedin<\/span>\n\t\t\t\t\t\t<i aria-hidden=\"true\" class=\"fab fa-linkedin\"><\/i>\t\t\t\t\t<\/a>\n\t\t\t\t<\/span>\n\t\t\t\t\t<\/div>\n\t\t\t\t\t\t<\/div>\n\t\t\t\t<\/div>\n\t\t\t\t<div class=\"elementor-element elementor-element-f58732f elementor-widget elementor-widget-heading\" data-id=\"f58732f\" data-element_type=\"widget\" data-e-type=\"widget\" data-widget_type=\"heading.default\">\n\t\t\t\t<div class=\"elementor-widget-container\">\n\t\t\t\t\t<h3 class=\"elementor-heading-title elementor-size-default\">Frank Ehlers<\/h3>\t\t\t\t<\/div>\n\t\t\t\t<\/div>\n\t\t\t\t<div class=\"elementor-element elementor-element-b62edc8 elementor-view-default elementor-widget elementor-widget-icon\" data-id=\"b62edc8\" data-element_type=\"widget\" data-e-type=\"widget\" data-widget_type=\"icon.default\">\n\t\t\t\t<div class=\"elementor-widget-container\">\n\t\t\t\t\t\t\t<div class=\"elementor-icon-wrapper\">\n\t\t\t<div class=\"elementor-icon\">\n\t\t\t<i aria-hidden=\"true\" class=\"fas fa-quote-left\"><\/i>\t\t\t<\/div>\n\t\t<\/div>\n\t\t\t\t\t\t<\/div>\n\t\t\t\t<\/div>\n\t\t\t\t<div class=\"elementor-element elementor-element-ea97eb5 elementor-widget elementor-widget-text-editor\" data-id=\"ea97eb5\" data-element_type=\"widget\" data-e-type=\"widget\" data-widget_type=\"text-editor.default\">\n\t\t\t\t<div class=\"elementor-widget-container\">\n\t\t\t\t\t\t\t\t\t<p style=\"padding-left: 40px;\">Notre orientation client est l'une de nos plus grandes forces. Nous \u00e9coutons attentivement, comprenons les besoins individuels et d\u00e9veloppons des solutions sur mesure qui aident vraiment.<\/p>\t\t\t\t\t\t\t\t<\/div>\n\t\t\t\t<\/div>\n\t\t\t\t<\/div>\n\t\t\t\t\t<\/div>\n\t\t\t\t<\/div>\n\t\t\t\t<div class=\"elementor-element elementor-element-22c6a98 elementor-widget elementor-widget-spacer\" data-id=\"22c6a98\" data-element_type=\"widget\" data-e-type=\"widget\" data-widget_type=\"spacer.default\">\n\t\t\t\t<div class=\"elementor-widget-container\">\n\t\t\t\t\t\t\t<div class=\"elementor-spacer\">\n\t\t\t<div class=\"elementor-spacer-inner\"><\/div>\n\t\t<\/div>\n\t\t\t\t\t\t<\/div>\n\t\t\t\t<\/div>\n\t\t\t\t\t<\/div>\n\t\t<\/div>\n\t\t\t\t\t<\/div>\n\t\t<\/section>\n\t\t\t\t<\/div>","protected":false},"excerpt":{"rendered":"<p>\u00dcber uns Wir von XOROS Home bieten smarte und innovative L\u00f6sungen f\u00fcr das gesunde und produktive Arbeiten an \u2013 sei es im B\u00fcro oder im Homeoffice. Der Schwerpunkt unseres B\u00fcrom\u00f6bel-Sortiments liegt auf Telefonboxen, Meetingboxen und Raum-in-Raum-Systemen, die mittlerweile aus kaum einem Gro\u00dfraumb\u00fcro wegzudenken sind. Fast jedes unserer Produkte kann bei uns auch zu attraktiven monatlichen [&hellip;]<\/p>\n","protected":false},"author":6,"featured_media":0,"parent":0,"menu_order":0,"comment_status":"closed","ping_status":"closed","template":"elementor_header_footer","meta":{"content-type":"","inline_featured_image":false,"footnotes":""},"class_list":["post-44","page","type-page","status-publish","hentry"],"_links":{"self":[{"href":"https:\/\/xoros-home.de\/fr\/wp-json\/wp\/v2\/pages\/44","targetHints":{"allow":["GET"]}}],"collection":[{"href":"https:\/\/xoros-home.de\/fr\/wp-json\/wp\/v2\/pages"}],"about":[{"href":"https:\/\/xoros-home.de\/fr\/wp-json\/wp\/v2\/types\/page"}],"author":[{"embeddable":true,"href":"https:\/\/xoros-home.de\/fr\/wp-json\/wp\/v2\/users\/6"}],"replies":[{"embeddable":true,"href":"https:\/\/xoros-home.de\/fr\/wp-json\/wp\/v2\/comments?post=44"}],"version-history":[{"count":20,"href":"https:\/\/xoros-home.de\/fr\/wp-json\/wp\/v2\/pages\/44\/revisions"}],"predecessor-version":[{"id":16959,"href":"https:\/\/xoros-home.de\/fr\/wp-json\/wp\/v2\/pages\/44\/revisions\/16959"}],"wp:attachment":[{"href":"https:\/\/xoros-home.de\/fr\/wp-json\/wp\/v2\/media?parent=44"}],"curies":[{"name":"wp","href":"https:\/\/api.w.org\/{rel}","templated":true}]}}