{"id":10458,"date":"2022-05-25T12:55:15","date_gmt":"2022-05-25T10:55:15","guid":{"rendered":"https:\/\/xoros-home.de\/?post_type=product&#038;p=10458"},"modified":"2024-10-29T18:49:37","modified_gmt":"2024-10-29T17:49:37","slug":"boite-telephonique-bosselino-bosse","status":"publish","type":"product","link":"https:\/\/xoros-home.de\/fr\/produkt\/telefonbox-bosselino-bosse\/","title":{"rendered":"Bo\u00eete t\u00e9l\u00e9phonique Bosselino (Bosse)"},"content":{"rendered":"<p><strong>D\u00e9tails du produit :<\/strong><\/p>\n<ul>\n<li>Assemblages d'angle en profil\u00e9s d'acier et bandeaux d'acier en noir poudr\u00e9, panneaux ext\u00e9rieurs en m\u00e9lamine<\/li>\n<li>Downlights LED \u00e0 haute efficacit\u00e9 \u00e9nerg\u00e9tique avec une couleur de lumi\u00e8re fixe de 3000K blanc chaud. Ventilation silencieuse et performante avec un renouvellement d'air permanent de 160 m\u00b3\/h.<\/li>\n<li>Tablette avec tableau blanc : \u00e9quip\u00e9e d'un interrupteur d'\u00e9clairage ainsi que d'une prise de courant pour l'alimentation en \u00e9nergie.<\/li>\n<li>Fond, couvercle, porte et plateau en multiplex avec placage en bois v\u00e9ritable de ch\u00eane avec surface laqu\u00e9e.<\/li>\n<li>Plaque de fond : \u00e9quip\u00e9e d'une plaque de fond acoustique et de pieds r\u00e9glables. Mobilit\u00e9 gr\u00e2ce aux roulettes sur la partie inf\u00e9rieure du plancher.<\/li>\n<\/ul>\n<p>&nbsp;<\/p>\n<p><strong>Donn\u00e9es techniques :<\/strong><\/p>\n<ul>\n<li>largeur ext\u00e9rieure : 975 mm<\/li>\n<li>profondeur ext\u00e9rieure : 975 mm<\/li>\n<li>Hauteur ext\u00e9rieure : 2140 mm.<\/li>\n<li>Hauteur de plafond requise 2300 mm.<\/li>\n<li>Profil : rev\u00eatement en poudre noir<\/li>\n<li>Mat\u00e9riau porte : ch\u00eane clair<\/li>\n<li>\u00c9lectrification : 1x prise de courant, 1x USB (chargement, type A+C)<\/li>\n<li>Rangement : tableau blanc, magn\u00e9tique<\/li>\n<li>Rev\u00eatement mur int\u00e9rieur : 077.031 Polo gris platine<\/li>\n<li>Mat\u00e9riau paroi ext\u00e9rieure : noir<\/li>\n<\/ul>\n<p><strong>Vid\u00e9o :\u00a0<\/strong><\/p>\n<p><a href=\"https:\/\/www.youtube.com\/watch?v=oRPblLrsrvA\" target=\"_blank\" rel=\"noopener\">https:\/\/www.youtube.com\/watch?v=oRPblLrsrvA<\/a><\/p>\n<p><strong id=\"3D\">mod\u00e8le 3D :<\/strong><\/p>\n<p><iframe src=\"https:\/\/impress.pcon-solutions.com\/?l=de&amp;embed=https%3A%2F%2Fxoroshome-my.sharepoint.com%2F%3Au%3A%2Fg%2Fpersonal%2Ffrank_ehlers_xoros-home_de%2FESFfzJ2fRvtKoB14lRI5YtQB81S9JabS27B9TJeYQwUqCg\" width=\"560\" height=\"655\" frameborder=\"0\" allowfullscreen=\"allowfullscreen\"><\/iframe><\/p>\n<p>&nbsp;<\/p>\n<p><strong>D\u00e9monstration acoustique :<\/strong><\/p>\n<p>Laissez-vous convaincre par la vid\u00e9o de la qualit\u00e9 acoustique de la ligne de produits \"Bosse Human Space\" :<\/p>\n<p><a href=\"https:\/\/www.youtube.com\/watch?v=LoSVNpr9X6I\" target=\"_blank\" rel=\"noopener\"><img fetchpriority=\"high\" decoding=\"async\" class=\"alignnone wp-image-11748 size-medium\" src=\"https:\/\/xoros-home.de\/wp-content\/uploads\/2022\/05\/Bosse-Human-Space-Musik-Youtube-300x196.jpg\" alt=\"\" width=\"300\" height=\"196\" srcset=\"https:\/\/xoros-home.de\/wp-content\/uploads\/2022\/05\/Bosse-Human-Space-Musik-Youtube-300x196.jpg 300w, https:\/\/xoros-home.de\/wp-content\/uploads\/2022\/05\/Bosse-Human-Space-Musik-Youtube-1024x670.jpg 1024w, https:\/\/xoros-home.de\/wp-content\/uploads\/2022\/05\/Bosse-Human-Space-Musik-Youtube-768x503.jpg 768w, https:\/\/xoros-home.de\/wp-content\/uploads\/2022\/05\/Bosse-Human-Space-Musik-Youtube-18x12.jpg 18w, https:\/\/xoros-home.de\/wp-content\/uploads\/2022\/05\/Bosse-Human-Space-Musik-Youtube-600x393.jpg 600w, https:\/\/xoros-home.de\/wp-content\/uploads\/2022\/05\/Bosse-Human-Space-Musik-Youtube.jpg 1106w\" sizes=\"(max-width: 300px) 100vw, 300px\" \/><\/a><\/p>","protected":false},"excerpt":{"rendered":"<p>Le bo\u00eetier t\u00e9l\u00e9phonique Bosselino n'est plus disponible sous la forme pr\u00e9sent\u00e9e ici. Le mod\u00e8le optimis\u00e9 qui lui succ\u00e8de se trouve ici : <a href=\"https:\/\/xoros-home.de\/fr\/produits-homeoffice\/boite-telephonique-bosselino-uno-bosse\/\">Bo\u00eete t\u00e9l\u00e9phonique \"Bosselino Uno<\/a>.<\/p>\n<hr \/>\n<p>La bo\u00eete t\u00e9l\u00e9phonique Bosselino pour une personne marque des points avec son design jeune et devient un mini bureau avec un flair de bien-\u00eatre gr\u00e2ce \u00e0 des \u00e9l\u00e9ments en bois de haute qualit\u00e9.<\/p>\n<p>Fabriqu\u00e9 en Allemagne.<\/p>\n<ul>\n<li>Downlights LED efficaces en \u00e9nergie avec une couleur de lumi\u00e8re fixe de 3000K blanc chaud.<\/li>\n<li>Ventilation silencieuse et performante avec un renouvellement d'air permanent de 160 m\u00b3\/h.<\/li>\n<li>Raccordement simple Plug and Play au r\u00e9seau \u00e9lectrique par fiche standard ; longueur du c\u00e2ble : env. 3,5 m. Diff\u00e9rence de niveau sonore de l'int\u00e9rieur vers l'ext\u00e9rieur jusqu'\u00e0 35 db.<\/li>\n<li>Changement d'emplacement facile gr\u00e2ce \u00e0 8 roulettes de meubles int\u00e9gr\u00e9es et orientables.<\/li>\n<li>Cadre de porte en multiplex avec placage en bois v\u00e9ritable ch\u00eane<\/li>\n<\/ul>","protected":false},"featured_media":10824,"template":"","meta":{"content-type":"","inline_featured_image":false},"product_brand":[],"product_cat":[200],"product_tag":[132,135,108],"class_list":{"0":"post-10458","1":"product","2":"type-product","3":"status-publish","4":"has-post-thumbnail","6":"product_cat-auslaufmodelle","7":"product_tag-effizienter-schallschutz","8":"product_tag-hersteller-bosse","9":"product_tag-made-in-germany","11":"first","12":"instock","13":"taxable","14":"shipping-taxable","15":"purchasable","16":"product-type-simple"},"_links":{"self":[{"href":"https:\/\/xoros-home.de\/fr\/wp-json\/wp\/v2\/product\/10458","targetHints":{"allow":["GET"]}}],"collection":[{"href":"https:\/\/xoros-home.de\/fr\/wp-json\/wp\/v2\/product"}],"about":[{"href":"https:\/\/xoros-home.de\/fr\/wp-json\/wp\/v2\/types\/product"}],"version-history":[{"count":1,"href":"https:\/\/xoros-home.de\/fr\/wp-json\/wp\/v2\/product\/10458\/revisions"}],"predecessor-version":[{"id":11221,"href":"https:\/\/xoros-home.de\/fr\/wp-json\/wp\/v2\/product\/10458\/revisions\/11221"}],"wp:featuredmedia":[{"embeddable":true,"href":"https:\/\/xoros-home.de\/fr\/wp-json\/wp\/v2\/media\/10824"}],"wp:attachment":[{"href":"https:\/\/xoros-home.de\/fr\/wp-json\/wp\/v2\/media?parent=10458"}],"wp:term":[{"taxonomy":"product_brand","embeddable":true,"href":"https:\/\/xoros-home.de\/fr\/wp-json\/wp\/v2\/product_brand?post=10458"},{"taxonomy":"product_cat","embeddable":true,"href":"https:\/\/xoros-home.de\/fr\/wp-json\/wp\/v2\/product_cat?post=10458"},{"taxonomy":"product_tag","embeddable":true,"href":"https:\/\/xoros-home.de\/fr\/wp-json\/wp\/v2\/product_tag?post=10458"}],"curies":[{"name":"wp","href":"https:\/\/api.w.org\/{rel}","templated":true}]}}