{"id":10977,"date":"2023-01-06T10:01:14","date_gmt":"2023-01-06T09:01:14","guid":{"rendered":"https:\/\/xoros-home.de\/?post_type=product&#038;p=10977"},"modified":"2023-11-06T15:03:01","modified_gmt":"2023-11-06T14:03:01","slug":"chaise-pivotante-nia-haworth","status":"publish","type":"product","link":"https:\/\/xoros-home.de\/fr\/produkt\/drehstuhl-nia-haworth\/","title":{"rendered":"Chaise pivotante Nia (Haworth)"},"content":{"rendered":"<p><strong>Chaise active<\/strong><\/p>\n<p>Le syst\u00e8me de poids automatique de Nia et son dos mobile unique en son genre soutiennent imm\u00e9diatement l'utilisateur sans r\u00e9glage compliqu\u00e9.<\/p>\n<ol>\n<li>Le m\u00e9canisme pivotant est autor\u00e9gul\u00e9 et se d\u00e9place en combinaison avec le m\u00e9canisme du si\u00e8ge pour cr\u00e9er une rotation de 360.<\/li>\n<li>R\u00e9glage pneumatique de la hauteur d'assise (plage de r\u00e9glage) 40cm \u00e0 52 cm<\/li>\n<li>Le dossier peut \u00eatre fix\u00e9 en 5 positions.<\/li>\n<\/ol>","protected":false},"excerpt":{"rendered":"<p>Nia favorise l'activit\u00e9 dans le travail quotidien et offre \u00e0 la fois le confort d'un fauteuil de d\u00e9tente et la technique pr\u00e9cise d'un si\u00e8ge de travail. De cette mani\u00e8re, Nia allie confort, performance et design en un seul produit. Derri\u00e8re son design \u00e9lanc\u00e9 se cache un m\u00e9canisme intelligent qui, comme l'ont prouv\u00e9 des tests approfondis, offre un confort remarquable dans toutes les positions assises.<\/p>","protected":false},"featured_media":10978,"template":"","meta":{"content-type":"","inline_featured_image":false},"product_brand":[],"product_cat":[41,39],"product_tag":[44,121,46],"class_list":{"0":"post-10977","1":"product","2":"type-product","3":"status-publish","4":"has-post-thumbnail","6":"product_cat-schreibtischstuehle","7":"product_cat-moebel","8":"product_tag-ergonomisch","9":"product_tag-hersteller-haworth","10":"product_tag-hoehenverstellbar","12":"first","13":"instock","14":"taxable","15":"shipping-taxable","16":"purchasable","17":"product-type-simple"},"_links":{"self":[{"href":"https:\/\/xoros-home.de\/fr\/wp-json\/wp\/v2\/product\/10977","targetHints":{"allow":["GET"]}}],"collection":[{"href":"https:\/\/xoros-home.de\/fr\/wp-json\/wp\/v2\/product"}],"about":[{"href":"https:\/\/xoros-home.de\/fr\/wp-json\/wp\/v2\/types\/product"}],"version-history":[{"count":0,"href":"https:\/\/xoros-home.de\/fr\/wp-json\/wp\/v2\/product\/10977\/revisions"}],"wp:featuredmedia":[{"embeddable":true,"href":"https:\/\/xoros-home.de\/fr\/wp-json\/wp\/v2\/media\/10978"}],"wp:attachment":[{"href":"https:\/\/xoros-home.de\/fr\/wp-json\/wp\/v2\/media?parent=10977"}],"wp:term":[{"taxonomy":"product_brand","embeddable":true,"href":"https:\/\/xoros-home.de\/fr\/wp-json\/wp\/v2\/product_brand?post=10977"},{"taxonomy":"product_cat","embeddable":true,"href":"https:\/\/xoros-home.de\/fr\/wp-json\/wp\/v2\/product_cat?post=10977"},{"taxonomy":"product_tag","embeddable":true,"href":"https:\/\/xoros-home.de\/fr\/wp-json\/wp\/v2\/product_tag?post=10977"}],"curies":[{"name":"wp","href":"https:\/\/api.w.org\/{rel}","templated":true}]}}