{"id":10983,"date":"2023-01-06T17:44:25","date_gmt":"2023-01-06T16:44:25","guid":{"rendered":"https:\/\/xoros-home.de\/?post_type=product&#038;p=10983"},"modified":"2023-11-06T15:01:46","modified_gmt":"2023-11-06T14:01:46","slug":"semotion-sedus","status":"publish","type":"product","link":"https:\/\/xoros-home.de\/fr\/produkt\/semotion-sedus\/","title":{"rendered":"se:motion (SEDUS)"},"content":{"rendered":"<ul>\n<li>Rembourrage : assise et dossier rembourr\u00e9s<\/li>\n<li>Appui-lordose r\u00e9glable en hauteur<\/li>\n<li>accoudoirs r\u00e9glables en hauteur avec manchettes en plastique<\/li>\n<li>Poids : 15 kg<\/li>\n<li>Recommand\u00e9 pour un poids d'utilisateur jusqu'\u00e0 130 kg<\/li>\n<\/ul>\n<p><iframe src=\"https:\/\/impress.pcon-solutions.com\/?l=de&amp;embed=https%3A%2F%2Fxoroshome-my.sharepoint.com%2F%3Au%3A%2Fg%2Fpersonal%2Ffrank_ehlers_xoros-home_de%2FETineL5PyEBFkvOastkq5m0B4LD6hbch1XMTVKNIiBrtHw\" width=\"560\" height=\"655\" frameborder=\"1\" allowfullscreen=\"allowfullscreen\"><\/iframe><\/p>\n<p><iframe loading=\"lazy\" src=\"https:\/\/impress.pcon-solutions.com\/?l=de&amp;embed=https%3A%2F%2Fxoroshome-my.sharepoint.com%2F%3Au%3A%2Fg%2Fpersonal%2Ffrank_ehlers_xoros-home_de%2FEXcr-LP78E5GsJSDdwPnz24B-90VSs75BJX9i95IX6g1sw\" width=\"560\" height=\"655\" frameborder=\"1\" allowfullscreen=\"allowfullscreen\"><\/iframe><\/p>","protected":false},"excerpt":{"rendered":"<p>Fonctionnel, ax\u00e9 sur l'utilisateur, ergonomique. La construction r\u00e9volutionnaire de se:motion permet un design fluide, sans superflu. En m\u00eame temps, les d\u00e9tails bien pens\u00e9s qui s'av\u00e8rent payants lors du travail agile sont convaincants. Le maintien et le confort sont garantis dans toutes les positions d'assise et \u00e0 chaque mouvement.<\/p>","protected":false},"featured_media":10984,"template":"","meta":{"content-type":"","inline_featured_image":false},"product_brand":[],"product_cat":[41,39],"product_tag":[44,107,108,45],"class_list":{"0":"post-10983","1":"product","2":"type-product","3":"status-publish","4":"has-post-thumbnail","6":"product_cat-schreibtischstuehle","7":"product_cat-moebel","8":"product_tag-ergonomisch","9":"product_tag-hersteller-sedus","10":"product_tag-made-in-germany","11":"product_tag-platzsparend","13":"first","14":"instock","15":"taxable","16":"shipping-taxable","17":"purchasable","18":"product-type-simple"},"_links":{"self":[{"href":"https:\/\/xoros-home.de\/fr\/wp-json\/wp\/v2\/product\/10983","targetHints":{"allow":["GET"]}}],"collection":[{"href":"https:\/\/xoros-home.de\/fr\/wp-json\/wp\/v2\/product"}],"about":[{"href":"https:\/\/xoros-home.de\/fr\/wp-json\/wp\/v2\/types\/product"}],"version-history":[{"count":0,"href":"https:\/\/xoros-home.de\/fr\/wp-json\/wp\/v2\/product\/10983\/revisions"}],"wp:featuredmedia":[{"embeddable":true,"href":"https:\/\/xoros-home.de\/fr\/wp-json\/wp\/v2\/media\/10984"}],"wp:attachment":[{"href":"https:\/\/xoros-home.de\/fr\/wp-json\/wp\/v2\/media?parent=10983"}],"wp:term":[{"taxonomy":"product_brand","embeddable":true,"href":"https:\/\/xoros-home.de\/fr\/wp-json\/wp\/v2\/product_brand?post=10983"},{"taxonomy":"product_cat","embeddable":true,"href":"https:\/\/xoros-home.de\/fr\/wp-json\/wp\/v2\/product_cat?post=10983"},{"taxonomy":"product_tag","embeddable":true,"href":"https:\/\/xoros-home.de\/fr\/wp-json\/wp\/v2\/product_tag?post=10983"}],"curies":[{"name":"wp","href":"https:\/\/api.w.org\/{rel}","templated":true}]}}