{"id":11140,"date":"2023-02-16T16:49:10","date_gmt":"2023-02-16T15:49:10","guid":{"rendered":"https:\/\/xoros-home.de\/?post_type=product&#038;p=11140"},"modified":"2025-07-08T09:33:49","modified_gmt":"2025-07-08T07:33:49","slug":"coaching-ergonomique-individuel-dans-le-home-office","status":"publish","type":"product","link":"https:\/\/xoros-home.de\/fr\/produkt\/individuelles-ergonomie-coaching-im-homeoffice\/","title":{"rendered":"Coaching ergonomique individuel dans le bureau \u00e0 domicile"},"content":{"rendered":"<p><strong>Coaching ergonomique individuel dans le bureau \u00e0 domicile (rendez-vous en ligne)<\/strong><\/p>\n<p>Dur\u00e9e : env. 45 min (plus pr\u00e9paration et suivi par Ergoimpuls).<\/p>\n<p>Apr\u00e8s r\u00e9servation, un rendez-vous individuel est fix\u00e9. Dans le cadre du coaching individuel, l'accent est mis sur les points suivants :<\/p>\n<ul>\n<li>Analyse individuelle du poste de travail &amp; conseil avec analyse photographique<\/li>\n<li>Choix d'outils ergonomiques<\/li>\n<li>Strat\u00e9gie de changement de comportement<\/li>\n<li>Strat\u00e9gies de soulagement en cas de douleurs<\/li>\n<\/ul>\n<p>Le coaching ergonomique est assur\u00e9 par Susanne Weber ou l'une de ses coll\u00e8gues.<\/p>\n<p><img fetchpriority=\"high\" decoding=\"async\" class=\"alignnone size-medium wp-image-7352\" src=\"https:\/\/xoros-home.de\/wp-content\/uploads\/2022\/03\/Susanne-Weber-von-Ergoimpuls-500px-287x300.jpg\" alt=\"\" width=\"287\" height=\"300\" srcset=\"https:\/\/xoros-home.de\/wp-content\/uploads\/2022\/03\/Susanne-Weber-von-Ergoimpuls-500px-287x300.jpg 287w, https:\/\/xoros-home.de\/wp-content\/uploads\/2022\/03\/Susanne-Weber-von-Ergoimpuls-500px-32x32.jpg 32w, https:\/\/xoros-home.de\/wp-content\/uploads\/2022\/03\/Susanne-Weber-von-Ergoimpuls-500px.jpg 500w\" sizes=\"(max-width: 287px) 100vw, 287px\" \/><\/p>","protected":false},"excerpt":{"rendered":"<p>Comment am\u00e9liorer mon poste de travail \u00e0 domicile d'un point de vue ergonomique ? Comment \u00e9viter les douleurs ? Comment puis-je y contribuer par mon comportement personnel ? Faites-vous conseiller individuellement par un professionnel !<\/p>","protected":false},"featured_media":11139,"template":"","meta":{"content-type":"","inline_featured_image":false},"product_brand":[],"product_cat":[139],"product_tag":[140],"class_list":{"0":"post-11140","1":"product","2":"type-product","3":"status-publish","4":"has-post-thumbnail","6":"product_cat-gesundheits-services-arbeitsschutz","7":"product_tag-ergoimpuls","9":"first","10":"instock","11":"taxable","12":"shipping-taxable","13":"purchasable","14":"product-type-simple"},"_links":{"self":[{"href":"https:\/\/xoros-home.de\/fr\/wp-json\/wp\/v2\/product\/11140","targetHints":{"allow":["GET"]}}],"collection":[{"href":"https:\/\/xoros-home.de\/fr\/wp-json\/wp\/v2\/product"}],"about":[{"href":"https:\/\/xoros-home.de\/fr\/wp-json\/wp\/v2\/types\/product"}],"version-history":[{"count":0,"href":"https:\/\/xoros-home.de\/fr\/wp-json\/wp\/v2\/product\/11140\/revisions"}],"wp:featuredmedia":[{"embeddable":true,"href":"https:\/\/xoros-home.de\/fr\/wp-json\/wp\/v2\/media\/11139"}],"wp:attachment":[{"href":"https:\/\/xoros-home.de\/fr\/wp-json\/wp\/v2\/media?parent=11140"}],"wp:term":[{"taxonomy":"product_brand","embeddable":true,"href":"https:\/\/xoros-home.de\/fr\/wp-json\/wp\/v2\/product_brand?post=11140"},{"taxonomy":"product_cat","embeddable":true,"href":"https:\/\/xoros-home.de\/fr\/wp-json\/wp\/v2\/product_cat?post=11140"},{"taxonomy":"product_tag","embeddable":true,"href":"https:\/\/xoros-home.de\/fr\/wp-json\/wp\/v2\/product_tag?post=11140"}],"curies":[{"name":"wp","href":"https:\/\/api.w.org\/{rel}","templated":true}]}}