{"id":11147,"date":"2023-02-16T16:59:49","date_gmt":"2023-02-16T15:59:49","guid":{"rendered":"https:\/\/xoros-home.de\/?post_type=product&#038;p=11147"},"modified":"2025-07-08T09:34:25","modified_gmt":"2025-07-08T07:34:25","slug":"formation-en-ligne-ergonomiehome-jusqua-25-participants","status":"publish","type":"product","link":"https:\/\/xoros-home.de\/fr\/produkt\/online-training-ergonomiehome-bis-25-teilnehmer\/","title":{"rendered":"Formation en ligne : Ergonomie@Home"},"content":{"rendered":"<p>Dur\u00e9e : 90 min (atelier en ligne).<\/p>\n<p>Une fois la r\u00e9servation effectu\u00e9e, nous convenons d'une date individuelle. L'atelier d'ergonomie est organis\u00e9 en ligne, nous utilisons volontiers vos outils internes (Microsoft Teams, Zoom, Google-Meet, Jitsi, WebEx, etc.). La formation en ligne \"Ergonomie@Home\" couvre les points suivants. L'intervenante vous contactera au pr\u00e9alable pour fixer des priorit\u00e9s individuelles et r\u00e9pondra aux besoins et souhaits de votre entreprise :<\/p>\n<ul>\n<li>L'ABC de l'ergonomie<\/li>\n<li>Tout ce qui concerne le dos<\/li>\n<li>Reconna\u00eetre \u00e0 temps les contraintes physiques et psychiques et renforcer la r\u00e9silience<\/li>\n<li>Ergo Impulse pour les situations de t\u00e9l\u00e9travail<\/li>\n<li>Gestion de soi &amp; organisation personnelle<\/li>\n<\/ul>","protected":false},"excerpt":{"rendered":"<p>Au cours d'un atelier en ligne de 90 minutes, votre \u00e9quipe recevra des conseils informatifs et divertissants sur l'ergonomie.<\/p>","protected":false},"featured_media":11148,"template":"","meta":{"content-type":"","inline_featured_image":false},"product_brand":[],"product_cat":[139],"product_tag":[140],"class_list":{"0":"post-11147","1":"product","2":"type-product","3":"status-publish","4":"has-post-thumbnail","6":"product_cat-gesundheits-services-arbeitsschutz","7":"product_tag-ergoimpuls","9":"first","10":"instock","11":"taxable","12":"shipping-taxable","13":"purchasable","14":"product-type-simple"},"_links":{"self":[{"href":"https:\/\/xoros-home.de\/fr\/wp-json\/wp\/v2\/product\/11147","targetHints":{"allow":["GET"]}}],"collection":[{"href":"https:\/\/xoros-home.de\/fr\/wp-json\/wp\/v2\/product"}],"about":[{"href":"https:\/\/xoros-home.de\/fr\/wp-json\/wp\/v2\/types\/product"}],"version-history":[{"count":0,"href":"https:\/\/xoros-home.de\/fr\/wp-json\/wp\/v2\/product\/11147\/revisions"}],"wp:featuredmedia":[{"embeddable":true,"href":"https:\/\/xoros-home.de\/fr\/wp-json\/wp\/v2\/media\/11148"}],"wp:attachment":[{"href":"https:\/\/xoros-home.de\/fr\/wp-json\/wp\/v2\/media?parent=11147"}],"wp:term":[{"taxonomy":"product_brand","embeddable":true,"href":"https:\/\/xoros-home.de\/fr\/wp-json\/wp\/v2\/product_brand?post=11147"},{"taxonomy":"product_cat","embeddable":true,"href":"https:\/\/xoros-home.de\/fr\/wp-json\/wp\/v2\/product_cat?post=11147"},{"taxonomy":"product_tag","embeddable":true,"href":"https:\/\/xoros-home.de\/fr\/wp-json\/wp\/v2\/product_tag?post=11147"}],"curies":[{"name":"wp","href":"https:\/\/api.w.org\/{rel}","templated":true}]}}