{"id":11168,"date":"2023-02-21T09:09:39","date_gmt":"2023-02-21T08:09:39","guid":{"rendered":"https:\/\/xoros-home.de\/?post_type=product&#038;p=11168"},"modified":"2024-02-22T18:25:15","modified_gmt":"2024-02-22T17:25:15","slug":"table-pliante-rackpod-system-180","status":"publish","type":"product","link":"https:\/\/xoros-home.de\/fr\/produkt\/klapptisch-rackpod-system-180\/","title":{"rendered":"Table pliante RackPod S (Syst\u00e8me 180)"},"content":{"rendered":"<p><strong>mod\u00e8le 3D :<\/strong><\/p>\n<p><iframe src=\"https:\/\/impress.pcon-solutions.com\/?l=de&amp;embed=https%3A%2F%2Fxoroshome-my.sharepoint.com%2F%3Au%3A%2Fg%2Fpersonal%2Ffrank_ehlers_xoros-home_de%2FEfr6a27eDQ9BjRW27T0xZoIB8z88A5bW0Ed6U8f5ZcX0Wg\" width=\"450\" height=\"450\" frameborder=\"1\" allowfullscreen=\"allowfullscreen\"><\/iframe><\/p>\n<p>&nbsp;<\/p>\n<p><strong>Dimensions :<\/strong><\/p>\n<p>Largeur x hauteur x profondeur : 160 x 75 x 79 cm<\/p>\n<p>Repli\u00e9 : 10 cm de hauteur.<\/p>","protected":false},"excerpt":{"rendered":"<p>Le RackPod est un bureau design pliable sur roulettes. La surface de travail est constitu\u00e9e de panneaux l\u00e9gers robustes de 38 mm d'\u00e9paisseur avec une surface blanche et un bord noir contrast\u00e9. Le pi\u00e8tement en acier inoxydable bross\u00e9 est pliable, ce qui permet de ranger les bureaux de mani\u00e8re pratique et peu encombrante lorsqu'ils ne sont pas utilis\u00e9s.<\/p>","protected":false},"featured_media":11169,"template":"","meta":{"content-type":"","inline_featured_image":false},"product_brand":[],"product_cat":[189,191,39,40],"product_tag":[141,51,108,45],"class_list":{"0":"post-11168","1":"product","2":"type-product","3":"status-publish","4":"has-post-thumbnail","6":"product_cat-office-schreibtische","7":"product_cat-homeoffice-design-premium","8":"product_cat-moebel","9":"product_cat-schreibtische","10":"product_tag-hersteller-system-180","11":"product_tag-klappbar","12":"product_tag-made-in-germany","13":"product_tag-platzsparend","15":"first","16":"instock","17":"taxable","18":"shipping-taxable","19":"purchasable","20":"product-type-simple"},"_links":{"self":[{"href":"https:\/\/xoros-home.de\/fr\/wp-json\/wp\/v2\/product\/11168","targetHints":{"allow":["GET"]}}],"collection":[{"href":"https:\/\/xoros-home.de\/fr\/wp-json\/wp\/v2\/product"}],"about":[{"href":"https:\/\/xoros-home.de\/fr\/wp-json\/wp\/v2\/types\/product"}],"version-history":[{"count":0,"href":"https:\/\/xoros-home.de\/fr\/wp-json\/wp\/v2\/product\/11168\/revisions"}],"wp:featuredmedia":[{"embeddable":true,"href":"https:\/\/xoros-home.de\/fr\/wp-json\/wp\/v2\/media\/11169"}],"wp:attachment":[{"href":"https:\/\/xoros-home.de\/fr\/wp-json\/wp\/v2\/media?parent=11168"}],"wp:term":[{"taxonomy":"product_brand","embeddable":true,"href":"https:\/\/xoros-home.de\/fr\/wp-json\/wp\/v2\/product_brand?post=11168"},{"taxonomy":"product_cat","embeddable":true,"href":"https:\/\/xoros-home.de\/fr\/wp-json\/wp\/v2\/product_cat?post=11168"},{"taxonomy":"product_tag","embeddable":true,"href":"https:\/\/xoros-home.de\/fr\/wp-json\/wp\/v2\/product_tag?post=11168"}],"curies":[{"name":"wp","href":"https:\/\/api.w.org\/{rel}","templated":true}]}}