{"id":11175,"date":"2023-02-21T18:17:58","date_gmt":"2023-02-21T17:17:58","guid":{"rendered":"https:\/\/xoros-home.de\/?post_type=product&#038;p=11175"},"modified":"2025-07-06T17:05:22","modified_gmt":"2025-07-06T15:05:22","slug":"boite-telephonique-jetson-s1-mute","status":"publish","type":"product","link":"https:\/\/xoros-home.de\/fr\/produkt\/telefonbox-jetson-s1-mute\/","title":{"rendered":"Bo\u00eete t\u00e9l\u00e9phonique Jetson S1 (MUTE)"},"content":{"rendered":"<p>La structure du Jetson S1 est fabriqu\u00e9e en aluminium extrud\u00e9, ce qui le rend beaucoup plus durable et l\u00e9ger que les mod\u00e8les fabriqu\u00e9s \u00e0 base de panneaux de bois. En combinaison avec le syst\u00e8me de fixation murale sans outils, le Jetson S1 se monte et se d\u00e9monte aussi rapidement et facilement qu'aucun autre bo\u00eetier t\u00e9l\u00e9phonique sur le march\u00e9.<\/p>\n<p>Jetson S1 existe en noir ou en blanc. En option, les parois ext\u00e9rieures peuvent \u00eatre \u00e9quip\u00e9es de biblioth\u00e8ques ou de tableaux blancs.<\/p>\n<p>Fiche de donn\u00e9es :\u00a0<a href=\"https:\/\/xoros-home.de\/wp-content\/uploads\/2023\/02\/Jetson_S1_Daten_DE.pdf\" target=\"_blank\" rel=\"noopener\">T\u00e9l\u00e9charger la fiche technique du Jetson S1<\/a><\/p>\n<p>&nbsp;<\/p>\n<p><strong>mod\u00e8le 3D :<\/strong><\/p>\n<p><iframe src=\"https:\/\/impress.pcon-solutions.com\/?l=de&amp;embed=https%3A%2F%2Fxoroshome-my.sharepoint.com%2F%3Au%3A%2Fg%2Fpersonal%2Ffrank_ehlers_xoros-home_de%2FETxXzY2RH0VHn6FY3tnJ68YBxhmpfwmkyNYBOT5HcqLOZQ\" width=\"450\" height=\"450\" frameborder=\"1\" allowfullscreen=\"allowfullscreen\"><span data-mce-type=\"bookmark\" style=\"display: inline-block; width: 0px; overflow: hidden; line-height: 0;\" class=\"mce_SELRES_start\"><\/span><span data-mce-type=\"bookmark\" style=\"display: inline-block; width: 0px; overflow: hidden; line-height: 0;\" class=\"mce_SELRES_start\"><\/span><\/iframe><\/p>\n<p>&nbsp;<\/p>\n<p><strong>\u00c9quipement :<\/strong><\/p>\n<ul>\n<li>Syst\u00e8me de ventilation<\/li>\n<li>Lumi\u00e8re LED<\/li>\n<li>D\u00e9tecteurs de pr\u00e9sence pour ventilateurs et lumi\u00e8re<\/li>\n<li>Barrette avec 2 prises de courant et 2 ports USB<\/li>\n<li>Plateau de table mont\u00e9 au mur<\/li>\n<li>Rail d'exposition, support de t\u00e9l\u00e9phone<\/li>\n<li>Crochet mural et aimant<\/li>\n<li>C\u00e2ble d'alimentation 3 m<\/li>\n<\/ul>\n<p><strong>Dimensions et poids :<\/strong><\/p>\n<ul>\n<li>largeur (ext\u00e9rieur \/ int\u00e9rieur) : 1000 mm \/ 860 mm<\/li>\n<li>profondeur (ext\u00e9rieur \/ int\u00e9rieur) : 1000 mm \/ 860 mm + 800 mm avec la porte ouverte<\/li>\n<li>Hauteur (ext\u00e9rieur \/ int\u00e9rieur) : 2247 mm \/ 2105 mm<\/li>\n<li class=\"tech-specs__field\">Plateau (L x P x H) : 860 x 300 x r\u00e9glable (tous les 4,5 cm)<\/li>\n<li class=\"tech-specs__field\">Poids : 210 kg<\/li>\n<\/ul>\n<p><strong>Donn\u00e9es acoustiques et ventilation :<\/strong><\/p>\n<ul>\n<li>Att\u00e9nuation de la parole : 26,4 dB, classe B par ISO 23351<\/li>\n<li>RT20 int\u00e9rieur : &lt;0,2 s selon ISO 354:2000<\/li>\n<li>D\u00e9bit d'air : 50 m3\/h<\/li>\n<li>Bruit de ventilation ext\u00e9rieur \/ int\u00e9rieur : \u226430 dB \/ \u226436 dB<\/li>\n<\/ul>\n<p><strong>Prise multiple :<\/strong><\/p>\n<ul>\n<li>Tension d'alimentation : 220-240 \/ 100-120 VAC, 50-60 Hz<\/li>\n<li>Prises de courant : 2<\/li>\n<li>Chargeur rapide USB : TUF A+C 25 W, 5 V DC<\/li>\n<li>Syst\u00e8me de montage : Incl.<\/li>\n<li>Couleur : Noir<\/li>\n<\/ul>","protected":false},"excerpt":{"rendered":"<p>L'oasis acoustique pour une personne !<\/p>\n<p>Le Jetson S1 est le tout nouveau bo\u00eetier t\u00e9l\u00e9phonique du sp\u00e9cialiste de l'acoustique \"Mute\". Des mat\u00e9riaux de haute qualit\u00e9, des composants durables et un am\u00e9nagement int\u00e9rieur bien pens\u00e9 rencontrent des prix avantageux. Ceux-ci existent parce que la Jetson S1 n'est disponible qu'en noir ou en blanc, ce qui permet une production plus efficace.<\/p>\n<p>La famille Jetson se compose de la grande <a href=\"https:\/\/xoros-home.de\/fr\/produit\/meetingbox-jetson-l4-mute-2\/\">Coffret de r\u00e9union 4 places Jetson L4<\/a>, qui <a href=\"https:\/\/xoros-home.de\/fr\/produit\/boite-de-reunion-jetson-l2-mute\/\">Coffret de r\u00e9union pour 2 personnes Jetson L2<\/a>, qui <a href=\"https:\/\/xoros-home.de\/fr\/produit\/boite-de-reunion-jetson-m1-mute\/\">Bo\u00eete de travail M1<\/a> et la petite <a href=\"https:\/\/xoros-home.de\/fr\/produit\/boite-telephonique-jetson-s1-mute\/\">Bo\u00eete t\u00e9l\u00e9phonique Jetson S1<\/a>.<\/p>\n<p><img decoding=\"async\" class=\"alignnone wp-image-11202 size-thumbnail\" src=\"https:\/\/xoros-home.de\/wp-content\/uploads\/2023\/02\/logo-mute.svg\" alt=\"\" width=\"150\" height=\"30\" \/><\/p>","protected":false},"featured_media":11186,"template":"","meta":{"content-type":"","inline_featured_image":false},"product_brand":[],"product_cat":[131],"product_tag":[132,142],"class_list":{"0":"post-11175","1":"product","2":"type-product","3":"status-publish","4":"has-post-thumbnail","6":"product_cat-telefonbox","7":"product_tag-effizienter-schallschutz","8":"product_tag-hersteller-mute","10":"first","11":"instock","12":"taxable","13":"shipping-taxable","14":"purchasable","15":"product-type-simple"},"_links":{"self":[{"href":"https:\/\/xoros-home.de\/fr\/wp-json\/wp\/v2\/product\/11175","targetHints":{"allow":["GET"]}}],"collection":[{"href":"https:\/\/xoros-home.de\/fr\/wp-json\/wp\/v2\/product"}],"about":[{"href":"https:\/\/xoros-home.de\/fr\/wp-json\/wp\/v2\/types\/product"}],"version-history":[{"count":1,"href":"https:\/\/xoros-home.de\/fr\/wp-json\/wp\/v2\/product\/11175\/revisions"}],"predecessor-version":[{"id":11189,"href":"https:\/\/xoros-home.de\/fr\/wp-json\/wp\/v2\/product\/11175\/revisions\/11189"}],"wp:featuredmedia":[{"embeddable":true,"href":"https:\/\/xoros-home.de\/fr\/wp-json\/wp\/v2\/media\/11186"}],"wp:attachment":[{"href":"https:\/\/xoros-home.de\/fr\/wp-json\/wp\/v2\/media?parent=11175"}],"wp:term":[{"taxonomy":"product_brand","embeddable":true,"href":"https:\/\/xoros-home.de\/fr\/wp-json\/wp\/v2\/product_brand?post=11175"},{"taxonomy":"product_cat","embeddable":true,"href":"https:\/\/xoros-home.de\/fr\/wp-json\/wp\/v2\/product_cat?post=11175"},{"taxonomy":"product_tag","embeddable":true,"href":"https:\/\/xoros-home.de\/fr\/wp-json\/wp\/v2\/product_tag?post=11175"}],"curies":[{"name":"wp","href":"https:\/\/api.w.org\/{rel}","templated":true}]}}