{"id":11194,"date":"2023-02-23T11:30:49","date_gmt":"2023-02-23T10:30:49","guid":{"rendered":"https:\/\/xoros-home.de\/?post_type=product&#038;p=11194"},"modified":"2024-09-17T10:06:45","modified_gmt":"2024-09-17T08:06:45","slug":"boite-telephonique-space-s-mute","status":"publish","type":"product","link":"https:\/\/xoros-home.de\/fr\/produkt\/telefonbox-space-s-mute\/","title":{"rendered":"Bo\u00eete t\u00e9l\u00e9phonique Space S (MUTE)"},"content":{"rendered":"<p>Fiche de donn\u00e9es : <a href=\"https:\/\/xoros-home.de\/wp-content\/uploads\/2023\/02\/Space_S_Daten_DE_2021.pdf\">T\u00e9l\u00e9charger la fiche technique de la Space S<\/a>.<\/p>\n<table>\n<tbody>\n<tr>\n<th>\u00c9quipement<\/th>\n<th>Mod\u00e8le Standard<\/th>\n<th>Mod\u00e8le de vid\u00e9oconf\u00e9rence<\/th>\n<\/tr>\n<tr>\n<td>Syst\u00e8me de ventilation<\/td>\n<td>contiennent<\/td>\n<td>contiennent<\/td>\n<\/tr>\n<tr>\n<td>Lumi\u00e8re LED<\/td>\n<td>contiennent<\/td>\n<td>contiennent<\/td>\n<\/tr>\n<tr>\n<td>D\u00e9tecteur de mouvement<\/td>\n<td>contiennent<\/td>\n<td>contiennent<\/td>\n<\/tr>\n<tr>\n<td>Prise de courant<\/td>\n<td>contiennent<\/td>\n<td>contiennent<\/td>\n<\/tr>\n<tr>\n<td>Plateau de table mural<\/td>\n<td>contiennent<\/td>\n<td>contiennent<\/td>\n<\/tr>\n<tr>\n<td>Crochet mural (supporte une charge de 5 kg)<\/td>\n<td>contiennent<\/td>\n<td>contiennent<\/td>\n<\/tr>\n<tr>\n<td>Tapis graphite<\/td>\n<td>contiennent<\/td>\n<td>contiennent<\/td>\n<\/tr>\n<tr>\n<td>ouverture de porte \u00e0 gauche ou \u00e0 droite au choix<\/td>\n<td>contiennent<\/td>\n<td>contiennent<\/td>\n<\/tr>\n<tr>\n<td>tabouret r\u00e9glable en hauteur<\/td>\n<td>moyennant un suppl\u00e9ment<\/td>\n<td>contiennent<\/td>\n<\/tr>\n<tr>\n<td>USB A&amp;C<\/td>\n<td>moyennant un suppl\u00e9ment<\/td>\n<td>contiennent<\/td>\n<\/tr>\n<tr>\n<td>Connexion au r\u00e9seau local<\/td>\n<td>moyennant un suppl\u00e9ment<\/td>\n<td>\u00a0moyennant un suppl\u00e9ment<\/td>\n<\/tr>\n<tr>\n<td>Support int\u00e9gr\u00e9 au mur avec plaque VESA 75 &amp; 100<\/td>\n<td>\u2013<\/td>\n<td>contiennent<\/td>\n<\/tr>\n<tr>\n<td>USB et HDMI pour la transmission vid\u00e9o<\/td>\n<td>\u2013<\/td>\n<td>contiennent<\/td>\n<\/tr>\n<tr>\n<td>Dossier mont\u00e9 sur le mur<\/td>\n<td>moyennant un suppl\u00e9ment<\/td>\n<td>\u2013<\/td>\n<\/tr>\n<tr>\n<td>roulettes int\u00e9gr\u00e9es pour un d\u00e9placement facile<\/td>\n<td>moyennant un suppl\u00e9ment<\/td>\n<td>moyennant un suppl\u00e9ment<\/td>\n<\/tr>\n<tr>\n<td>Panneau de commande pour la lumi\u00e8re et l'\u00e9clairage<\/td>\n<td>moyennant un suppl\u00e9ment<\/td>\n<td>moyennant un suppl\u00e9ment<\/td>\n<\/tr>\n<\/tbody>\n<\/table>\n<p><strong>Dimensions et poids :<\/strong><\/p>\n<ul>\n<li>largeur (ext\u00e9rieur \/ int\u00e9rieur) : 1000 mm \/ 805 mm<\/li>\n<li>profondeur (ext\u00e9rieur \/ int\u00e9rieur) : 1000 mm (+ 700 mm avec la porte ouverte) \/ 887 mm<\/li>\n<li>Hauteur (ext\u00e9rieur \/ int\u00e9rieur) : 2247 mm \/ 2080 mm (distance au plafond : 2000 mm pour la ventilation)<\/li>\n<li class=\"tech-specs__field\">Poids : 347 kg<\/li>\n<\/ul>\n<p><strong>Donn\u00e9es acoustiques et ventilation :<\/strong><\/p>\n<ul>\n<li>Isolation acoustique : selon la fr\u00e9quence, entre 30 dB (sons graves) et plus de 45 dB (fr\u00e9quences \u00e9lev\u00e9es)<\/li>\n<li>RT20 Performance int\u00e9rieure : &lt;0,2 s selon PN-EN ISO 354:2005<\/li>\n<li>D\u00e9bit d'air : 63 m3\/h<\/li>\n<\/ul>\n<p><iframe src=\"https:\/\/impress.pcon-solutions.com\/?l=de&amp;embed=https%3A%2F%2Fxoroshome-my.sharepoint.com%2F%3Au%3A%2Fg%2Fpersonal%2Ffrank_ehlers_xoros-home_de%2FEUHrHXHgab1Eui1JIFsF-G8BJxxhz7xOmf7bw-ILgNeaEw\" width=\"450\" height=\"450\" frameborder=\"1\" allowfullscreen=\"allowfullscreen\"><\/iframe><\/p>","protected":false},"excerpt":{"rendered":"<p>Le bo\u00eetier t\u00e9l\u00e9phonique Space S de Mute dispose d'une isolation phonique extr\u00eamement \u00e9lev\u00e9e, ce qui permet de l'utiliser m\u00eame dans les gares et les a\u00e9roports ! Sois donc s\u00fbr que m\u00eame si tes coll\u00e8gues sont tr\u00e8s bruyants dans un bureau paysager, tu trouveras dans la Space S un lieu de silence pour te concentrer sur ton travail ou pour des conf\u00e9rences t\u00e9l\u00e9phoniques ou des vid\u00e9oconf\u00e9rences importantes.<\/p>\n<p>La Space S existe en deux mod\u00e8les diff\u00e9rents :<\/p>\n<ul>\n<li>Mod\u00e8le standard<\/li>\n<li>Mod\u00e8le de vid\u00e9oconf\u00e9rence (avec support d'\u00e9cran int\u00e9gr\u00e9 au mur)<\/li>\n<\/ul>","protected":false},"featured_media":11195,"template":"","meta":{"content-type":"","inline_featured_image":false},"product_brand":[],"product_cat":[131],"product_tag":[132,142],"class_list":{"0":"post-11194","1":"product","2":"type-product","3":"status-publish","4":"has-post-thumbnail","6":"product_cat-telefonbox","7":"product_tag-effizienter-schallschutz","8":"product_tag-hersteller-mute","10":"first","11":"instock","12":"taxable","13":"shipping-taxable","14":"purchasable","15":"product-type-simple"},"_links":{"self":[{"href":"https:\/\/xoros-home.de\/fr\/wp-json\/wp\/v2\/product\/11194","targetHints":{"allow":["GET"]}}],"collection":[{"href":"https:\/\/xoros-home.de\/fr\/wp-json\/wp\/v2\/product"}],"about":[{"href":"https:\/\/xoros-home.de\/fr\/wp-json\/wp\/v2\/types\/product"}],"version-history":[{"count":1,"href":"https:\/\/xoros-home.de\/fr\/wp-json\/wp\/v2\/product\/11194\/revisions"}],"predecessor-version":[{"id":11209,"href":"https:\/\/xoros-home.de\/fr\/wp-json\/wp\/v2\/product\/11194\/revisions\/11209"}],"wp:featuredmedia":[{"embeddable":true,"href":"https:\/\/xoros-home.de\/fr\/wp-json\/wp\/v2\/media\/11195"}],"wp:attachment":[{"href":"https:\/\/xoros-home.de\/fr\/wp-json\/wp\/v2\/media?parent=11194"}],"wp:term":[{"taxonomy":"product_brand","embeddable":true,"href":"https:\/\/xoros-home.de\/fr\/wp-json\/wp\/v2\/product_brand?post=11194"},{"taxonomy":"product_cat","embeddable":true,"href":"https:\/\/xoros-home.de\/fr\/wp-json\/wp\/v2\/product_cat?post=11194"},{"taxonomy":"product_tag","embeddable":true,"href":"https:\/\/xoros-home.de\/fr\/wp-json\/wp\/v2\/product_tag?post=11194"}],"curies":[{"name":"wp","href":"https:\/\/api.w.org\/{rel}","templated":true}]}}