{"id":11611,"date":"2023-03-09T18:25:45","date_gmt":"2023-03-09T17:25:45","guid":{"rendered":"https:\/\/xoros-home.de\/?post_type=product&#038;p=11611"},"modified":"2024-02-22T18:23:56","modified_gmt":"2024-02-22T17:23:56","slug":"flatup-secretaire-fm-mobilier-de-bureau","status":"publish","type":"product","link":"https:\/\/xoros-home.de\/fr\/produkt\/flatup-sekretaer-fm-bueromoebel\/","title":{"rendered":"FLATup - secr\u00e9taire (fm meubles de bureau)"},"content":{"rendered":"<p><strong>Type de construction :<\/strong><br \/>\nLe corps FLATup est chevill\u00e9 et coll\u00e9, le panneau arri\u00e8re de 19 mm d'\u00e9paisseur est \u00e9galement coll\u00e9. Toutes les pi\u00e8ces utilis\u00e9es dans le syst\u00e8me FLATup ont le m\u00eame d\u00e9cor \u00e0 l'int\u00e9rieur et \u00e0 l'ext\u00e9rieur. Le FLATup est mont\u00e9 en s\u00e9rie sur des roulettes de 50 mm, adapt\u00e9es aux sols durs et souples.<br \/>\nLa charge maximale par unit\u00e9 de surface du plateau de table est de 18 kg.<\/p>\n<p><strong>Alimentation \u00e9lectrique\/passage de c\u00e2bles :<\/strong><br \/>\nLe FLATup est \u00e9quip\u00e9 d'un passage de c\u00e2ble. Nous recommandons d'utiliser une prise multiple du commerce (non fournie). Celle-ci peut par exemple \u00eatre rang\u00e9e dans le compartiment 4 pour alimenter en \u00e9lectricit\u00e9 un moniteur externe ainsi qu'un ordinateur portable et\/ou une lampe de table.<\/p>\n<p><strong>Dimensions :<\/strong><\/p>\n<p><strong><img fetchpriority=\"high\" decoding=\"async\" class=\"alignnone wp-image-11612 size-full\" src=\"https:\/\/xoros-home.de\/wp-content\/uploads\/2023\/03\/Abmessungen-1.jpg\" alt=\"\" width=\"446\" height=\"326\" srcset=\"https:\/\/xoros-home.de\/wp-content\/uploads\/2023\/03\/Abmessungen-1.jpg 446w, https:\/\/xoros-home.de\/wp-content\/uploads\/2023\/03\/Abmessungen-1-300x219.jpg 300w, https:\/\/xoros-home.de\/wp-content\/uploads\/2023\/03\/Abmessungen-1-16x12.jpg 16w\" sizes=\"(max-width: 446px) 100vw, 446px\" \/> <img decoding=\"async\" class=\"alignnone wp-image-11613 size-full\" src=\"https:\/\/xoros-home.de\/wp-content\/uploads\/2023\/03\/abmessungen-2.jpg\" alt=\"\" width=\"315\" height=\"326\" srcset=\"https:\/\/xoros-home.de\/wp-content\/uploads\/2023\/03\/abmessungen-2.jpg 315w, https:\/\/xoros-home.de\/wp-content\/uploads\/2023\/03\/abmessungen-2-290x300.jpg 290w, https:\/\/xoros-home.de\/wp-content\/uploads\/2023\/03\/abmessungen-2-12x12.jpg 12w, https:\/\/xoros-home.de\/wp-content\/uploads\/2023\/03\/abmessungen-2-32x32.jpg 32w\" sizes=\"(max-width: 315px) 100vw, 315px\" \/><\/strong><\/p>\n<p>&nbsp;<\/p>\n<p><strong>Accessoires en option :<br \/>\n<\/strong>Une tablette embo\u00eetable permet de travailler en position debout. La tablette est suffisamment grande et stable pour accueillir un ordinateur portable.<\/p>\n<p>&nbsp;<\/p>\n<p><strong>mod\u00e8le 3D :<\/strong><\/p>\n<p><iframe src=\"https:\/\/impress.pcon-solutions.com\/?embed=https%3A%2F%2Fxoroshome-my.sharepoint.com%2F%3Au%3A%2Fg%2Fpersonal%2Ffrank_ehlers_xoros-home_de%2FERtj9DopBqBKn0hB8O0ck40BA9G71-lv_ZUMyydApuew1w\" width=\"450\" height=\"450\" frameborder=\"1\" allowfullscreen=\"allowfullscreen\"><\/iframe><\/p>","protected":false},"excerpt":{"rendered":"<p>Le FLATup fait partie des gagnants du German Design Award 2023 ! Repli\u00e9, FLATup est un meuble d\u00e9coratif. D\u00e9pli\u00e9, FLATup se transforme en un bureau \u00e0 domicile qui peut \u00eatre install\u00e9 presque partout gr\u00e2ce aux roulettes int\u00e9gr\u00e9es : m\u00eame sur la terrasse si le temps le permet !<\/p>","protected":false},"featured_media":11614,"template":"","meta":{"content-type":"","inline_featured_image":false},"product_brand":[],"product_cat":[191,39,40],"product_tag":[143,51,108,45],"class_list":{"0":"post-11611","1":"product","2":"type-product","3":"status-publish","4":"has-post-thumbnail","6":"product_cat-homeoffice-design-premium","7":"product_cat-moebel","8":"product_cat-schreibtische","9":"product_tag-hersteller-fm-bueromoebel","10":"product_tag-klappbar","11":"product_tag-made-in-germany","12":"product_tag-platzsparend","14":"first","15":"instock","16":"taxable","17":"shipping-taxable","18":"purchasable","19":"product-type-simple"},"_links":{"self":[{"href":"https:\/\/xoros-home.de\/fr\/wp-json\/wp\/v2\/product\/11611","targetHints":{"allow":["GET"]}}],"collection":[{"href":"https:\/\/xoros-home.de\/fr\/wp-json\/wp\/v2\/product"}],"about":[{"href":"https:\/\/xoros-home.de\/fr\/wp-json\/wp\/v2\/types\/product"}],"version-history":[{"count":1,"href":"https:\/\/xoros-home.de\/fr\/wp-json\/wp\/v2\/product\/11611\/revisions"}],"predecessor-version":[{"id":11658,"href":"https:\/\/xoros-home.de\/fr\/wp-json\/wp\/v2\/product\/11611\/revisions\/11658"}],"wp:featuredmedia":[{"embeddable":true,"href":"https:\/\/xoros-home.de\/fr\/wp-json\/wp\/v2\/media\/11614"}],"wp:attachment":[{"href":"https:\/\/xoros-home.de\/fr\/wp-json\/wp\/v2\/media?parent=11611"}],"wp:term":[{"taxonomy":"product_brand","embeddable":true,"href":"https:\/\/xoros-home.de\/fr\/wp-json\/wp\/v2\/product_brand?post=11611"},{"taxonomy":"product_cat","embeddable":true,"href":"https:\/\/xoros-home.de\/fr\/wp-json\/wp\/v2\/product_cat?post=11611"},{"taxonomy":"product_tag","embeddable":true,"href":"https:\/\/xoros-home.de\/fr\/wp-json\/wp\/v2\/product_tag?post=11611"}],"curies":[{"name":"wp","href":"https:\/\/api.w.org\/{rel}","templated":true}]}}