{"id":11632,"date":"2023-03-10T14:24:43","date_gmt":"2023-03-10T13:24:43","guid":{"rendered":"https:\/\/xoros-home.de\/?post_type=product&#038;p=11632"},"modified":"2025-07-08T09:38:25","modified_gmt":"2025-07-08T07:38:25","slug":"formation-en-ligne-a-domicile","status":"publish","type":"product","link":"https:\/\/xoros-home.de\/fr\/produkt\/onlineunterweisung-homeoffice\/","title":{"rendered":"Formation en ligne sur le t\u00e9l\u00e9travail"},"content":{"rendered":"<p>Conform\u00e9ment au \u00a7 12 de la loi sur la protection du travail, toutes les entreprises sont tenues d'organiser des formations pour leurs employ\u00e9s. Cependant, diff\u00e9rents facteurs (maladie, vacances, travail \u00e0 domicile) rendent souvent la planification et la mise en \u0153uvre difficiles.<br \/>\nAvec la formation en ligne, ind\u00e9pendante du temps et du lieu, l'IfG GmbH propose un outil de formation des employ\u00e9s sur le th\u00e8me du home office. Apr\u00e8s l'instruction en ligne, les collaborateurs seront en mesure de se comporter de mani\u00e8re s\u00fbre et saine dans leur bureau \u00e0 domicile.<\/p>\n<ul>\n<li>Dur\u00e9e de traitement env. 10 min<\/li>\n<li>Envoi d'un e-mail d'invitation avec un lien d'acc\u00e8s individualis\u00e9 aux employ\u00e9s<\/li>\n<li>Contr\u00f4le des r\u00e9sultats d'apprentissage \u00e0 la fin de la formation<\/li>\n<li>Preuve d'instruction sous forme \u00e9lectronique<\/li>\n<\/ul>\n<p>Chaque formation est document\u00e9e au niveau des collaborateurs comme un service r\u00e9serv\u00e9 - les responsables de l'entreprise ont ainsi \u00e0 tout moment une vue d'ensemble et peuvent prouver quand la derni\u00e8re formation a \u00e9t\u00e9 effectu\u00e9e ou demander une nouvelle formation en temps voulu.<\/p>","protected":false},"excerpt":{"rendered":"<p>Conform\u00e9ment au \u00a7 12 de la loi sur la protection du travail, toutes les entreprises sont tenues d'organiser des formations pour leurs employ\u00e9s. Cependant, diff\u00e9rents facteurs (maladie, vacances, bureau \u00e0 domicile) rendent souvent la planification et la mise en \u0153uvre difficiles. La formation en ligne, ind\u00e9pendante du temps et du lieu, permet d'y rem\u00e9dier facilement en tenant compte de la situation particuli\u00e8re du t\u00e9l\u00e9travail.<\/p>","protected":false},"featured_media":11633,"template":"","meta":{"content-type":"","inline_featured_image":false},"product_brand":[],"product_cat":[139],"product_tag":[144],"class_list":{"0":"post-11632","1":"product","2":"type-product","3":"status-publish","4":"has-post-thumbnail","6":"product_cat-gesundheits-services-arbeitsschutz","7":"product_tag-institut-fuer-gesundheit-und-management","9":"first","10":"instock","11":"taxable","12":"shipping-taxable","13":"purchasable","14":"product-type-simple"},"_links":{"self":[{"href":"https:\/\/xoros-home.de\/fr\/wp-json\/wp\/v2\/product\/11632","targetHints":{"allow":["GET"]}}],"collection":[{"href":"https:\/\/xoros-home.de\/fr\/wp-json\/wp\/v2\/product"}],"about":[{"href":"https:\/\/xoros-home.de\/fr\/wp-json\/wp\/v2\/types\/product"}],"version-history":[{"count":0,"href":"https:\/\/xoros-home.de\/fr\/wp-json\/wp\/v2\/product\/11632\/revisions"}],"wp:featuredmedia":[{"embeddable":true,"href":"https:\/\/xoros-home.de\/fr\/wp-json\/wp\/v2\/media\/11633"}],"wp:attachment":[{"href":"https:\/\/xoros-home.de\/fr\/wp-json\/wp\/v2\/media?parent=11632"}],"wp:term":[{"taxonomy":"product_brand","embeddable":true,"href":"https:\/\/xoros-home.de\/fr\/wp-json\/wp\/v2\/product_brand?post=11632"},{"taxonomy":"product_cat","embeddable":true,"href":"https:\/\/xoros-home.de\/fr\/wp-json\/wp\/v2\/product_cat?post=11632"},{"taxonomy":"product_tag","embeddable":true,"href":"https:\/\/xoros-home.de\/fr\/wp-json\/wp\/v2\/product_tag?post=11632"}],"curies":[{"name":"wp","href":"https:\/\/api.w.org\/{rel}","templated":true}]}}