{"id":11636,"date":"2023-03-10T14:21:27","date_gmt":"2023-03-10T13:21:27","guid":{"rendered":"https:\/\/xoros-home.de\/?post_type=product&#038;p=11636"},"modified":"2025-07-08T09:37:43","modified_gmt":"2025-07-08T07:37:43","slug":"evaluation-des-risques-dans-le-home-office","status":"publish","type":"product","link":"https:\/\/xoros-home.de\/fr\/produkt\/gefaehrdungsbeurteilung-im-homeoffice\/","title":{"rendered":"\u00c9valuation des risques dans les bureaux \u00e0 domicile"},"content":{"rendered":"<p>Un outil en ligne permet d'\u00e9valuer les postes de travail en home office et, le cas \u00e9ch\u00e9ant, de mettre en \u00e9vidence les am\u00e9liorations possibles afin de pr\u00e9server la sant\u00e9 de tous les collaborateurs\/trices \u00e9galement en home office.<br \/>\nPour ce faire, les postes de travail en home office sont compar\u00e9s aux crit\u00e8res publi\u00e9s par l'Institut pour le travail et la sant\u00e9 (FBVW-402) et \u00e9valu\u00e9s par des sp\u00e9cialistes de la s\u00e9curit\u00e9 au travail. Par la suite, vous recevrez une documentation juridiquement valable pour chaque poste de travail individuel ainsi que des propositions de mesures pour optimiser l'am\u00e9nagement du poste de travail si n\u00e9cessaire.<\/p>\n<ul>\n<li>Dur\u00e9e de l'enqu\u00eate : environ 10 minutes<\/li>\n<li>\u00c9valuation des crit\u00e8res suivants en tenant compte du temps de travail en home office :\n<ul>\n<li>Table de travail<\/li>\n<li>Si\u00e8ge de travail<\/li>\n<li>Mat\u00e9riel informatique<\/li>\n<li>\u00c9cran<\/li>\n<li>Espace de travail<\/li>\n<li>Environnement de travail<\/li>\n<\/ul>\n<\/li>\n<li>Production de r\u00e9sultats \/ de recommandations environ 14 jours apr\u00e8s avoir r\u00e9pondu enti\u00e8rement au questionnaire<\/li>\n<\/ul>","protected":false},"excerpt":{"rendered":"<p>Un outil en ligne permet d'\u00e9valuer les postes de travail en home office et, le cas \u00e9ch\u00e9ant, de mettre en \u00e9vidence les am\u00e9liorations possibles afin de pr\u00e9server la sant\u00e9 de tous les collaborateurs\/trices \u00e9galement en home office.<\/p>","protected":false},"featured_media":11637,"template":"","meta":{"content-type":"","inline_featured_image":false},"product_brand":[],"product_cat":[139],"product_tag":[144],"class_list":{"0":"post-11636","1":"product","2":"type-product","3":"status-publish","4":"has-post-thumbnail","6":"product_cat-gesundheits-services-arbeitsschutz","7":"product_tag-institut-fuer-gesundheit-und-management","9":"first","10":"instock","11":"taxable","12":"shipping-taxable","13":"purchasable","14":"product-type-simple"},"_links":{"self":[{"href":"https:\/\/xoros-home.de\/fr\/wp-json\/wp\/v2\/product\/11636","targetHints":{"allow":["GET"]}}],"collection":[{"href":"https:\/\/xoros-home.de\/fr\/wp-json\/wp\/v2\/product"}],"about":[{"href":"https:\/\/xoros-home.de\/fr\/wp-json\/wp\/v2\/types\/product"}],"version-history":[{"count":1,"href":"https:\/\/xoros-home.de\/fr\/wp-json\/wp\/v2\/product\/11636\/revisions"}],"predecessor-version":[{"id":16949,"href":"https:\/\/xoros-home.de\/fr\/wp-json\/wp\/v2\/product\/11636\/revisions\/16949"}],"wp:featuredmedia":[{"embeddable":true,"href":"https:\/\/xoros-home.de\/fr\/wp-json\/wp\/v2\/media\/11637"}],"wp:attachment":[{"href":"https:\/\/xoros-home.de\/fr\/wp-json\/wp\/v2\/media?parent=11636"}],"wp:term":[{"taxonomy":"product_brand","embeddable":true,"href":"https:\/\/xoros-home.de\/fr\/wp-json\/wp\/v2\/product_brand?post=11636"},{"taxonomy":"product_cat","embeddable":true,"href":"https:\/\/xoros-home.de\/fr\/wp-json\/wp\/v2\/product_cat?post=11636"},{"taxonomy":"product_tag","embeddable":true,"href":"https:\/\/xoros-home.de\/fr\/wp-json\/wp\/v2\/product_tag?post=11636"}],"curies":[{"name":"wp","href":"https:\/\/api.w.org\/{rel}","templated":true}]}}