{"id":12301,"date":"2022-01-19T16:12:10","date_gmt":"2022-01-19T15:12:10","guid":{"rendered":"https:\/\/xoros-home.de\/?post_type=product&#038;p=12301"},"modified":"2025-07-06T17:04:14","modified_gmt":"2025-07-06T15:04:14","slug":"boite-de-reunion-jetson-l4-mute","status":"publish","type":"product","link":"https:\/\/xoros-home.de\/fr\/produkt\/meetingbox-jetson-l4-mute-2-2-2\/","title":{"rendered":"Bo\u00eete de r\u00e9union Jetson L4 (MUTE)"},"content":{"rendered":"<p>La structure de la Jetson L4 est fabriqu\u00e9e en aluminium extrud\u00e9, ce qui la rend beaucoup plus durable et l\u00e9g\u00e8re que les mod\u00e8les fabriqu\u00e9s \u00e0 base de panneaux de bois. En combinaison avec le syst\u00e8me de fixation murale sans outils, le Jetson L4 se monte et se d\u00e9monte aussi rapidement et facilement qu'aucun autre bo\u00eetier t\u00e9l\u00e9phonique sur le march\u00e9.<\/p>\n<p>Jetson L4 existe en noir ou en blanc. En option, les parois ext\u00e9rieures peuvent \u00eatre \u00e9quip\u00e9es de biblioth\u00e8ques ou de tableaux blancs.<\/p>\n<p>Fiche de donn\u00e9es :\u00a0<a href=\"https:\/\/xoros-home.de\/wp-content\/uploads\/2023\/06\/Jetson_L4_Daten_DE.pdf\" target=\"_blank\" rel=\"noopener\">T\u00e9l\u00e9charger la fiche technique du Jetson L4<\/a>.<\/p>\n<p>&nbsp;<\/p>\n<p><strong>Vid\u00e9o sur le Jetson L4 :<\/strong><\/p>\n<div style=\"width: 800px;\" class=\"wp-video\"><video class=\"wp-video-shortcode\" id=\"video-12301-1\" width=\"800\" height=\"450\" poster=\"https:\/\/xoros-home.de\/wp-content\/uploads\/2023\/06\/Jetson-L4.jpg\" preload=\"metadata\" controls=\"controls\"><source type=\"video\/mp4\" src=\"https:\/\/xoros-home.de\/wp-content\/uploads\/2024\/03\/Video-Jetson-L4.mp4?_=1\" \/><a href=\"https:\/\/xoros-home.de\/wp-content\/uploads\/2024\/03\/Video-Jetson-L4.mp4\">https:\/\/xoros-home.de\/wp-content\/uploads\/2024\/03\/Video-Jetson-L4.mp4<\/a><\/video><\/div>\n<p>&nbsp;<\/p>\n<p><strong>mod\u00e8le 3D :<\/strong><\/p>\n<p><iframe src=\"https:\/\/impress.pcon-solutions.com\/?l=de&amp;embed=https%3A%2F%2Fxoroshome-my.sharepoint.com%2F%3Au%3A%2Fg%2Fpersonal%2Ffrank_ehlers_xoros-home_de%2FESB5E1ok371GiwhTbImXF2YB-9oOEDfSMup4VrYwUctZ_A\" width=\"450\" height=\"450\" frameborder=\"1\" allowfullscreen=\"allowfullscreen\"><span data-mce-type=\"bookmark\" style=\"display: inline-block; width: 0px; overflow: hidden; line-height: 0;\" class=\"mce_SELRES_start\"><\/span><\/iframe><\/p>\n<p>&nbsp;<\/p>\n<p><strong>\u00c9quipement :<\/strong><\/p>\n<ul>\n<li>Syst\u00e8me de ventilation<\/li>\n<li>Lumi\u00e8re LED<\/li>\n<li>D\u00e9tecteurs de pr\u00e9sence pour ventilateurs et lumi\u00e8re<\/li>\n<li>Barrette avec 2 prises de courant et 2 ports USB<\/li>\n<li>Plateau de table en m\u00e9lamine<\/li>\n<li>2x canap\u00e9 avec dossier r\u00e9glable en hauteur<\/li>\n<li>\u00c9tag\u00e8re plate avec rail d'exposition et aimant, 2 crochets<\/li>\n<li>C\u00e2ble d'alimentation 3 m<\/li>\n<\/ul>\n<p><strong>Dimensions et poids :<\/strong><\/p>\n<ul>\n<li>Largeur (ext\u00e9rieur \/ int\u00e9rieur) : 2150 mm \/ 2010 mm<\/li>\n<li>profondeur (ext\u00e9rieur \/ int\u00e9rieur) : 1270 mm \/ 1125 mm + 800 mm avec la porte ouverte<\/li>\n<li>Hauteur (ext\u00e9rieur \/ int\u00e9rieur) : 2247 mm \/ 2105 mm<\/li>\n<li class=\"tech-specs__field\">Plateau de table (L x P x H) : 950 x 680 x 745<\/li>\n<li>Poids : 460 kg<\/li>\n<\/ul>\n<p><strong>Donn\u00e9es acoustiques et ventilation :<\/strong><\/p>\n<ul>\n<li>Att\u00e9nuation de la parole : 26 dB, classe B selon ISO 23351<\/li>\n<li>RT20 int\u00e9rieur : &lt;0,2 s selon ISO 354:2000<\/li>\n<li>D\u00e9bit d'air : 50 m3\/h<\/li>\n<li>Bruit de ventilation ext\u00e9rieur \/ int\u00e9rieur : \u226439 dB \/ \u226438 dB<\/li>\n<\/ul>\n<p><strong>\u00c9clairage :<\/strong><\/p>\n<ul>\n<li>Courant : 14 watts<\/li>\n<li>Luminosit\u00e9 : 300 lux<\/li>\n<li>temp\u00e9rature de couleur : 4.000 K<\/li>\n<\/ul>\n<p><strong>Prise multiple :<\/strong><\/p>\n<ul>\n<li>Tension d'alimentation : 220-240 \/ 100-120 VAC, 50-60 Hz<\/li>\n<li>Prises de courant : 2<\/li>\n<li>Chargeur rapide USB : TUF A+C 25 W, 5 V DC<\/li>\n<li>Syst\u00e8me de montage : Incl.<\/li>\n<li>Couleur : Noir<\/li>\n<\/ul>","protected":false},"excerpt":{"rendered":"<p>Le Jetson L4 est la derni\u00e8re bo\u00eete de r\u00e9union du sp\u00e9cialiste de l'acoustique \"Mute\". Des mat\u00e9riaux de haute qualit\u00e9, des composants durables et un am\u00e9nagement int\u00e9rieur bien pens\u00e9 rencontrent des prix avantageux. Ceux-ci existent parce que la Jetson L4 n'est disponible qu'en noir ou en blanc, ce qui permet une production plus efficace.<\/p>\n<p>La famille Jetson se compose de la grande <a href=\"https:\/\/xoros-home.de\/fr\/produit\/meetingbox-jetson-l4-mute-2\/\">Coffret de r\u00e9union 4 places Jetson L4<\/a>, qui <a href=\"https:\/\/xoros-home.de\/fr\/produit\/boite-de-reunion-jetson-l2-mute\/\">Coffret de r\u00e9union pour 2 personnes Jetson L2<\/a>, qui <a href=\"https:\/\/xoros-home.de\/fr\/produit\/boite-de-reunion-jetson-m1-mute\/\">Bo\u00eete de travail M1<\/a> et la petite <a href=\"https:\/\/xoros-home.de\/fr\/produit\/boite-telephonique-jetson-s1-mute\/\">Bo\u00eete t\u00e9l\u00e9phonique Jetson S1<\/a>.<\/p>\n<p><img decoding=\"async\" class=\"alignnone wp-image-11202 size-thumbnail\" src=\"https:\/\/xoros-home.de\/wp-content\/uploads\/2023\/02\/logo-mute.svg\" alt=\"\" width=\"150\" height=\"30\" \/><\/p>","protected":false},"featured_media":12302,"template":"","meta":{"content-type":"","inline_featured_image":false},"product_brand":[],"product_cat":[159],"product_tag":[132,142],"class_list":{"0":"post-12301","1":"product","2":"type-product","3":"status-publish","4":"has-post-thumbnail","6":"product_cat-meetingbox","7":"product_tag-effizienter-schallschutz","8":"product_tag-hersteller-mute","10":"first","11":"instock","12":"taxable","13":"shipping-taxable","14":"purchasable","15":"product-type-simple"},"_links":{"self":[{"href":"https:\/\/xoros-home.de\/fr\/wp-json\/wp\/v2\/product\/12301","targetHints":{"allow":["GET"]}}],"collection":[{"href":"https:\/\/xoros-home.de\/fr\/wp-json\/wp\/v2\/product"}],"about":[{"href":"https:\/\/xoros-home.de\/fr\/wp-json\/wp\/v2\/types\/product"}],"version-history":[{"count":1,"href":"https:\/\/xoros-home.de\/fr\/wp-json\/wp\/v2\/product\/12301\/revisions"}],"predecessor-version":[{"id":12311,"href":"https:\/\/xoros-home.de\/fr\/wp-json\/wp\/v2\/product\/12301\/revisions\/12311"}],"wp:featuredmedia":[{"embeddable":true,"href":"https:\/\/xoros-home.de\/fr\/wp-json\/wp\/v2\/media\/12302"}],"wp:attachment":[{"href":"https:\/\/xoros-home.de\/fr\/wp-json\/wp\/v2\/media?parent=12301"}],"wp:term":[{"taxonomy":"product_brand","embeddable":true,"href":"https:\/\/xoros-home.de\/fr\/wp-json\/wp\/v2\/product_brand?post=12301"},{"taxonomy":"product_cat","embeddable":true,"href":"https:\/\/xoros-home.de\/fr\/wp-json\/wp\/v2\/product_cat?post=12301"},{"taxonomy":"product_tag","embeddable":true,"href":"https:\/\/xoros-home.de\/fr\/wp-json\/wp\/v2\/product_tag?post=12301"}],"curies":[{"name":"wp","href":"https:\/\/api.w.org\/{rel}","templated":true}]}}