{"id":12944,"date":"2023-11-27T16:17:55","date_gmt":"2023-11-27T15:17:55","guid":{"rendered":"https:\/\/xoros-home.de\/?post_type=product&#038;p=12944"},"modified":"2024-02-23T11:33:02","modified_gmt":"2024-02-23T10:33:02","slug":"chaise-de-bureau-asiento-avec-membrane-en-tricot-3d-fm-bueromoebel","status":"publish","type":"product","link":"https:\/\/xoros-home.de\/fr\/produkt\/buerostuhl-asiento-mit-3d-strickmembran-fm-bueromoebel\/","title":{"rendered":"Chaise de bureau asiento avec membrane en tricot 3D (fm B\u00fcrom\u00f6bel)"},"content":{"rendered":"<p>La particularit\u00e9 de l'asiento r\u00e9side dans son dossier, qui se compose de plusieurs \u00e9l\u00e9ments \u00e9lastiques et d'une membrane tricot\u00e9e 3D innovante. Cette solution innovante garantit non seulement un meilleur confort d'assise, mais aussi une libert\u00e9 de mouvement optimale pendant la position assise. Le principe repose sur trois \u00e9l\u00e9ments de soutien \u00e9lastiques avec une force de ressort diff\u00e9rente, qui s'\u00e9tendent de la zone lombaire jusqu'aux \u00e9paules en passant par le tronc du dos. Cette structure garantit un soutien optimal du dos dans toutes les positions d'assise.<\/p>\n<p>La membrane tricot\u00e9e 3D est travaill\u00e9e avec pr\u00e9cision et sur mesure pour le dossier et l'assise. Dans les diff\u00e9rentes zones du dos, la membrane tricot\u00e9e 3D est con\u00e7ue de mani\u00e8re \u00e0 soutenir de mani\u00e8re optimale les fonctions flexibles du dossier. Dans la zone lombaire, elle est plus tendue que dans la zone des \u00e9paules et forme ainsi avec la construction du dossier une symbiose parfaite pour un confort d'assise maximal. De plus, la membrane tricot\u00e9e 3D contribue \u00e0 la durabilit\u00e9 en aidant \u00e0 minimiser les chutes et les surplus de mat\u00e9riaux. La production pr\u00e9cise et sur mesure du dossier et du coussin d'assise en Allemagne garantit que seul le fil r\u00e9ellement n\u00e9cessaire est utilis\u00e9.<\/p>\n<p><img fetchpriority=\"high\" decoding=\"async\" class=\"alignright wp-image-12954 size-medium\" src=\"https:\/\/xoros-home.de\/wp-content\/uploads\/2023\/11\/Strick-halb-halb-216x300.jpg\" alt=\"\" width=\"216\" height=\"300\" srcset=\"https:\/\/xoros-home.de\/wp-content\/uploads\/2023\/11\/Strick-halb-halb-216x300.jpg 216w, https:\/\/xoros-home.de\/wp-content\/uploads\/2023\/11\/Strick-halb-halb-738x1024.jpg 738w, https:\/\/xoros-home.de\/wp-content\/uploads\/2023\/11\/Strick-halb-halb-768x1065.jpg 768w, https:\/\/xoros-home.de\/wp-content\/uploads\/2023\/11\/Strick-halb-halb-9x12.jpg 9w, https:\/\/xoros-home.de\/wp-content\/uploads\/2023\/11\/Strick-halb-halb-600x832.jpg 600w, https:\/\/xoros-home.de\/wp-content\/uploads\/2023\/11\/Strick-halb-halb.jpg 865w\" sizes=\"(max-width: 216px) 100vw, 216px\" \/><br \/>\nLa membrane tricot\u00e9e 3D existe en deux versions :<\/p>\n<ul>\n<li><strong>Transparent :<\/strong> sur la variante transparente un peu plus fine, la construction du dos transpara\u00eet l\u00e9g\u00e8rement.<\/li>\n<li><strong>Le confort :<\/strong> la variante confort, un peu plus \u00e9paisse, utilise davantage de fil, ce qui donne \u00e0 l'asiente un aspect opaque et un toucher encore plus doux.<\/li>\n<\/ul>\n<p>&nbsp;<\/p>\n<p>Pour les deux versions, la housse du coussin d'assise est amovible et lavable !<\/p>\n<p>&nbsp;<\/p>\n<p>&nbsp;<\/p>\n<p>&nbsp;<\/p>\n<p><iframe src=\"https:\/\/impress.pcon-solutions.com\/?l=de&amp;embed=https%3A%2F%2Fxoroshome-my.sharepoint.com%2F%3Au%3A%2Fg%2Fpersonal%2Ffrank_ehlers_xoros-home_de%2FES5V3HPHyf5KihElZHajP1IBBntJWHmOBzu7okkJeccjZw\" width=\"450\" height=\"450\" frameborder=\"1\" allowfullscreen=\"allowfullscreen\"><span data-mce-type=\"bookmark\" style=\"display: inline-block; width: 0px; overflow: hidden; line-height: 0;\" class=\"mce_SELRES_start\"><\/span><\/iframe><\/p>","protected":false},"excerpt":{"rendered":"<p>La chaise de bureau asiento incarne l'individualit\u00e9 dans sa forme la plus pure, une pi\u00e8ce unique au caract\u00e8re unique et au design incomparable. Avec son concept visuel propre et un m\u00e9lange de mat\u00e9riaux exceptionnel, asiento se distingue clairement. La fabrication d'asiento est enti\u00e8rement r\u00e9alis\u00e9e en Allemagne.<\/p>","protected":false},"featured_media":12945,"template":"","meta":{"content-type":"","inline_featured_image":false},"product_brand":[],"product_cat":[190,41],"product_tag":[44,143,108],"class_list":{"0":"post-12944","1":"product","2":"type-product","3":"status-publish","4":"has-post-thumbnail","6":"product_cat-homeoffice-specials","7":"product_cat-schreibtischstuehle","8":"product_tag-ergonomisch","9":"product_tag-hersteller-fm-bueromoebel","10":"product_tag-made-in-germany","12":"first","13":"instock","14":"taxable","15":"shipping-taxable","16":"purchasable","17":"product-type-simple"},"_links":{"self":[{"href":"https:\/\/xoros-home.de\/fr\/wp-json\/wp\/v2\/product\/12944","targetHints":{"allow":["GET"]}}],"collection":[{"href":"https:\/\/xoros-home.de\/fr\/wp-json\/wp\/v2\/product"}],"about":[{"href":"https:\/\/xoros-home.de\/fr\/wp-json\/wp\/v2\/types\/product"}],"version-history":[{"count":1,"href":"https:\/\/xoros-home.de\/fr\/wp-json\/wp\/v2\/product\/12944\/revisions"}],"predecessor-version":[{"id":12953,"href":"https:\/\/xoros-home.de\/fr\/wp-json\/wp\/v2\/product\/12944\/revisions\/12953"}],"wp:featuredmedia":[{"embeddable":true,"href":"https:\/\/xoros-home.de\/fr\/wp-json\/wp\/v2\/media\/12945"}],"wp:attachment":[{"href":"https:\/\/xoros-home.de\/fr\/wp-json\/wp\/v2\/media?parent=12944"}],"wp:term":[{"taxonomy":"product_brand","embeddable":true,"href":"https:\/\/xoros-home.de\/fr\/wp-json\/wp\/v2\/product_brand?post=12944"},{"taxonomy":"product_cat","embeddable":true,"href":"https:\/\/xoros-home.de\/fr\/wp-json\/wp\/v2\/product_cat?post=12944"},{"taxonomy":"product_tag","embeddable":true,"href":"https:\/\/xoros-home.de\/fr\/wp-json\/wp\/v2\/product_tag?post=12944"}],"curies":[{"name":"wp","href":"https:\/\/api.w.org\/{rel}","templated":true}]}}