{"id":12955,"date":"2023-11-27T15:52:25","date_gmt":"2023-11-27T14:52:25","guid":{"rendered":"https:\/\/xoros-home.de\/?post_type=product&#038;p=12955"},"modified":"2024-02-23T11:41:04","modified_gmt":"2024-02-23T10:41:04","slug":"chaise-pivotante-edgar-edition-xoros","status":"publish","type":"product","link":"https:\/\/xoros-home.de\/fr\/produkt\/drehstuhl-edgar-edition-xoros\/","title":{"rendered":"Chaise pivotante Edgar (EDITION XOROS)"},"content":{"rendered":"<p><strong>Caract\u00e9ristiques :<\/strong><\/p>\n<ul>\n<li>Appui-lordose r\u00e9glable en profondeur<\/li>\n<li>Si\u00e8ge confort rembourr\u00e9 avec coutures brod\u00e9es<\/li>\n<li>accoudoirs inclin\u00e9s r\u00e9glables en hauteur, en largeur et en profondeur<\/li>\n<li>Supports 4D verrouillables<\/li>\n<li>Donati D109 M\u00e9canisme synchrone avec r\u00e9glage automatique de la force du ressort<\/li>\n<li>Peut supporter jusqu'\u00e0 125 kg<\/li>\n<li>R\u00e9glage de la profondeur d'assise 7 cm<\/li>\n<li>Ressort \u00e0 gaz noir 140mm<\/li>\n<li>Roulettes doubles multifonctionnelles de 60 mm (conviennent aussi bien pour les sols durs que pour les sols mous)<\/li>\n<li>La chaise est livr\u00e9e d\u00e9mont\u00e9e dans un carton<\/li>\n<li>10 ans de garantie<\/li>\n<li>Dossier au choix\n<ul>\n<li>Dossier design r\u00e9glable en hauteur avec r\u00e9sille<\/li>\n<li>Dossier design rembourr\u00e9 et r\u00e9glable en hauteur,<\/li>\n<\/ul>\n<\/li>\n<li>Pied au choix\n<ul>\n<li>Pi\u00e9tement design en plastique noir<\/li>\n<li>Pi\u00e9tement en aluminium poli<\/li>\n<\/ul>\n<\/li>\n<\/ul>","protected":false},"excerpt":{"rendered":"<p>\"Edgar\" est un si\u00e8ge pivotant chic et multifonctionnel offrant de nombreuses possibilit\u00e9s de r\u00e9glage. \"Edgar\" existe en quatre variantes diff\u00e9rentes : Avec dossier r\u00e9sille ou rembourr\u00e9, avec pi\u00e9tement design en plastique ou en aluminium.<\/p>\n<p>Il s'agit d'un produit de notre marque maison !<\/p>\n<p><img decoding=\"async\" class=\"alignnone wp-image-6607 size-medium\" src=\"https:\/\/xoros-home.de\/wp-content\/uploads\/2022\/03\/Edition-Xoros-300x57.png\" alt=\"\" width=\"300\" height=\"57\" srcset=\"https:\/\/xoros-home.de\/wp-content\/uploads\/2022\/03\/Edition-Xoros-300x57.png 300w, https:\/\/xoros-home.de\/wp-content\/uploads\/2022\/03\/Edition-Xoros-1024x195.png 1024w, https:\/\/xoros-home.de\/wp-content\/uploads\/2022\/03\/Edition-Xoros-768x146.png 768w, https:\/\/xoros-home.de\/wp-content\/uploads\/2022\/03\/Edition-Xoros-1536x293.png 1536w, https:\/\/xoros-home.de\/wp-content\/uploads\/2022\/03\/Edition-Xoros-2048x390.png 2048w, https:\/\/xoros-home.de\/wp-content\/uploads\/2022\/03\/Edition-Xoros-600x114.png 600w\" sizes=\"(max-width: 300px) 100vw, 300px\" \/><\/p>","protected":false},"featured_media":12956,"template":"","meta":{"content-type":"","inline_featured_image":false},"product_brand":[],"product_cat":[190,41],"product_tag":[112,44,96,113],"class_list":{"0":"post-12955","1":"product","2":"type-product","3":"status-publish","4":"has-post-thumbnail","6":"product_cat-homeoffice-specials","7":"product_cat-schreibtischstuehle","8":"product_tag-einfache-selbstmontage","9":"product_tag-ergonomisch","10":"product_tag-hersteller-edition-xoros","11":"product_tag-schnelle-lieferung","13":"first","14":"instock","15":"taxable","16":"shipping-taxable","17":"purchasable","18":"product-type-simple"},"_links":{"self":[{"href":"https:\/\/xoros-home.de\/fr\/wp-json\/wp\/v2\/product\/12955","targetHints":{"allow":["GET"]}}],"collection":[{"href":"https:\/\/xoros-home.de\/fr\/wp-json\/wp\/v2\/product"}],"about":[{"href":"https:\/\/xoros-home.de\/fr\/wp-json\/wp\/v2\/types\/product"}],"version-history":[{"count":0,"href":"https:\/\/xoros-home.de\/fr\/wp-json\/wp\/v2\/product\/12955\/revisions"}],"wp:featuredmedia":[{"embeddable":true,"href":"https:\/\/xoros-home.de\/fr\/wp-json\/wp\/v2\/media\/12956"}],"wp:attachment":[{"href":"https:\/\/xoros-home.de\/fr\/wp-json\/wp\/v2\/media?parent=12955"}],"wp:term":[{"taxonomy":"product_brand","embeddable":true,"href":"https:\/\/xoros-home.de\/fr\/wp-json\/wp\/v2\/product_brand?post=12955"},{"taxonomy":"product_cat","embeddable":true,"href":"https:\/\/xoros-home.de\/fr\/wp-json\/wp\/v2\/product_cat?post=12955"},{"taxonomy":"product_tag","embeddable":true,"href":"https:\/\/xoros-home.de\/fr\/wp-json\/wp\/v2\/product_tag?post=12955"}],"curies":[{"name":"wp","href":"https:\/\/api.w.org\/{rel}","templated":true}]}}