{"id":12961,"date":"2023-11-27T16:04:06","date_gmt":"2023-11-27T15:04:06","guid":{"rendered":"https:\/\/xoros-home.de\/?post_type=product&#038;p=12961"},"modified":"2024-02-23T11:40:54","modified_gmt":"2024-02-23T10:40:54","slug":"chaise-pivotante-heaven-edition-xoros","status":"publish","type":"product","link":"https:\/\/xoros-home.de\/fr\/produkt\/drehstuhl-heaven-edition-xoros\/","title":{"rendered":"Chaise pivotante Heaven (EDITION XOROS)"},"content":{"rendered":"<p>Il s'agit d'un produit de notre marque maison !<\/p>\n<p><img decoding=\"async\" class=\"alignnone wp-image-6607 size-medium\" src=\"https:\/\/xoros-home.de\/wp-content\/uploads\/2022\/03\/Edition-Xoros-300x57.png\" alt=\"\" width=\"300\" height=\"57\" srcset=\"https:\/\/xoros-home.de\/wp-content\/uploads\/2022\/03\/Edition-Xoros-300x57.png 300w, https:\/\/xoros-home.de\/wp-content\/uploads\/2022\/03\/Edition-Xoros-1024x195.png 1024w, https:\/\/xoros-home.de\/wp-content\/uploads\/2022\/03\/Edition-Xoros-768x146.png 768w, https:\/\/xoros-home.de\/wp-content\/uploads\/2022\/03\/Edition-Xoros-1536x293.png 1536w, https:\/\/xoros-home.de\/wp-content\/uploads\/2022\/03\/Edition-Xoros-2048x390.png 2048w, https:\/\/xoros-home.de\/wp-content\/uploads\/2022\/03\/Edition-Xoros-600x114.png 600w\" sizes=\"(max-width: 300px) 100vw, 300px\" \/><\/p>","protected":false},"excerpt":{"rendered":"<p>Heaven\" est un si\u00e8ge de bureau design qui convient \u00e9galement parfaitement aux conf\u00e9rences. Il a un dossier tendu de filet en maille K&amp;R et une assise qui se trouve dans un cadre en nylon renforc\u00e9 de fibres de verre. Le m\u00e9canisme est dot\u00e9 d'un r\u00e9glage d'inclinaison de l'assise et permet de fixer la chaise dans plusieurs positions. Le \"Heaven\" a un pi\u00e8tement design en plastique noir avec des roulettes doubles multifonctionnelles de 60 mm.<\/p>\n<p>Point fort : le cadre l\u00e9g\u00e8rement \u00e9lastique et les accoudoirs sont constitu\u00e9s d'une seule pi\u00e8ce de plastique continue.<\/p>","protected":false},"featured_media":12962,"template":"","meta":{"content-type":"","inline_featured_image":false},"product_brand":[],"product_cat":[190,41],"product_tag":[96,113],"class_list":{"0":"post-12961","1":"product","2":"type-product","3":"status-publish","4":"has-post-thumbnail","6":"product_cat-homeoffice-specials","7":"product_cat-schreibtischstuehle","8":"product_tag-hersteller-edition-xoros","9":"product_tag-schnelle-lieferung","11":"first","12":"instock","13":"taxable","14":"shipping-taxable","15":"purchasable","16":"product-type-simple"},"_links":{"self":[{"href":"https:\/\/xoros-home.de\/fr\/wp-json\/wp\/v2\/product\/12961","targetHints":{"allow":["GET"]}}],"collection":[{"href":"https:\/\/xoros-home.de\/fr\/wp-json\/wp\/v2\/product"}],"about":[{"href":"https:\/\/xoros-home.de\/fr\/wp-json\/wp\/v2\/types\/product"}],"version-history":[{"count":0,"href":"https:\/\/xoros-home.de\/fr\/wp-json\/wp\/v2\/product\/12961\/revisions"}],"wp:featuredmedia":[{"embeddable":true,"href":"https:\/\/xoros-home.de\/fr\/wp-json\/wp\/v2\/media\/12962"}],"wp:attachment":[{"href":"https:\/\/xoros-home.de\/fr\/wp-json\/wp\/v2\/media?parent=12961"}],"wp:term":[{"taxonomy":"product_brand","embeddable":true,"href":"https:\/\/xoros-home.de\/fr\/wp-json\/wp\/v2\/product_brand?post=12961"},{"taxonomy":"product_cat","embeddable":true,"href":"https:\/\/xoros-home.de\/fr\/wp-json\/wp\/v2\/product_cat?post=12961"},{"taxonomy":"product_tag","embeddable":true,"href":"https:\/\/xoros-home.de\/fr\/wp-json\/wp\/v2\/product_tag?post=12961"}],"curies":[{"name":"wp","href":"https:\/\/api.w.org\/{rel}","templated":true}]}}