{"id":12969,"date":"2023-11-26T16:11:54","date_gmt":"2023-11-26T15:11:54","guid":{"rendered":"https:\/\/xoros-home.de\/?post_type=product&#038;p=12969"},"modified":"2025-01-08T07:18:57","modified_gmt":"2025-01-08T06:18:57","slug":"chaise-pivotante-belinda-edition-xoros","status":"publish","type":"product","link":"https:\/\/xoros-home.de\/fr\/produkt\/drehstuhl-belinda-edition-xoros\/","title":{"rendered":"Chaise pivotante Belinda (EDITION XOROS)"},"content":{"rendered":"<ul>\n<li>Dossier design r\u00e9glable en hauteur (au choix rembourr\u00e9 ou avec filet)<\/li>\n<li>si\u00e8ge confortable gr\u00e2ce \u00e0 un rembourrage extra fort avec des coutures brod\u00e9es<\/li>\n<li>Accoudoirs droits ergonomiques r\u00e9glables en hauteur, en largeur (36-51cm) et en profondeur<\/li>\n<li>Accoudoirs \u00e9quip\u00e9s de supports 4D verrouillables<\/li>\n<li>Donati D109 M\u00e9canisme synchrone avec r\u00e9glage automatique de la force du ressort<\/li>\n<li>charge maximale : 125 kg<\/li>\n<li>R\u00e9glage de la profondeur d'assise 6 cm<\/li>\n<li>V\u00e9rin \u00e0 gaz 140mm<\/li>\n<li>Pi\u00e9tement design en plastique<\/li>\n<li>Roulettes doubles multifonctionnelles 60 mm<\/li>\n<li>Tissu 100.000 Martindale<\/li>\n<li>Chaise design compl\u00e8te en gris RAL 7044<\/li>\n<\/ul>\n<p><strong>mod\u00e8le 3D :<\/strong><\/p>\n<p><iframe src=\"https:\/\/impress.pcon-solutions.com\/?l=de&amp;embed=https%3A%2F%2Fxoroshome-my.sharepoint.com%2F%3Au%3A%2Fg%2Fpersonal%2Ffrank_ehlers_xoros-home_de%2FEX8ygArY3hFEmvYP3UFDcdUBWH3K1-DnKz0g1BsAvtDe9Q\" width=\"450\" height=\"450\" frameborder=\"1\" allowfullscreen=\"allowfullscreen\"><\/iframe><\/p>","protected":false},"excerpt":{"rendered":"<p>Chaise pivotante design unique en son genre, d'un gris \u00e9l\u00e9gant. Au choix avec dossier r\u00e9sille ou rembourr\u00e9.<\/p>\n<p>Une chaise de bureau enti\u00e8rement grise RAL 7044. \u00catre assis confortablement pendant une longue p\u00e9riode n'est pas un probl\u00e8me avec notre chaise pivotante \"Belinda\". Le m\u00e9canisme Donati D109, l'assise confortable, le r\u00e9glage de la profondeur d'assise de 6 cm et les accoudoirs r\u00e9glables en hauteur et en profondeur assurent le confort en cas d'assise prolong\u00e9e. Cette chaise de bureau est en outre dot\u00e9e d'un pi\u00e8tement design en plastique avec un v\u00e9rin \u00e0 gaz et des roulettes multifonctions.<\/p>\n<p>Il s'agit d'un produit de notre marque maison !<\/p>\n<p><img decoding=\"async\" class=\"alignnone size-medium wp-image-6607\" src=\"https:\/\/xoros-home.de\/wp-content\/uploads\/2022\/03\/Edition-Xoros-300x57.png\" alt=\"\" width=\"300\" height=\"57\" srcset=\"https:\/\/xoros-home.de\/wp-content\/uploads\/2022\/03\/Edition-Xoros-300x57.png 300w, https:\/\/xoros-home.de\/wp-content\/uploads\/2022\/03\/Edition-Xoros-1024x195.png 1024w, https:\/\/xoros-home.de\/wp-content\/uploads\/2022\/03\/Edition-Xoros-768x146.png 768w, https:\/\/xoros-home.de\/wp-content\/uploads\/2022\/03\/Edition-Xoros-1536x293.png 1536w, https:\/\/xoros-home.de\/wp-content\/uploads\/2022\/03\/Edition-Xoros-2048x390.png 2048w, https:\/\/xoros-home.de\/wp-content\/uploads\/2022\/03\/Edition-Xoros-600x114.png 600w\" sizes=\"(max-width: 300px) 100vw, 300px\" \/><\/p>","protected":false},"featured_media":12971,"template":"","meta":{"content-type":"","inline_featured_image":false},"product_brand":[],"product_cat":[190,41],"product_tag":[44,96,113],"class_list":{"0":"post-12969","1":"product","2":"type-product","3":"status-publish","4":"has-post-thumbnail","6":"product_cat-homeoffice-specials","7":"product_cat-schreibtischstuehle","8":"product_tag-ergonomisch","9":"product_tag-hersteller-edition-xoros","10":"product_tag-schnelle-lieferung","12":"first","13":"instock","14":"taxable","15":"shipping-taxable","16":"purchasable","17":"product-type-simple"},"_links":{"self":[{"href":"https:\/\/xoros-home.de\/fr\/wp-json\/wp\/v2\/product\/12969","targetHints":{"allow":["GET"]}}],"collection":[{"href":"https:\/\/xoros-home.de\/fr\/wp-json\/wp\/v2\/product"}],"about":[{"href":"https:\/\/xoros-home.de\/fr\/wp-json\/wp\/v2\/types\/product"}],"version-history":[{"count":0,"href":"https:\/\/xoros-home.de\/fr\/wp-json\/wp\/v2\/product\/12969\/revisions"}],"wp:featuredmedia":[{"embeddable":true,"href":"https:\/\/xoros-home.de\/fr\/wp-json\/wp\/v2\/media\/12971"}],"wp:attachment":[{"href":"https:\/\/xoros-home.de\/fr\/wp-json\/wp\/v2\/media?parent=12969"}],"wp:term":[{"taxonomy":"product_brand","embeddable":true,"href":"https:\/\/xoros-home.de\/fr\/wp-json\/wp\/v2\/product_brand?post=12969"},{"taxonomy":"product_cat","embeddable":true,"href":"https:\/\/xoros-home.de\/fr\/wp-json\/wp\/v2\/product_cat?post=12969"},{"taxonomy":"product_tag","embeddable":true,"href":"https:\/\/xoros-home.de\/fr\/wp-json\/wp\/v2\/product_tag?post=12969"}],"curies":[{"name":"wp","href":"https:\/\/api.w.org\/{rel}","templated":true}]}}