{"id":12982,"date":"2022-05-25T16:15:21","date_gmt":"2022-05-25T14:15:21","guid":{"rendered":"https:\/\/xoros-home.de\/?post_type=product&#038;p=12982"},"modified":"2024-09-15T09:00:56","modified_gmt":"2024-09-15T07:00:56","slug":"chaise-pivotante-maestro-pouvant-supporter-jusqua-200kg-edition-xoros","status":"publish","type":"product","link":"https:\/\/xoros-home.de\/fr\/produkt\/drehstuhl-maestro-bis-200kg-belastbar-edition-xoros\/","title":{"rendered":"Chaise pivotante Maestro - charge max. 200 kg (EDITION XOROS)"},"content":{"rendered":"<ul>\n<li>Dossier haut r\u00e9glable en hauteur, extra confortable, enti\u00e8rement rembourr\u00e9<\/li>\n<li>Appui-lordose r\u00e9glable en profondeur<\/li>\n<li>si\u00e8ge confortable gr\u00e2ce \u00e0 un rembourrage extra fort avec des coutures brod\u00e9es<\/li>\n<li>accoudoirs noirs r\u00e9glables en hauteur et en largeur<\/li>\n<li>Accoudoirs avec rev\u00eatement en PU souple<\/li>\n<li>M\u00e9canisme Donati Dynamic Plus avec r\u00e9glage de la force du ressort<\/li>\n<li>R\u00e9glage de la profondeur d'assise 6 cm<\/li>\n<li>Ressort \u00e0 gaz biphas\u00e9<\/li>\n<li>Pi\u00e9tement en aluminium poli, face inf\u00e9rieure noire mate<\/li>\n<li>Roulettes doubles multifonctionnelles de 60 mm (conviennent aussi bien pour les sols durs que pour les sols mous)<\/li>\n<li>La chaise est livr\u00e9e d\u00e9mont\u00e9e dans un carton<\/li>\n<li>Capacit\u00e9 de charge maximale : 200 Kg<\/li>\n<li>5 ans de garantie<\/li>\n<\/ul>","protected":false},"excerpt":{"rendered":"<p><strong>\"Le pick-up parmi les chaises de bureau pivotantes\"<\/strong><\/p>\n<p>Le mod\u00e8le Maestro supporte sans probl\u00e8me des charges lourdes allant jusqu'\u00e0 200 kg. Tous les composants, et en particulier le m\u00e9canisme de l'assise, sont con\u00e7us pour supporter des charges particuli\u00e8rement \u00e9lev\u00e9es. Un pi\u00e9tement en aluminium poli - avec une finition noire sur la face inf\u00e9rieure - souligne la valeur de ce si\u00e8ge pivotant.<\/p>\n<p>Il s'agit d'un produit de notre marque maison !<\/p>\n<p><img decoding=\"async\" class=\"alignnone size-medium wp-image-6607\" src=\"https:\/\/xoros-home.de\/wp-content\/uploads\/2022\/03\/Edition-Xoros-300x57.png\" alt=\"\" width=\"300\" height=\"57\" srcset=\"https:\/\/xoros-home.de\/wp-content\/uploads\/2022\/03\/Edition-Xoros-300x57.png 300w, https:\/\/xoros-home.de\/wp-content\/uploads\/2022\/03\/Edition-Xoros-1024x195.png 1024w, https:\/\/xoros-home.de\/wp-content\/uploads\/2022\/03\/Edition-Xoros-768x146.png 768w, https:\/\/xoros-home.de\/wp-content\/uploads\/2022\/03\/Edition-Xoros-1536x293.png 1536w, https:\/\/xoros-home.de\/wp-content\/uploads\/2022\/03\/Edition-Xoros-2048x390.png 2048w, https:\/\/xoros-home.de\/wp-content\/uploads\/2022\/03\/Edition-Xoros-600x114.png 600w\" sizes=\"(max-width: 300px) 100vw, 300px\" \/><\/p>","protected":false},"featured_media":12983,"template":"","meta":{"content-type":"","inline_featured_image":false},"product_brand":[],"product_cat":[190,41],"product_tag":[161,44,96,113],"class_list":{"0":"post-12982","1":"product","2":"type-product","3":"status-publish","4":"has-post-thumbnail","6":"product_cat-homeoffice-specials","7":"product_cat-schreibtischstuehle","8":"product_tag-besonders-belastbar","9":"product_tag-ergonomisch","10":"product_tag-hersteller-edition-xoros","11":"product_tag-schnelle-lieferung","13":"first","14":"instock","15":"taxable","16":"shipping-taxable","17":"purchasable","18":"product-type-simple"},"_links":{"self":[{"href":"https:\/\/xoros-home.de\/fr\/wp-json\/wp\/v2\/product\/12982","targetHints":{"allow":["GET"]}}],"collection":[{"href":"https:\/\/xoros-home.de\/fr\/wp-json\/wp\/v2\/product"}],"about":[{"href":"https:\/\/xoros-home.de\/fr\/wp-json\/wp\/v2\/types\/product"}],"version-history":[{"count":1,"href":"https:\/\/xoros-home.de\/fr\/wp-json\/wp\/v2\/product\/12982\/revisions"}],"predecessor-version":[{"id":14779,"href":"https:\/\/xoros-home.de\/fr\/wp-json\/wp\/v2\/product\/12982\/revisions\/14779"}],"wp:featuredmedia":[{"embeddable":true,"href":"https:\/\/xoros-home.de\/fr\/wp-json\/wp\/v2\/media\/12983"}],"wp:attachment":[{"href":"https:\/\/xoros-home.de\/fr\/wp-json\/wp\/v2\/media?parent=12982"}],"wp:term":[{"taxonomy":"product_brand","embeddable":true,"href":"https:\/\/xoros-home.de\/fr\/wp-json\/wp\/v2\/product_brand?post=12982"},{"taxonomy":"product_cat","embeddable":true,"href":"https:\/\/xoros-home.de\/fr\/wp-json\/wp\/v2\/product_cat?post=12982"},{"taxonomy":"product_tag","embeddable":true,"href":"https:\/\/xoros-home.de\/fr\/wp-json\/wp\/v2\/product_tag?post=12982"}],"curies":[{"name":"wp","href":"https:\/\/api.w.org\/{rel}","templated":true}]}}