{"id":12991,"date":"2023-11-27T16:28:21","date_gmt":"2023-11-27T15:28:21","guid":{"rendered":"https:\/\/xoros-home.de\/?post_type=product&#038;p=12991"},"modified":"2024-02-23T10:56:13","modified_gmt":"2024-02-23T09:56:13","slug":"siege-pivotant-premium-avec-dossier-resille-et-appuie-tete-edition-xoros","status":"publish","type":"product","link":"https:\/\/xoros-home.de\/fr\/produkt\/premium-drehstuhl-mit-netzruecken-und-kopfstuetze-edition-xoros\/","title":{"rendered":"Chaise pivotante haut de gamme avec dossier r\u00e9sille et appuie-t\u00eate (EDITION XOROS)"},"content":{"rendered":"<ul>\n<li>capacit\u00e9 de charge jusqu'\u00e0 150 kg<\/li>\n<li>M\u00e9canisme de synchronisation ponctuelle de haute qualit\u00e9 avec r\u00e9glage du poids<\/li>\n<li>R\u00e9glage en continu de la hauteur par ressort \u00e0 gaz (levier)<\/li>\n<li>Dossier fixe avec filet stable noir<\/li>\n<li>Appui-lordose\/appui lombaire r\u00e9glable en hauteur<\/li>\n<li>Accoudoirs r\u00e9glables en hauteur avec rev\u00eatement en PU Softpad, d\u00e9montables<\/li>\n<li>Appuie-t\u00eate avec filet noir, r\u00e9glable en hauteur et en inclinaison<\/li>\n<li>Assise : rev\u00eatement en tissu tr\u00e8s r\u00e9sistant \u00e0 l'usure et \u00e0 l'abrasion<\/li>\n<li>Housse design bicolore noir\/gris avec surpiq\u00fbres contrast\u00e9es<\/li>\n<li>Housse 100% polyester<\/li>\n<li>Pi\u00e9tement haut de gamme en aluminium poli, colonne centrale chrom\u00e9e<\/li>\n<li>Roulettes doubles universelles frein\u00e9es en fonction de la charge (adapt\u00e9es \u00e0 tous les sols) \u00d8 65 mm<\/li>\n<li>livr\u00e9 partiellement mont\u00e9 dans un carton pour un montage facile par soi-m\u00eame<\/li>\n<li>5 ans de garantie du fabricant<\/li>\n<\/ul>","protected":false},"excerpt":{"rendered":"<p>Assise confortable et ergonomique avec dossier haut en maille tendue et appuie-t\u00eate en maille tendue. Pi\u00e9tement haut de gamme en aluminium poli, colonne centrale chrom\u00e9e.<\/p>\n<p>Il s'agit d'un produit de notre marque maison !<\/p>\n<p><img decoding=\"async\" class=\"alignnone size-medium wp-image-6607\" src=\"https:\/\/xoros-home.de\/wp-content\/uploads\/2022\/03\/Edition-Xoros-300x57.png\" alt=\"\" width=\"300\" height=\"57\" srcset=\"https:\/\/xoros-home.de\/wp-content\/uploads\/2022\/03\/Edition-Xoros-300x57.png 300w, https:\/\/xoros-home.de\/wp-content\/uploads\/2022\/03\/Edition-Xoros-1024x195.png 1024w, https:\/\/xoros-home.de\/wp-content\/uploads\/2022\/03\/Edition-Xoros-768x146.png 768w, https:\/\/xoros-home.de\/wp-content\/uploads\/2022\/03\/Edition-Xoros-1536x293.png 1536w, https:\/\/xoros-home.de\/wp-content\/uploads\/2022\/03\/Edition-Xoros-2048x390.png 2048w, https:\/\/xoros-home.de\/wp-content\/uploads\/2022\/03\/Edition-Xoros-600x114.png 600w\" sizes=\"(max-width: 300px) 100vw, 300px\" \/><\/p>","protected":false},"featured_media":12992,"template":"","meta":{"content-type":"","inline_featured_image":false},"product_brand":[],"product_cat":[190,41],"product_tag":[112,44,96,113],"class_list":{"0":"post-12991","1":"product","2":"type-product","3":"status-publish","4":"has-post-thumbnail","6":"product_cat-homeoffice-specials","7":"product_cat-schreibtischstuehle","8":"product_tag-einfache-selbstmontage","9":"product_tag-ergonomisch","10":"product_tag-hersteller-edition-xoros","11":"product_tag-schnelle-lieferung","13":"first","14":"instock","15":"taxable","16":"shipping-taxable","17":"purchasable","18":"product-type-simple"},"_links":{"self":[{"href":"https:\/\/xoros-home.de\/fr\/wp-json\/wp\/v2\/product\/12991","targetHints":{"allow":["GET"]}}],"collection":[{"href":"https:\/\/xoros-home.de\/fr\/wp-json\/wp\/v2\/product"}],"about":[{"href":"https:\/\/xoros-home.de\/fr\/wp-json\/wp\/v2\/types\/product"}],"version-history":[{"count":0,"href":"https:\/\/xoros-home.de\/fr\/wp-json\/wp\/v2\/product\/12991\/revisions"}],"wp:featuredmedia":[{"embeddable":true,"href":"https:\/\/xoros-home.de\/fr\/wp-json\/wp\/v2\/media\/12992"}],"wp:attachment":[{"href":"https:\/\/xoros-home.de\/fr\/wp-json\/wp\/v2\/media?parent=12991"}],"wp:term":[{"taxonomy":"product_brand","embeddable":true,"href":"https:\/\/xoros-home.de\/fr\/wp-json\/wp\/v2\/product_brand?post=12991"},{"taxonomy":"product_cat","embeddable":true,"href":"https:\/\/xoros-home.de\/fr\/wp-json\/wp\/v2\/product_cat?post=12991"},{"taxonomy":"product_tag","embeddable":true,"href":"https:\/\/xoros-home.de\/fr\/wp-json\/wp\/v2\/product_tag?post=12991"}],"curies":[{"name":"wp","href":"https:\/\/api.w.org\/{rel}","templated":true}]}}