{"id":13042,"date":"2023-12-01T16:56:12","date_gmt":"2023-12-01T15:56:12","guid":{"rendered":"https:\/\/xoros-home.de\/?post_type=product&#038;p=13042"},"modified":"2025-01-07T18:52:51","modified_gmt":"2025-01-07T17:52:51","slug":"omniroom-meet-4x4-ferme-6-personnes-mute","status":"publish","type":"product","link":"https:\/\/xoros-home.de\/fr\/produkt\/omniroom-meet-4x4-geschlossen-6-personen-mute\/","title":{"rendered":"MUTE Modulaire - Meet 4\u00d74 - Ferm\u00e9 - 6 personnes (MUTE)"},"content":{"rendered":"<p>mod\u00e8le 3D :<\/p>\n<p><iframe src=\"https:\/\/impress.pcon-solutions.com\/?l=de&amp;embed=https%3A%2F%2Fxoroshome-my.sharepoint.com%2F%3Au%3A%2Fg%2Fpersonal%2Ffrank_ehlers_xoros-home_de%2FERbz0feARBlFjCj1n2ZdXD0B5K_-IHZSGJ8KIoE0HcoZ_A\" width=\"600\" height=\"600\" frameborder=\"1\" allowfullscreen=\"allowfullscreen\"><span data-mce-type=\"bookmark\" style=\"display: inline-block; width: 0px; overflow: hidden; line-height: 0;\" class=\"mce_SELRES_start\"><\/span><\/iframe><\/p>","protected":false},"excerpt":{"rendered":"<p>Cette salle est con\u00e7ue pour les r\u00e9unions et peut accueillir jusqu'\u00e0 6 personnes en toute tranquillit\u00e9.<\/p>","protected":false},"featured_media":13041,"template":"","meta":{"content-type":"","inline_featured_image":false},"product_brand":[],"product_cat":[162],"product_tag":[132,142,180],"class_list":{"0":"post-13042","1":"product","2":"type-product","3":"status-publish","4":"has-post-thumbnail","6":"product_cat-raum-in-raum-systeme","7":"product_tag-effizienter-schallschutz","8":"product_tag-hersteller-mute","9":"product_tag-modular","11":"first","12":"instock","13":"taxable","14":"shipping-taxable","15":"purchasable","16":"product-type-simple"},"_links":{"self":[{"href":"https:\/\/xoros-home.de\/fr\/wp-json\/wp\/v2\/product\/13042","targetHints":{"allow":["GET"]}}],"collection":[{"href":"https:\/\/xoros-home.de\/fr\/wp-json\/wp\/v2\/product"}],"about":[{"href":"https:\/\/xoros-home.de\/fr\/wp-json\/wp\/v2\/types\/product"}],"version-history":[{"count":1,"href":"https:\/\/xoros-home.de\/fr\/wp-json\/wp\/v2\/product\/13042\/revisions"}],"predecessor-version":[{"id":13053,"href":"https:\/\/xoros-home.de\/fr\/wp-json\/wp\/v2\/product\/13042\/revisions\/13053"}],"wp:featuredmedia":[{"embeddable":true,"href":"https:\/\/xoros-home.de\/fr\/wp-json\/wp\/v2\/media\/13041"}],"wp:attachment":[{"href":"https:\/\/xoros-home.de\/fr\/wp-json\/wp\/v2\/media?parent=13042"}],"wp:term":[{"taxonomy":"product_brand","embeddable":true,"href":"https:\/\/xoros-home.de\/fr\/wp-json\/wp\/v2\/product_brand?post=13042"},{"taxonomy":"product_cat","embeddable":true,"href":"https:\/\/xoros-home.de\/fr\/wp-json\/wp\/v2\/product_cat?post=13042"},{"taxonomy":"product_tag","embeddable":true,"href":"https:\/\/xoros-home.de\/fr\/wp-json\/wp\/v2\/product_tag?post=13042"}],"curies":[{"name":"wp","href":"https:\/\/api.w.org\/{rel}","templated":true}]}}