{"id":13442,"date":"2024-01-09T16:34:22","date_gmt":"2024-01-09T15:34:22","guid":{"rendered":"https:\/\/xoros-home.de\/?post_type=product&#038;p=13442"},"modified":"2025-02-20T17:30:39","modified_gmt":"2025-02-20T16:30:39","slug":"meetingbox-space-l-meeting-mute","status":"publish","type":"product","link":"https:\/\/xoros-home.de\/fr\/produkt\/meetingbox-space-l-meeting-mute-2-2\/","title":{"rendered":"Bo\u00eete de r\u00e9union Space L \"Meeting\" (MUTE)"},"content":{"rendered":"<p>Fiche de donn\u00e9es : <a href=\"https:\/\/xoros-home.de\/wp-content\/uploads\/2024\/01\/Space_L_Daten_DE_2021.pdf\">T\u00e9l\u00e9charger la fiche technique de la Space L<\/a>.<\/p>\n<table>\n<tbody>\n<tr>\n<th>\u00c9quipement<\/th>\n<th>Space L Meeting<\/p>\n<p>(le mod\u00e8le pr\u00e9sent\u00e9 ici)<\/th>\n<th>Space L Double<\/th>\n<\/tr>\n<tr>\n<td>Syst\u00e8me de ventilation<\/td>\n<td>contiennent<\/td>\n<td>\u00a0contiennent<\/td>\n<\/tr>\n<tr>\n<td>Lumi\u00e8re LED<\/td>\n<td>contiennent<\/td>\n<td>\u00a0contiennent<\/td>\n<\/tr>\n<tr>\n<td>D\u00e9tecteur de mouvement<\/td>\n<td>contiennent<\/td>\n<td>\u00a0contiennent<\/td>\n<\/tr>\n<tr>\n<td>3x prise de courant<\/td>\n<td>contiennent<\/td>\n<td>\u00a0contiennent<\/td>\n<\/tr>\n<tr>\n<td>Plateau de table<\/td>\n<td>hauteur 70 cm, d\u00e9pla\u00e7able<\/td>\n<td>hauteur 110 cm, fixe<\/td>\n<\/tr>\n<tr>\n<td>Crochet mural (supporte une charge de 5 kg)<\/td>\n<td>2x inclus<\/td>\n<td>\u00a04x inclus<\/td>\n<\/tr>\n<tr>\n<td>Tapis graphite<\/td>\n<td>contiennent<\/td>\n<td>\u00a0contiennent<\/td>\n<\/tr>\n<tr>\n<td>ouverture de porte \u00e0 gauche ou \u00e0 droite au choix<\/td>\n<td>contiennent<\/td>\n<td>contiennent<\/td>\n<\/tr>\n<tr>\n<td>2 canap\u00e9s sans accoudoirs, tissu \"Synergy<\/td>\n<td>contiennent<\/td>\n<td>\u00a0\u2013<\/td>\n<\/tr>\n<tr>\n<td>Upgrade : Canap\u00e9s avec accoudoirs<\/td>\n<td>moyennant un suppl\u00e9ment<\/td>\n<td>\u00a0\u2013<\/td>\n<\/tr>\n<tr>\n<td>Upgrade : Canap\u00e9s avec tissu \"Remix3<\/td>\n<td>moyennant un suppl\u00e9ment<\/td>\n<td>\u00a0\u2013<\/td>\n<\/tr>\n<tr>\n<td>Connexion au r\u00e9seau local<\/td>\n<td>moyennant un suppl\u00e9ment<\/td>\n<td>moyennant un suppl\u00e9ment<\/td>\n<\/tr>\n<tr>\n<td>Support de moniteur avec plaque VESA 75 &amp; 100<\/td>\n<td>moyennant un suppl\u00e9ment<\/td>\n<td>moyennant un suppl\u00e9ment<\/td>\n<\/tr>\n<tr>\n<td>2x port de chargement USB dans le plateau de table<\/td>\n<td>moyennant un suppl\u00e9ment<\/td>\n<td>moyennant un suppl\u00e9ment<\/td>\n<\/tr>\n<tr>\n<td>Chargeur \u00e0 induction dans le plateau de table<\/td>\n<td>moyennant un suppl\u00e9ment<\/td>\n<td>moyennant un suppl\u00e9ment<\/td>\n<\/tr>\n<tr>\n<td>roulettes int\u00e9gr\u00e9es pour faciliter le d\u00e9placement<\/td>\n<td>moyennant un suppl\u00e9ment<\/td>\n<td>moyennant un suppl\u00e9ment<\/td>\n<\/tr>\n<tr>\n<td>Panneau de commande pour la lumi\u00e8re et l'\u00e9clairage<\/td>\n<td>moyennant un suppl\u00e9ment<\/td>\n<td>moyennant un suppl\u00e9ment<\/td>\n<\/tr>\n<\/tbody>\n<\/table>\n<p><strong>Dimensions et poids :<\/strong><\/p>\n<ul>\n<li>largeur (ext\u00e9rieur \/ int\u00e9rieur) : 2200 mm \/ 2000 mm<\/li>\n<li>Profondeur (ext\u00e9rieur \/ int\u00e9rieur) : 1300 mm (+ 900 mm avec porte ouverte) \/ 1192 mm<\/li>\n<li>Hauteur (ext\u00e9rieur \/ int\u00e9rieur) : 2247 mm \/ 2080 mm (distance au plafond : 2000 mm pour la ventilation)<\/li>\n<li class=\"tech-specs__field\">Poids : 695 kg<\/li>\n<\/ul>\n<p><strong>Donn\u00e9es acoustiques et ventilation :<\/strong><\/p>\n<ul>\n<li>Isolation acoustique : selon la fr\u00e9quence, entre 30 dB (sons graves) et 45 dB (fr\u00e9quences \u00e9lev\u00e9es)<\/li>\n<li>RT20 Puissance int\u00e9rieure : entre 0,1s et 0,3s (en fonction de la fr\u00e9quence) selon PN-EN ISO 354:2005<\/li>\n<li>D\u00e9bit d'air : 180 m3\/h<\/li>\n<\/ul>\n<p><iframe src=\"https:\/\/impress.pcon-solutions.com\/?l=de&amp;embed=https%3A%2F%2Fxoroshome-my.sharepoint.com%2F%3Au%3A%2Fg%2Fpersonal%2Ffrank_ehlers_xoros-home_de%2FES-t0JkchdJPkAwW3V0j5BgBm3QnkHwD92YHw5CufHdnIg\" width=\"450\" height=\"450\" frameborder=\"1\" allowfullscreen=\"allowfullscreen\"><span data-mce-type=\"bookmark\" style=\"display: inline-block; width: 0px; overflow: hidden; line-height: 0;\" class=\"mce_SELRES_start\"><\/span><\/iframe><\/p>","protected":false},"excerpt":{"rendered":"<p>La bo\u00eete de r\u00e9union Space L de Mute dispose d'une isolation acoustique extr\u00eamement \u00e9lev\u00e9e, ce qui permet de l'utiliser m\u00eame dans les gares et les a\u00e9roports ! Sois donc s\u00fbr que m\u00eame si tes coll\u00e8gues sont tr\u00e8s bruyants dans un bureau paysager, tu trouveras dans la Space L un endroit pour des r\u00e9unions importantes, un travail concentr\u00e9 ou des conf\u00e9rences t\u00e9l\u00e9phoniques ou vid\u00e9o importantes.<\/p>\n<p>La Space L existe en diff\u00e9rentes versions - il s'agit ici de la version \"Meeting\" pour des r\u00e9unions jusqu'\u00e0 4 personnes, canap\u00e9s inclus.<\/p>\n<p>Autres versions de la Space L disponibles chez nous (m\u00eame plan, autre am\u00e9nagement int\u00e9rieur) :<\/p>\n<ul>\n<li>Space L Double (avec deux postes de travail c\u00f4te \u00e0 c\u00f4te)<\/li>\n<li>Space L non meubl\u00e9<\/li>\n<\/ul>","protected":false},"featured_media":15810,"template":"","meta":{"content-type":"","inline_featured_image":false},"product_brand":[],"product_cat":[159],"product_tag":[132,142],"class_list":{"0":"post-13442","1":"product","2":"type-product","3":"status-publish","4":"has-post-thumbnail","6":"product_cat-meetingbox","7":"product_tag-effizienter-schallschutz","8":"product_tag-hersteller-mute","10":"first","11":"instock","12":"taxable","13":"shipping-taxable","14":"purchasable","15":"product-type-simple"},"_links":{"self":[{"href":"https:\/\/xoros-home.de\/fr\/wp-json\/wp\/v2\/product\/13442","targetHints":{"allow":["GET"]}}],"collection":[{"href":"https:\/\/xoros-home.de\/fr\/wp-json\/wp\/v2\/product"}],"about":[{"href":"https:\/\/xoros-home.de\/fr\/wp-json\/wp\/v2\/types\/product"}],"version-history":[{"count":0,"href":"https:\/\/xoros-home.de\/fr\/wp-json\/wp\/v2\/product\/13442\/revisions"}],"wp:featuredmedia":[{"embeddable":true,"href":"https:\/\/xoros-home.de\/fr\/wp-json\/wp\/v2\/media\/15810"}],"wp:attachment":[{"href":"https:\/\/xoros-home.de\/fr\/wp-json\/wp\/v2\/media?parent=13442"}],"wp:term":[{"taxonomy":"product_brand","embeddable":true,"href":"https:\/\/xoros-home.de\/fr\/wp-json\/wp\/v2\/product_brand?post=13442"},{"taxonomy":"product_cat","embeddable":true,"href":"https:\/\/xoros-home.de\/fr\/wp-json\/wp\/v2\/product_cat?post=13442"},{"taxonomy":"product_tag","embeddable":true,"href":"https:\/\/xoros-home.de\/fr\/wp-json\/wp\/v2\/product_tag?post=13442"}],"curies":[{"name":"wp","href":"https:\/\/api.w.org\/{rel}","templated":true}]}}