{"id":13711,"date":"2024-02-28T18:26:32","date_gmt":"2024-02-28T17:26:32","guid":{"rendered":"https:\/\/xoros-home.de\/?post_type=product&#038;p=13711"},"modified":"2024-02-28T18:26:32","modified_gmt":"2024-02-28T17:26:32","slug":"chaise-pivotante-seflex-sedus-2","status":"publish","type":"product","link":"https:\/\/xoros-home.de\/fr\/produkt\/drehstuhl-seair-sedus\/","title":{"rendered":"Si\u00e8ge de travail se:air (SEDUS)"},"content":{"rendered":"<p>Recommand\u00e9 pour un poids d'utilisateur jusqu'\u00e0 130 kg.<\/p>\n<p><strong>Tissu de la membrane<\/strong><\/p>\n<p>Le rev\u00eatement en membrane de l'assise et du dossier assure l\u00e9g\u00e8ret\u00e9 et confort d'assise.<\/p>\n<p><strong>Accoudoirs<\/strong><\/p>\n<p>Les accoudoirs multifonctions sont r\u00e9glables en hauteur, y compris le pad coulissant \u00e0 effet flottant (sans cran : avant &amp; arri\u00e8re, pivotant vers l'int\u00e9rieur et l'ext\u00e9rieur).<\/p>\n<p><strong>Appui-lordose<\/strong><\/p>\n<p>L'appui-lordose renforce le bas du dos et assure une assise ergonomique.<\/p>\n<p><strong>M\u00e9canisme Kinetic-Swing<\/strong><\/p>\n<p>se:air poss\u00e8de un syst\u00e8me d'adaptation automatique au poids de l'utilisateur, sans r\u00e9glage fastidieux : plus le poids de l'utilisateur est \u00e9lev\u00e9, plus la r\u00e9sistance est importante lorsqu'il s'appuie sur le dossier.<\/p>\n<p><strong>R\u00f4les :<\/strong><br \/>\nEn standard, nous \u00e9quipons le se:air de roulettes souples, particuli\u00e8rement adapt\u00e9es aux sols durs comme le parquet, le stratifi\u00e9 ou le carrelage, mais qui peuvent \u00e9galement \u00eatre utilis\u00e9es pour la moquette \u00e0 poils bas.<br \/>\nDurable, durable, moderne<\/p>\n<p>Le mod\u00e8le filigrane de se:air ne convainc pas seulement par son aspect visuel, mais aussi par ses aspects durables. Jusqu'\u00e0 50 % du mat\u00e9riau noir du cadre sont constitu\u00e9s de mat\u00e9riaux recycl\u00e9s. \u00c0 cela s'ajoute la membrane, qui est tricot\u00e9e avec pr\u00e9cision dans sa forme, et qui est en outre ind\u00e9chirable, r\u00e9sistante et \"Made in Germany\". Les accoudoirs fonctionnels, le pi\u00e9tement \u00e0 cinq branches et l'appui-lordose en option compl\u00e8tent la forme de ce si\u00e8ge pivotant.<\/p>\n<p>&nbsp;<\/p>\n<p><img decoding=\"async\" class=\"alignnone size-full wp-image-8678\" src=\"https:\/\/xoros-home.de\/wp-content\/uploads\/2022\/06\/Sedus-Logo200.png\" alt=\"\" width=\"200\" height=\"90\" \/><\/p>","protected":false},"excerpt":{"rendered":"<p>L\u00e9ger, confortable en filigrane : avec se:air, rester au frais n'est pas un probl\u00e8me. Il renonce \u00e0 un rembourrage complet classique et poss\u00e8de en revanche une membrane en filet perm\u00e9able \u00e0 l'air pour l'assise et le dossier, qui offre un confort respirant. Les diff\u00e9rentes positions assises et les mouvements sont soutenus de mani\u00e8re optimale gr\u00e2ce aux diff\u00e9rents degr\u00e9s de duret\u00e9 de la membrane. L'accumulation de chaleur aux points de pression, les points de pression et les glissements sur l'assise sont ainsi facilement \u00e9vit\u00e9s.<\/p>\n<p>&nbsp;<\/p>","protected":false},"featured_media":13715,"template":"","meta":{"content-type":"","inline_featured_image":false},"product_brand":[],"product_cat":[41,191,39,192],"product_tag":[112,44,107,108],"class_list":{"0":"post-13711","1":"product","2":"type-product","3":"status-publish","4":"has-post-thumbnail","6":"product_cat-schreibtischstuehle","7":"product_cat-homeoffice-design-premium","8":"product_cat-moebel","9":"product_cat-office-drehstuehle","10":"product_tag-einfache-selbstmontage","11":"product_tag-ergonomisch","12":"product_tag-hersteller-sedus","13":"product_tag-made-in-germany","15":"first","16":"instock","17":"taxable","18":"shipping-taxable","19":"purchasable","20":"product-type-simple"},"_links":{"self":[{"href":"https:\/\/xoros-home.de\/fr\/wp-json\/wp\/v2\/product\/13711","targetHints":{"allow":["GET"]}}],"collection":[{"href":"https:\/\/xoros-home.de\/fr\/wp-json\/wp\/v2\/product"}],"about":[{"href":"https:\/\/xoros-home.de\/fr\/wp-json\/wp\/v2\/types\/product"}],"version-history":[{"count":0,"href":"https:\/\/xoros-home.de\/fr\/wp-json\/wp\/v2\/product\/13711\/revisions"}],"wp:featuredmedia":[{"embeddable":true,"href":"https:\/\/xoros-home.de\/fr\/wp-json\/wp\/v2\/media\/13715"}],"wp:attachment":[{"href":"https:\/\/xoros-home.de\/fr\/wp-json\/wp\/v2\/media?parent=13711"}],"wp:term":[{"taxonomy":"product_brand","embeddable":true,"href":"https:\/\/xoros-home.de\/fr\/wp-json\/wp\/v2\/product_brand?post=13711"},{"taxonomy":"product_cat","embeddable":true,"href":"https:\/\/xoros-home.de\/fr\/wp-json\/wp\/v2\/product_cat?post=13711"},{"taxonomy":"product_tag","embeddable":true,"href":"https:\/\/xoros-home.de\/fr\/wp-json\/wp\/v2\/product_tag?post=13711"}],"curies":[{"name":"wp","href":"https:\/\/api.w.org\/{rel}","templated":true}]}}