{"id":13971,"date":"2024-03-11T13:18:55","date_gmt":"2024-03-11T12:18:55","guid":{"rendered":"https:\/\/xoros-home.de\/?post_type=product&#038;p=13971"},"modified":"2024-03-11T13:20:49","modified_gmt":"2024-03-11T12:20:49","slug":"siege-pivotant-aeris-numo-task-aeris","status":"publish","type":"product","link":"https:\/\/xoros-home.de\/fr\/produkt\/drehstuhl-aeris-numo-task-aeris\/","title":{"rendered":"Chaise pivotante Aeris Numo Task (AERIS)"},"content":{"rendered":"<ul>\n<li>\u00c9quip\u00e9 d'un rembourrage dorsal amovible<\/li>\n<li>Pi\u00e9tement avec SAM (Self Adjusting Motion Element) - permet une l\u00e9g\u00e8re inclinaison et rotation autour de son propre axe (assise 3D)<\/li>\n<li>Roulettes universelles pour tous les rev\u00eatements de sol (frein\u00e9es)<\/li>\n<li>Housse de coussin d'assise : polyester recycl\u00e9 (tissu \"Cura\" du fabricant danois Gabriel) - plusieurs coloris au choix<\/li>\n<li>couleur de la structure au choix : blanc ou noir<\/li>\n<\/ul>","protected":false},"excerpt":{"rendered":"<p>Gr\u00e2ce \u00e0 sa technologie innovante, l'Aeris Numo Task te donne la sensation d'\u00eatre assis sur un nuage. La variante \u00e0 jambes \u00e9lastiques permet un mouvement efficace de haut en bas pendant l'assise et soulage ainsi les disques intervert\u00e9braux.<\/p>","protected":false},"featured_media":13975,"template":"","meta":{"content-type":"","inline_featured_image":false},"product_brand":[],"product_cat":[191,41],"product_tag":[112,44,48,108],"class_list":{"0":"post-13971","1":"product","2":"type-product","3":"status-publish","4":"has-post-thumbnail","6":"product_cat-homeoffice-design-premium","7":"product_cat-schreibtischstuehle","8":"product_tag-einfache-selbstmontage","9":"product_tag-ergonomisch","10":"product_tag-hersteller-aeris","11":"product_tag-made-in-germany","13":"first","14":"instock","15":"taxable","16":"shipping-taxable","17":"purchasable","18":"product-type-simple"},"_links":{"self":[{"href":"https:\/\/xoros-home.de\/fr\/wp-json\/wp\/v2\/product\/13971","targetHints":{"allow":["GET"]}}],"collection":[{"href":"https:\/\/xoros-home.de\/fr\/wp-json\/wp\/v2\/product"}],"about":[{"href":"https:\/\/xoros-home.de\/fr\/wp-json\/wp\/v2\/types\/product"}],"version-history":[{"count":0,"href":"https:\/\/xoros-home.de\/fr\/wp-json\/wp\/v2\/product\/13971\/revisions"}],"wp:featuredmedia":[{"embeddable":true,"href":"https:\/\/xoros-home.de\/fr\/wp-json\/wp\/v2\/media\/13975"}],"wp:attachment":[{"href":"https:\/\/xoros-home.de\/fr\/wp-json\/wp\/v2\/media?parent=13971"}],"wp:term":[{"taxonomy":"product_brand","embeddable":true,"href":"https:\/\/xoros-home.de\/fr\/wp-json\/wp\/v2\/product_brand?post=13971"},{"taxonomy":"product_cat","embeddable":true,"href":"https:\/\/xoros-home.de\/fr\/wp-json\/wp\/v2\/product_cat?post=13971"},{"taxonomy":"product_tag","embeddable":true,"href":"https:\/\/xoros-home.de\/fr\/wp-json\/wp\/v2\/product_tag?post=13971"}],"curies":[{"name":"wp","href":"https:\/\/api.w.org\/{rel}","templated":true}]}}