{"id":13992,"date":"2024-03-13T14:59:30","date_gmt":"2024-03-13T13:59:30","guid":{"rendered":"https:\/\/xoros-home.de\/?post_type=product&#038;p=13992"},"modified":"2024-03-13T14:59:31","modified_gmt":"2024-03-13T13:59:31","slug":"desk-pro-2-yaasa","status":"publish","type":"product","link":"https:\/\/xoros-home.de\/fr\/produkt\/desk-pro-2-yaasa\/","title":{"rendered":"Desk Pro 2 (Yaasa)"},"content":{"rendered":"<ul class=\"keyfacts__list ff-rob\">\n<li class=\"fs-14 mb-10\">R\u00e9glage \u00e9lectrique de la hauteur entre 64 et 130 cm<\/li>\n<li class=\"fs-14 mb-10\">El\u00e9ment de commande int\u00e9gr\u00e9 dans le plateau de table.<\/li>\n<li class=\"fs-14 mb-10\">2 positions de m\u00e9moire &amp; affichage de l'altitude<\/li>\n<li class=\"fs-14 mb-10\">capacit\u00e9 de charge statique 100 kg, dynamique 80 kg, avec capteur de collision<\/li>\n<li class=\"fs-14 mb-10\">Fabriqu\u00e9 en Europe. Disponible en 3 tailles 5 designs.<\/li>\n<\/ul>","protected":false},"excerpt":{"rendered":"<p>Le Desk Pro 2 est le choix id\u00e9al pour tous ceux qui recherchent un bureau assis-debout \u00e0 la fois performant et au design contemporain. Ses fonctions intelligentes et son design moderne aux angles arrondis \u00e9tablissent de nouvelles normes, que ce soit au bureau ou dans un bureau \u00e0 domicile.<\/p>\n<p>L'une des caract\u00e9ristiques les plus remarquables du Desk Pro 2 est sa commande manuelle int\u00e9gr\u00e9e, qui n'est pas seulement un \u00e9l\u00e9ment de style, mais qui offre \u00e9galement une fonctionnalit\u00e9 maximale. L'\u00e9cran clair permet une utilisation intuitive, tandis que la fonction de m\u00e9moire permet aux utilisateurs d'enregistrer des r\u00e9glages de hauteur individuels et de passer d'une position assise ou debout \u00e0 l'autre en appuyant simplement sur un bouton. Cette fonction innovante favorise non seulement l'ergonomie sur le lieu de travail, mais encourage \u00e9galement un style de travail dynamique.<\/p>\n<p>Le Desk Pro 2 est \u00e9galement id\u00e9al pour les postes de travail altern\u00e9s, o\u00f9 plusieurs collaborateurs se partagent un m\u00eame bureau \u00e0 des jours diff\u00e9rents. Gr\u00e2ce \u00e0 l'affichage num\u00e9rique de la hauteur de l'\u00e9cran et \u00e0 la fonction de m\u00e9moire, la hauteur d'assise ou de station debout peut \u00eatre adapt\u00e9e \u00e0 tout moment, rapidement et pr\u00e9cis\u00e9ment, aux pr\u00e9f\u00e9rences individuelles.<\/p>\n<p>Dans l'ensemble, le Desk Pro 2 allie donc non seulement un design attrayant \u00e0 une technologie intelligente, mais offre \u00e9galement une solution \u00e9l\u00e9gante aux exigences des postes de travail modernes, o\u00f9 la flexibilit\u00e9 et le confort sont au premier plan.<\/p>","protected":false},"featured_media":13994,"template":"","meta":{"content-type":"","inline_featured_image":false},"product_brand":[],"product_cat":[190,40],"product_tag":[112,44,196,46,113],"class_list":{"0":"post-13992","1":"product","2":"type-product","3":"status-publish","4":"has-post-thumbnail","6":"product_cat-homeoffice-specials","7":"product_cat-schreibtische","8":"product_tag-einfache-selbstmontage","9":"product_tag-ergonomisch","10":"product_tag-hersteller-yaasa","11":"product_tag-hoehenverstellbar","12":"product_tag-schnelle-lieferung","14":"first","15":"instock","16":"taxable","17":"shipping-taxable","18":"purchasable","19":"product-type-simple"},"_links":{"self":[{"href":"https:\/\/xoros-home.de\/fr\/wp-json\/wp\/v2\/product\/13992","targetHints":{"allow":["GET"]}}],"collection":[{"href":"https:\/\/xoros-home.de\/fr\/wp-json\/wp\/v2\/product"}],"about":[{"href":"https:\/\/xoros-home.de\/fr\/wp-json\/wp\/v2\/types\/product"}],"version-history":[{"count":0,"href":"https:\/\/xoros-home.de\/fr\/wp-json\/wp\/v2\/product\/13992\/revisions"}],"wp:featuredmedia":[{"embeddable":true,"href":"https:\/\/xoros-home.de\/fr\/wp-json\/wp\/v2\/media\/13994"}],"wp:attachment":[{"href":"https:\/\/xoros-home.de\/fr\/wp-json\/wp\/v2\/media?parent=13992"}],"wp:term":[{"taxonomy":"product_brand","embeddable":true,"href":"https:\/\/xoros-home.de\/fr\/wp-json\/wp\/v2\/product_brand?post=13992"},{"taxonomy":"product_cat","embeddable":true,"href":"https:\/\/xoros-home.de\/fr\/wp-json\/wp\/v2\/product_cat?post=13992"},{"taxonomy":"product_tag","embeddable":true,"href":"https:\/\/xoros-home.de\/fr\/wp-json\/wp\/v2\/product_tag?post=13992"}],"curies":[{"name":"wp","href":"https:\/\/api.w.org\/{rel}","templated":true}]}}