{"id":14002,"date":"2024-03-13T15:03:55","date_gmt":"2024-03-13T14:03:55","guid":{"rendered":"https:\/\/xoros-home.de\/?post_type=product&#038;p=14002"},"modified":"2024-03-13T15:03:55","modified_gmt":"2024-03-13T14:03:55","slug":"chair-classic-yaasa","status":"publish","type":"product","link":"https:\/\/xoros-home.de\/fr\/produkt\/chair-classic-yaasa\/","title":{"rendered":"Chaise \"Classic\" (Yaasa)"},"content":{"rendered":"<ul>\n<li>Si\u00e8ge de bureau haut de gamme au design exceptionnel et aux fonctionnalit\u00e9s ergonomiques, disponible en noir et blanc<\/li>\n<li>Hauteur et profondeur d'assise, position du dossier et accoudoirs 3D r\u00e9glables<\/li>\n<li>Appui-lordose r\u00e9glable en continu pour soutenir les vert\u00e8bres lombaires et une posture saine<\/li>\n<li>la r\u00e9sistance du dossier peut \u00eatre ajust\u00e9e individuellement en fonction du poids du corps<\/li>\n<li>Roulettes universelles de haute qualit\u00e9 pour sols souples et durs, capacit\u00e9 de charge jusqu'\u00e0 130 kg<\/li>\n<\/ul>","protected":false},"excerpt":{"rendered":"<p>La Yaasa Chair Classic r\u00e9pond \u00e0 toutes les attentes d'une chaise de bureau pivotante ergonomique - ses nombreuses possibilit\u00e9s de r\u00e9glage garantissent une position assise optimale ! Son \u00e9l\u00e9gant dossier en r\u00e9sille conf\u00e8re \u00e0 la Chair Classic un design moderne et intemporel.<\/p>\n<p>Gr\u00e2ce \u00e0 son m\u00e9canisme synchrone de haute qualit\u00e9, ce si\u00e8ge de bureau favorise non seulement une assise dynamique, mais aussi une assise saine - m\u00eame en se penchant en arri\u00e8re. Le dossier ergonomique et respirant avec contre-pression r\u00e9glable individuellement s'adapte parfaitement au corps et soutient la colonne vert\u00e9brale.<\/p>\n<p>Gr\u00e2ce \u00e0 son design moderne et innovant, la Chair Classic offre un maximum de mobilit\u00e9, de flexibilit\u00e9 et d'adaptabilit\u00e9 aux amateurs de design au bureau ou \u00e0 domicile.<\/p>\n<p>\u00c9quip\u00e9e de roulettes universelles de haute qualit\u00e9, la Chair Classic convient aussi bien aux rev\u00eatements de sol souples que durs.<\/p>\n<p>Profitez d'un confort ergonomique combin\u00e9 \u00e0 un style intemporel - la Chair Classic est le compagnon id\u00e9al pour une assise exigeante !<\/p>","protected":false},"featured_media":14003,"template":"","meta":{"content-type":"","inline_featured_image":false},"product_brand":[],"product_cat":[190,41],"product_tag":[112,44,196,113],"class_list":{"0":"post-14002","1":"product","2":"type-product","3":"status-publish","4":"has-post-thumbnail","6":"product_cat-homeoffice-specials","7":"product_cat-schreibtischstuehle","8":"product_tag-einfache-selbstmontage","9":"product_tag-ergonomisch","10":"product_tag-hersteller-yaasa","11":"product_tag-schnelle-lieferung","13":"first","14":"instock","15":"taxable","16":"shipping-taxable","17":"purchasable","18":"product-type-simple"},"_links":{"self":[{"href":"https:\/\/xoros-home.de\/fr\/wp-json\/wp\/v2\/product\/14002","targetHints":{"allow":["GET"]}}],"collection":[{"href":"https:\/\/xoros-home.de\/fr\/wp-json\/wp\/v2\/product"}],"about":[{"href":"https:\/\/xoros-home.de\/fr\/wp-json\/wp\/v2\/types\/product"}],"version-history":[{"count":0,"href":"https:\/\/xoros-home.de\/fr\/wp-json\/wp\/v2\/product\/14002\/revisions"}],"wp:featuredmedia":[{"embeddable":true,"href":"https:\/\/xoros-home.de\/fr\/wp-json\/wp\/v2\/media\/14003"}],"wp:attachment":[{"href":"https:\/\/xoros-home.de\/fr\/wp-json\/wp\/v2\/media?parent=14002"}],"wp:term":[{"taxonomy":"product_brand","embeddable":true,"href":"https:\/\/xoros-home.de\/fr\/wp-json\/wp\/v2\/product_brand?post=14002"},{"taxonomy":"product_cat","embeddable":true,"href":"https:\/\/xoros-home.de\/fr\/wp-json\/wp\/v2\/product_cat?post=14002"},{"taxonomy":"product_tag","embeddable":true,"href":"https:\/\/xoros-home.de\/fr\/wp-json\/wp\/v2\/product_tag?post=14002"}],"curies":[{"name":"wp","href":"https:\/\/api.w.org\/{rel}","templated":true}]}}