{"id":14011,"date":"2024-03-13T15:08:54","date_gmt":"2024-03-13T14:08:54","guid":{"rendered":"https:\/\/xoros-home.de\/?post_type=product&#038;p=14011"},"modified":"2024-03-13T15:08:54","modified_gmt":"2024-03-13T14:08:54","slug":"chair-essential-yaasa","status":"publish","type":"product","link":"https:\/\/xoros-home.de\/fr\/produkt\/chair-essential-yaasa\/","title":{"rendered":"Chaise \"Essential\" (Yaasa)"},"content":{"rendered":"<ul>\n<li>R\u00e9glage individuel de la hauteur et de la profondeur de l'assise, de la position du dossier et des accoudoirs 3D<\/li>\n<li>Soutien lombaire r\u00e9glable pour soutenir le bas du dos et une posture saine<\/li>\n<li>Design simple et \u00e9pur\u00e9, y compris les fonctions ergonomiques essentielles<\/li>\n<li>capacit\u00e9 de charge jusqu'\u00e0 130 kg<\/li>\n<li>roulettes universelles adapt\u00e9es aux sols souples et durs<\/li>\n<\/ul>","protected":false},"excerpt":{"rendered":"<p>Le Chair Essential impressionne par ses caract\u00e9ristiques ergonomiques indispensables et son adaptation ultra-rapide \u00e0 tes besoins individuels. Une position assise saine et confortable est ainsi garantie \u00e0 tout moment ! Le r\u00e9glage synchrone du dossier et de l'assise, combin\u00e9 \u00e0 un soutien lombaire adaptable, garantit un soutien optimal du dos et de la colonne vert\u00e9brale - dans toutes les positions imaginables.<\/p>\n<p>Les accoudoirs 3D r\u00e9glables (hauteur r\u00e9glable, appui-bras pivotant et coulissant) et la hauteur d'assise r\u00e9glable de mani\u00e8re flexible assurent un confort d'assise encore plus grand. Le design sobre et minimaliste fait de la Chair Essential non seulement une chaise de bureau imbattable, mais permet \u00e9galement de l'int\u00e9grer sans probl\u00e8me dans tout environnement de travail ou dans un bureau \u00e0 domicile.<\/p>\n<p>La chaise Essential peut supporter jusqu'\u00e0 130 kg et dispose de roulettes universelles (pour sols souples et durs)...,<\/p>\n<p>Profite d'un maximum de confort et de style - la Chair Essential, ton compagnon \u00e9conomique pour un travail ergonomique !<\/p>","protected":false},"featured_media":14012,"template":"","meta":{"content-type":"","inline_featured_image":false},"product_brand":[],"product_cat":[190,41],"product_tag":[112,44,196,113],"class_list":{"0":"post-14011","1":"product","2":"type-product","3":"status-publish","4":"has-post-thumbnail","6":"product_cat-homeoffice-specials","7":"product_cat-schreibtischstuehle","8":"product_tag-einfache-selbstmontage","9":"product_tag-ergonomisch","10":"product_tag-hersteller-yaasa","11":"product_tag-schnelle-lieferung","13":"first","14":"instock","15":"taxable","16":"shipping-taxable","17":"purchasable","18":"product-type-simple"},"_links":{"self":[{"href":"https:\/\/xoros-home.de\/fr\/wp-json\/wp\/v2\/product\/14011","targetHints":{"allow":["GET"]}}],"collection":[{"href":"https:\/\/xoros-home.de\/fr\/wp-json\/wp\/v2\/product"}],"about":[{"href":"https:\/\/xoros-home.de\/fr\/wp-json\/wp\/v2\/types\/product"}],"version-history":[{"count":0,"href":"https:\/\/xoros-home.de\/fr\/wp-json\/wp\/v2\/product\/14011\/revisions"}],"wp:featuredmedia":[{"embeddable":true,"href":"https:\/\/xoros-home.de\/fr\/wp-json\/wp\/v2\/media\/14012"}],"wp:attachment":[{"href":"https:\/\/xoros-home.de\/fr\/wp-json\/wp\/v2\/media?parent=14011"}],"wp:term":[{"taxonomy":"product_brand","embeddable":true,"href":"https:\/\/xoros-home.de\/fr\/wp-json\/wp\/v2\/product_brand?post=14011"},{"taxonomy":"product_cat","embeddable":true,"href":"https:\/\/xoros-home.de\/fr\/wp-json\/wp\/v2\/product_cat?post=14011"},{"taxonomy":"product_tag","embeddable":true,"href":"https:\/\/xoros-home.de\/fr\/wp-json\/wp\/v2\/product_tag?post=14011"}],"curies":[{"name":"wp","href":"https:\/\/api.w.org\/{rel}","templated":true}]}}