{"id":14033,"date":"2024-03-13T16:29:29","date_gmt":"2024-03-13T15:29:29","guid":{"rendered":"https:\/\/xoros-home.de\/?post_type=product&#038;p=14033"},"modified":"2024-03-13T16:29:29","modified_gmt":"2024-03-13T15:29:29","slug":"desk-one-pupitre-electrique-reglable-en-hauteur-yaasa","status":"publish","type":"product","link":"https:\/\/xoros-home.de\/fr\/produkt\/desk-one-stehpult-elektrisch-hoehenverstellbar-yaasa\/","title":{"rendered":"Desk One - pupitre \u00e0 hauteur r\u00e9glable \u00e9lectriquement (Yaasa)"},"content":{"rendered":"<ul>\n<li class=\"fs-14 mb-10\">R\u00e9glage \u00e9lectrique de la hauteur entre 70 et 120 cm<\/li>\n<li class=\"fs-14 mb-10\">Commutateur manuel discret cach\u00e9 sous le plateau de table<\/li>\n<li class=\"fs-14 mb-10\">capacit\u00e9 de charge 40 kg, avec capteur de collision<\/li>\n<li class=\"fs-14 mb-10\">Fabriqu\u00e9 en Europe<\/li>\n<li class=\"fs-14 mb-10\">disponible en noir ou en blanc<\/li>\n<\/ul>","protected":false},"excerpt":{"rendered":"<p>La Desk One est la table la plus compacte de l'assortiment de Yaasa et la solution id\u00e9ale pour tous les environnements de travail o\u00f9 l'espace est limit\u00e9. La Desk One peut par exemple \u00eatre utilis\u00e9e dans un bureau \u00e0 domicile comme mini-poste de travail ergonomique. La Desk One fait \u00e9galement bonne figure comme table d'appoint r\u00e9glable en hauteur au bureau ou comme pupitre.<\/p>\n<ul>\n<li>R\u00e9glage \u00e9lectrique de la hauteur : quel que soit l'environnement, le r\u00e9glage de la hauteur par interrupteur manuel de Desk One permet de travailler de mani\u00e8re ergonomique dans un espace r\u00e9duit.<\/li>\n<li>Design innovant : le Desk One se distingue par ses coins arrondis caract\u00e9ristiques et son support de pied en feutre<\/li>\n<li>Polyvalent : Desk One est extr\u00eamement polyvalent : que ce soit comme bureau, table pour ordinateur portable, pupitre ou table d'appoint, il s'adapte de mani\u00e8re flexible \u00e0 tes besoins.<\/li>\n<\/ul>\n<p>Le Desk One est disponible en deux couleurs diff\u00e9rentes, est fabriqu\u00e9 en Europe et peut supporter jusqu'\u00e0 40 kg. D\u00e9couvre maintenant le Desk One pour une fonctionnalit\u00e9 maximale dans un espace limit\u00e9.<\/p>","protected":false},"featured_media":14034,"template":"","meta":{"content-type":"","inline_featured_image":false},"product_brand":[],"product_cat":[190,40],"product_tag":[112,44,196,45,113],"class_list":{"0":"post-14033","1":"product","2":"type-product","3":"status-publish","4":"has-post-thumbnail","6":"product_cat-homeoffice-specials","7":"product_cat-schreibtische","8":"product_tag-einfache-selbstmontage","9":"product_tag-ergonomisch","10":"product_tag-hersteller-yaasa","11":"product_tag-platzsparend","12":"product_tag-schnelle-lieferung","14":"first","15":"instock","16":"taxable","17":"shipping-taxable","18":"purchasable","19":"product-type-simple"},"_links":{"self":[{"href":"https:\/\/xoros-home.de\/fr\/wp-json\/wp\/v2\/product\/14033","targetHints":{"allow":["GET"]}}],"collection":[{"href":"https:\/\/xoros-home.de\/fr\/wp-json\/wp\/v2\/product"}],"about":[{"href":"https:\/\/xoros-home.de\/fr\/wp-json\/wp\/v2\/types\/product"}],"version-history":[{"count":0,"href":"https:\/\/xoros-home.de\/fr\/wp-json\/wp\/v2\/product\/14033\/revisions"}],"wp:featuredmedia":[{"embeddable":true,"href":"https:\/\/xoros-home.de\/fr\/wp-json\/wp\/v2\/media\/14034"}],"wp:attachment":[{"href":"https:\/\/xoros-home.de\/fr\/wp-json\/wp\/v2\/media?parent=14033"}],"wp:term":[{"taxonomy":"product_brand","embeddable":true,"href":"https:\/\/xoros-home.de\/fr\/wp-json\/wp\/v2\/product_brand?post=14033"},{"taxonomy":"product_cat","embeddable":true,"href":"https:\/\/xoros-home.de\/fr\/wp-json\/wp\/v2\/product_cat?post=14033"},{"taxonomy":"product_tag","embeddable":true,"href":"https:\/\/xoros-home.de\/fr\/wp-json\/wp\/v2\/product_tag?post=14033"}],"curies":[{"name":"wp","href":"https:\/\/api.w.org\/{rel}","templated":true}]}}