{"id":14072,"date":"2024-03-20T17:06:47","date_gmt":"2024-03-20T16:06:47","guid":{"rendered":"https:\/\/xoros-home.de\/?post_type=product&#038;p=14072"},"modified":"2025-02-04T16:28:30","modified_gmt":"2025-02-04T15:28:30","slug":"cube-m-sedus","status":"publish","type":"product","link":"https:\/\/xoros-home.de\/fr\/produkt\/cube-m-sedus\/","title":{"rendered":"Cube M (SEDUS)"},"content":{"rendered":"<p><strong>D\u00e9tails du produit :<\/strong><\/p>\n<ul>\n<li>Commande intelligente de la ventilation avec plusieurs capteurs : d\u00e9tecteur de pr\u00e9sence, capteur de temp\u00e9rature ambiante et capteur de CO<sub>2<\/sub>-salaire<\/li>\n<li>Parois recouvertes de tissu de diff\u00e9rentes couleurs et tissus<\/li>\n<li>Le sol est \u00e9quip\u00e9 de dalles de moquette de la marque de qualit\u00e9 Interface<\/li>\n<li>Diff\u00e9rentes variantes sont disponibles pour l'int\u00e9rieur :\n<ul>\n<li>Vide \/ sans int\u00e9rieur<\/li>\n<li><strong>Recommandation :<\/strong> Diner (3-4 personnes) y compris table encastr\u00e9e et deux canap\u00e9s<\/li>\n<li>Meet (3-4 personnes) avec table encastr\u00e9e (si\u00e8ges disponibles s\u00e9par\u00e9ment)<\/li>\n<li>salon vid\u00e9o (1-2 personnes), y compris une table encastr\u00e9e, un canap\u00e9 et une pr\u00e9paration pour un support d'\u00e9cran sur le mur oppos\u00e9<\/li>\n<li>Focus Work (1 personne) avec table encastr\u00e9e (si\u00e8ges disponibles s\u00e9par\u00e9ment)<\/li>\n<li>Duo Work (2 personnes) debout ou assis, y compris table encastr\u00e9e en forme de V (si\u00e8ges disponibles s\u00e9par\u00e9ment)<\/li>\n<\/ul>\n<\/li>\n<\/ul>\n<p><strong>Donn\u00e9es techniques :<\/strong><\/p>\n<ul>\n<li>Dimensions ext\u00e9rieures : L 2000 x P 1500 x H 2320 mm<\/li>\n<li>Dimensions int\u00e9rieures : L 1715 x P 1382 x H 2200 mm (sous luminaire : H 2150 mm)<\/li>\n<li>Hauteur libre de la pi\u00e8ce n\u00e9cessaire pour le montage et la circulation de l'air : min. 2500 mm<\/li>\n<li>La commande enti\u00e8rement automatique r\u00e8gle les ventilateurs en fonction de la temp\u00e9rature ambiante et de la teneur en CO\u00b2 de l'air ambiant dans le se:cube.<\/li>\n<li>\u00c9l\u00e9ments en verre compos\u00e9s de verre de s\u00e9curit\u00e9 feuillet\u00e9 VSG-SI de 10,76 mm avec film acoustique intercal\u00e9<\/li>\n<\/ul>\n<p>&nbsp;<\/p>\n<p><strong>Vid\u00e9o sur la gamme de produits se:cube :<\/strong><\/p>\n<div style=\"width: 800px;\" class=\"wp-video\"><video class=\"wp-video-shortcode\" id=\"video-14072-1\" width=\"800\" height=\"450\" preload=\"metadata\" controls=\"controls\"><source type=\"video\/mp4\" src=\"https:\/\/xoros-home.de\/wp-content\/uploads\/2024\/03\/Video-SEDUS-se-cube-Akustik-Pod-Meetingbox-Telefonbox.mp4?_=1\" \/><a href=\"https:\/\/xoros-home.de\/wp-content\/uploads\/2024\/03\/Video-SEDUS-se-cube-Akustik-Pod-Meetingbox-Telefonbox.mp4\">https:\/\/xoros-home.de\/wp-content\/uploads\/2024\/03\/Video-SEDUS-se-cube-Akustik-Pod-Meetingbox-Telefonbox.mp4<\/a><\/video><\/div>\n<p>&nbsp;<\/p>\n<p><strong>Court m\u00e9trage \"Moments of silence :<\/strong><\/p>\n<p><a href=\"https:\/\/www.youtube.com\/watch?v=5XrxxYXviek\" target=\"_blank\" rel=\"noopener\">https:\/\/www.youtube.com\/watch?v=5XrxxYXviek<\/a><\/p>\n<p>&nbsp;<\/p>\n<p><strong>mod\u00e8le 3D :<\/strong><\/p>\n<p><iframe src=\"https:\/\/impress.pcon-solutions.com\/?l=de&amp;embed=https%3A%2F%2Fxoroshome-my.sharepoint.com%2F%3Au%3A%2Fg%2Fpersonal%2Ffrank_ehlers_xoros-home_de%2FEchVxtxG-y9JqKnL4wuFKJsBM5LlVfBUmESzr3PPO-O5ag\" width=\"560\" height=\"655\" frameborder=\"1\" allowfullscreen=\"allowfullscreen\"><span data-mce-type=\"bookmark\" style=\"display: inline-block; width: 0px; overflow: hidden; line-height: 0;\" class=\"mce_SELRES_start\"><\/span><\/iframe><\/p>","protected":false},"excerpt":{"rendered":"<p>Le se:cube M offre sur environ 3 m\u00e8tres carr\u00e9s une salle de r\u00e9union insonoris\u00e9e - selon la variante d'\u00e9quipement, jusqu'\u00e0 quatre personnes. Nous recommandons \u00e0 nos clients la variante d'\u00e9quipement \"Diner\" avec deux canap\u00e9s plac\u00e9s face \u00e0 face et une table encastr\u00e9e fixe. Cela permet d'organiser des r\u00e9unions \u00e0 deux, trois ou quatre tout aussi efficacement que de courts appels vid\u00e9o avec jusqu'\u00e0 deux personnes assises c\u00f4te \u00e0 c\u00f4te. Et si l'on n'a pas besoin du se:cube M pour des r\u00e9unions, on peut parfaitement y travailler seul et en toute tranquillit\u00e9.<\/p>\n<p>se:cube est la s\u00e9rie de bo\u00eetiers de t\u00e9l\u00e9phone et de r\u00e9union de la maison SEDUS, l'un des principaux fabricants allemands de mobilier de bureau. La forme rectiligne claire de se:cube est adoucie par des coins arrondis et s'int\u00e8gre ainsi harmonieusement dans les environnements les plus divers sans dominer la pi\u00e8ce. L'une des caract\u00e9ristiques de la marque est la bande LED p\u00e9riph\u00e9rique (disponible en option) qui s'allume d\u00e8s que le cube est occup\u00e9. se:cube existe en trois tailles diff\u00e9rentes :<\/p>\n<ul>\n<li><a href=\"https:\/\/xoros-home.de\/fr\/produits-homeoffice\/cube-s-sedus\/\">se:cube S<\/a> (pour une personne)<\/li>\n<li><a href=\"https:\/\/xoros-home.de\/fr\/produits-homeoffice\/cube-m-sedus\/\">se:cube M<\/a> (jusqu'\u00e0 quatre personnes)<\/li>\n<li><a href=\"https:\/\/xoros-home.de\/fr\/produits-homeoffice\/cube-l-sedus\/\">se:cube L<\/a> (jusqu'\u00e0 huit personnes)<\/li>\n<\/ul>\n<p>&nbsp;<\/p>","protected":false},"featured_media":14081,"template":"","meta":{"content-type":"","inline_featured_image":false},"product_brand":[],"product_cat":[159],"product_tag":[132,107,108],"class_list":{"0":"post-14072","1":"product","2":"type-product","3":"status-publish","4":"has-post-thumbnail","6":"product_cat-meetingbox","7":"product_tag-effizienter-schallschutz","8":"product_tag-hersteller-sedus","9":"product_tag-made-in-germany","11":"first","12":"instock","13":"taxable","14":"shipping-taxable","15":"purchasable","16":"product-type-simple"},"_links":{"self":[{"href":"https:\/\/xoros-home.de\/fr\/wp-json\/wp\/v2\/product\/14072","targetHints":{"allow":["GET"]}}],"collection":[{"href":"https:\/\/xoros-home.de\/fr\/wp-json\/wp\/v2\/product"}],"about":[{"href":"https:\/\/xoros-home.de\/fr\/wp-json\/wp\/v2\/types\/product"}],"version-history":[{"count":1,"href":"https:\/\/xoros-home.de\/fr\/wp-json\/wp\/v2\/product\/14072\/revisions"}],"predecessor-version":[{"id":14084,"href":"https:\/\/xoros-home.de\/fr\/wp-json\/wp\/v2\/product\/14072\/revisions\/14084"}],"wp:featuredmedia":[{"embeddable":true,"href":"https:\/\/xoros-home.de\/fr\/wp-json\/wp\/v2\/media\/14081"}],"wp:attachment":[{"href":"https:\/\/xoros-home.de\/fr\/wp-json\/wp\/v2\/media?parent=14072"}],"wp:term":[{"taxonomy":"product_brand","embeddable":true,"href":"https:\/\/xoros-home.de\/fr\/wp-json\/wp\/v2\/product_brand?post=14072"},{"taxonomy":"product_cat","embeddable":true,"href":"https:\/\/xoros-home.de\/fr\/wp-json\/wp\/v2\/product_cat?post=14072"},{"taxonomy":"product_tag","embeddable":true,"href":"https:\/\/xoros-home.de\/fr\/wp-json\/wp\/v2\/product_tag?post=14072"}],"curies":[{"name":"wp","href":"https:\/\/api.w.org\/{rel}","templated":true}]}}