{"id":14517,"date":"2024-05-03T16:37:12","date_gmt":"2024-05-03T14:37:12","guid":{"rendered":"https:\/\/xoros-home.de\/?post_type=product&#038;p=14517"},"modified":"2025-02-04T16:26:53","modified_gmt":"2025-02-04T15:26:53","slug":"boite-telephonique-hola-studiobricks","status":"publish","type":"product","link":"https:\/\/xoros-home.de\/fr\/produkt\/telefonbox-hola-studiobricks\/","title":{"rendered":"Bo\u00eete t\u00e9l\u00e9phonique HOLA (Studiobricks)"},"content":{"rendered":"<p>Mod\u00e8le 3D en diff\u00e9rentes variantes :<\/p>\n<p><iframe src=\"https:\/\/impress.pcon-solutions.com\/?l=de&amp;embed=https%3A%2F%2Fxoroshome-my.sharepoint.com%2F%3Au%3A%2Fg%2Fpersonal%2Ffrank_ehlers_xoros-home_de%2FEdM--VNTvjZBhU65fbmI5gQBCLthd4ViVHwlDclPCGpXzQ\" width=\"450\" height=\"450\" frameborder=\"1\" allowfullscreen=\"allowfullscreen\"><span data-mce-type=\"bookmark\" style=\"display: inline-block; width: 0px; overflow: hidden; line-height: 0;\" class=\"mce_SELRES_start\"><\/span><\/iframe><\/p>","protected":false},"excerpt":{"rendered":"<p>Studiobricks est un fabricant espagnol de cabines d'insonorisation qui a grandi avec des produits sp\u00e9ciaux dans le domaine de la musique \/ du studio \/ de l'enregistrement audio. La gamme de produits originale de Studiobricks provient donc d'un domaine o\u00f9 l'acoustique joue un r\u00f4le primordial et o\u00f9 les exigences en mati\u00e8re d'insonorisation et de qualit\u00e9 sonore sont tr\u00e8s diff\u00e9rentes de celles d'un bureau traditionnel. Il n'est donc pas \u00e9tonnant que la gamme Office de Studiobricks puisse \u00e9galement briller par les meilleures valeurs d'insonorisation du march\u00e9 et r\u00e9pondre aux exigences les plus \u00e9lev\u00e9es.<\/p>\n<p>HOLA est le plus petit mod\u00e8le de Studiobricks et est disponible chez nous en tant que bo\u00eete t\u00e9l\u00e9phonique sur une surface de 1,06 x 1,06 m\u00e8tre en trois variantes diff\u00e9rentes :<\/p>\n<ul>\n<li>HOLA Standard : avec paroi arri\u00e8re ferm\u00e9e<\/li>\n<li>HOLA View : avec paroi arri\u00e8re vitr\u00e9e<\/li>\n<li>HOLA Forklift : mont\u00e9 sur cadre en acier \/ adapt\u00e9 aux chariots \u00e9l\u00e9vateurs \u00e0 fourche<\/li>\n<\/ul>\n<p>La bo\u00eete t\u00e9l\u00e9phonique HOLA peut \u00eatre configur\u00e9e individuellement. D'autres couleurs, d'autres mat\u00e9riaux ainsi que du mobilier (tabouret) sont notamment disponibles moyennant un suppl\u00e9ment. Nous vous conseillons volontiers sur les options qui vous int\u00e9ressent !<\/p>","protected":false},"featured_media":14527,"template":"","meta":{"content-type":"","inline_featured_image":false},"product_brand":[],"product_cat":[131],"product_tag":[132,198],"class_list":{"0":"post-14517","1":"product","2":"type-product","3":"status-publish","4":"has-post-thumbnail","6":"product_cat-telefonbox","7":"product_tag-effizienter-schallschutz","8":"product_tag-hersteller-studiobricks","10":"first","11":"instock","12":"taxable","13":"shipping-taxable","14":"purchasable","15":"product-type-simple"},"_links":{"self":[{"href":"https:\/\/xoros-home.de\/fr\/wp-json\/wp\/v2\/product\/14517","targetHints":{"allow":["GET"]}}],"collection":[{"href":"https:\/\/xoros-home.de\/fr\/wp-json\/wp\/v2\/product"}],"about":[{"href":"https:\/\/xoros-home.de\/fr\/wp-json\/wp\/v2\/types\/product"}],"version-history":[{"count":1,"href":"https:\/\/xoros-home.de\/fr\/wp-json\/wp\/v2\/product\/14517\/revisions"}],"predecessor-version":[{"id":14554,"href":"https:\/\/xoros-home.de\/fr\/wp-json\/wp\/v2\/product\/14517\/revisions\/14554"}],"wp:featuredmedia":[{"embeddable":true,"href":"https:\/\/xoros-home.de\/fr\/wp-json\/wp\/v2\/media\/14527"}],"wp:attachment":[{"href":"https:\/\/xoros-home.de\/fr\/wp-json\/wp\/v2\/media?parent=14517"}],"wp:term":[{"taxonomy":"product_brand","embeddable":true,"href":"https:\/\/xoros-home.de\/fr\/wp-json\/wp\/v2\/product_brand?post=14517"},{"taxonomy":"product_cat","embeddable":true,"href":"https:\/\/xoros-home.de\/fr\/wp-json\/wp\/v2\/product_cat?post=14517"},{"taxonomy":"product_tag","embeddable":true,"href":"https:\/\/xoros-home.de\/fr\/wp-json\/wp\/v2\/product_tag?post=14517"}],"curies":[{"name":"wp","href":"https:\/\/api.w.org\/{rel}","templated":true}]}}