{"id":14542,"date":"2024-05-08T11:23:44","date_gmt":"2024-05-08T09:23:44","guid":{"rendered":"https:\/\/xoros-home.de\/?post_type=product&#038;p=14542"},"modified":"2025-03-07T18:31:12","modified_gmt":"2025-03-07T17:31:12","slug":"cabine-insonorisee-focus-studiobricks","status":"publish","type":"product","link":"https:\/\/xoros-home.de\/fr\/produkt\/schallschutzkabine-focus-studiobricks\/","title":{"rendered":"Cabine d'insonorisation FOCUS (Studiobricks)"},"content":{"rendered":"<p>Mod\u00e8le 3D en diff\u00e9rentes variantes :<\/p>\n<p>&nbsp;<\/p>\n<p><iframe src=\"https:\/\/impress.pcon-solutions.com\/?l=de&amp;embed=https%3A%2F%2Fxoroshome-my.sharepoint.com%2F%3Au%3A%2Fg%2Fpersonal%2Ffrank_ehlers_xoros-home_de%2FEZ8GG6PxWeJBlCdB7Dx4xoMBsc3L5HIFncQ76osvJNk_YA\" width=\"450\" height=\"450\" frameborder=\"1\" allowfullscreen=\"allowfullscreen\"><span data-mce-type=\"bookmark\" style=\"display: inline-block; width: 0px; overflow: hidden; line-height: 0;\" class=\"mce_SELRES_start\"><\/span><span data-mce-type=\"bookmark\" style=\"display: inline-block; width: 0px; overflow: hidden; line-height: 0;\" class=\"mce_SELRES_start\"><\/span><\/iframe><\/p>","protected":false},"excerpt":{"rendered":"<p>Studiobricks est un fabricant espagnol de cabines d'insonorisation qui a grandi avec des produits sp\u00e9ciaux dans le domaine de la musique \/ du studio \/ de l'enregistrement audio. La gamme de produits originale de Studiobricks provient donc d'un domaine o\u00f9 l'acoustique joue un r\u00f4le primordial et o\u00f9 les exigences en mati\u00e8re d'insonorisation et de qualit\u00e9 sonore sont tr\u00e8s diff\u00e9rentes de celles d'un bureau traditionnel. Il n'est donc pas \u00e9tonnant que la gamme de bureaux de Studiobricks puisse briller par les meilleures valeurs d'insonorisation du march\u00e9 et r\u00e9ponde aux exigences les plus \u00e9lev\u00e9es. Concr\u00e8tement, les cabines de Studiobricks offrent en g\u00e9n\u00e9ral une isolation acoustique de 45 dB.<\/p>\n<p>L'une des marques de fabrique des bo\u00eetiers de t\u00e9l\u00e9phone et de r\u00e9union de Studiobricks est le panneau \"On Air\" disponible en option, qui indique \u00e0 l'ext\u00e9rieur lorsqu'une cabine est occup\u00e9e.<\/p>\n<p>La s\u00e9rie de mod\u00e8les FOCUS de Studiobricks offre, sur une surface de 1,21 x 1,68 m\u00e8tres, diff\u00e9rentes options d'\u00e9quipement pour un travail concentr\u00e9 seul ou pour de courtes r\u00e9unions \u00e0 deux. Les variantes suivantes sont disponibles chez nous :<\/p>\n<ul>\n<li>FOCUS Standard : poste de travail individuel avec bureau int\u00e9gr\u00e9 \u00e0 hauteur fixe et suffisamment de place pour une chaise pivotante ou deux tabourets ; avec panneau arri\u00e8re ferm\u00e9<\/li>\n<li>FOCUS Ergonomic : poste de travail individuel avec bureau r\u00e9glable en hauteur. Beaucoup de place pour un si\u00e8ge pivotant ou deux tabourets ou des r\u00e9unions \u00e0 deux en position debout ; avec panneau arri\u00e8re ferm\u00e9<\/li>\n<li>FOCUS View : \u00e9quipement analogue \u00e0 la variante FOCUS Ergonomic, mais avec paroi arri\u00e8re vitr\u00e9e<\/li>\n<li>FOCUS Forklift : mont\u00e9 sur cadre en acier \/ adapt\u00e9 aux chariots \u00e9l\u00e9vateurs \u00e0 fourche<\/li>\n<li>FOCUS Media : avec setup d'enregistrement - comprenant BassTrap (PET), support de moniteur, bras de moniteur, support de copie, support mural, adaptateur de m\u00e2t et bras de microphone<\/li>\n<li>FOCUS Video Call : avec fixation de moniteur r\u00e9glable en hauteur et moniteur avec \u00e9cran tactile<\/li>\n<\/ul>\n<p>La cabine d'insonorisation FOCUS peut \u00eatre configur\u00e9e individuellement. D'autres couleurs, d'autres mat\u00e9riaux, l'embl\u00e9matique \"panneau \u00e0 l'antenne\" ainsi que du mobilier (canap\u00e9, tabouret) sont notamment disponibles moyennant un suppl\u00e9ment. Nous vous conseillons volontiers sur les options qui vous int\u00e9ressent !<\/p>","protected":false},"featured_media":14555,"template":"","meta":{"content-type":"","inline_featured_image":false},"product_brand":[],"product_cat":[207],"product_tag":[132,198],"class_list":{"0":"post-14542","1":"product","2":"type-product","3":"status-publish","4":"has-post-thumbnail","6":"product_cat-office-arbeitsbox","7":"product_tag-effizienter-schallschutz","8":"product_tag-hersteller-studiobricks","10":"first","11":"instock","12":"taxable","13":"shipping-taxable","14":"purchasable","15":"product-type-simple"},"_links":{"self":[{"href":"https:\/\/xoros-home.de\/fr\/wp-json\/wp\/v2\/product\/14542","targetHints":{"allow":["GET"]}}],"collection":[{"href":"https:\/\/xoros-home.de\/fr\/wp-json\/wp\/v2\/product"}],"about":[{"href":"https:\/\/xoros-home.de\/fr\/wp-json\/wp\/v2\/types\/product"}],"version-history":[{"count":1,"href":"https:\/\/xoros-home.de\/fr\/wp-json\/wp\/v2\/product\/14542\/revisions"}],"predecessor-version":[{"id":14580,"href":"https:\/\/xoros-home.de\/fr\/wp-json\/wp\/v2\/product\/14542\/revisions\/14580"}],"wp:featuredmedia":[{"embeddable":true,"href":"https:\/\/xoros-home.de\/fr\/wp-json\/wp\/v2\/media\/14555"}],"wp:attachment":[{"href":"https:\/\/xoros-home.de\/fr\/wp-json\/wp\/v2\/media?parent=14542"}],"wp:term":[{"taxonomy":"product_brand","embeddable":true,"href":"https:\/\/xoros-home.de\/fr\/wp-json\/wp\/v2\/product_brand?post=14542"},{"taxonomy":"product_cat","embeddable":true,"href":"https:\/\/xoros-home.de\/fr\/wp-json\/wp\/v2\/product_cat?post=14542"},{"taxonomy":"product_tag","embeddable":true,"href":"https:\/\/xoros-home.de\/fr\/wp-json\/wp\/v2\/product_tag?post=14542"}],"curies":[{"name":"wp","href":"https:\/\/api.w.org\/{rel}","templated":true}]}}