{"id":14583,"date":"2024-05-21T18:55:54","date_gmt":"2024-05-21T16:55:54","guid":{"rendered":"https:\/\/xoros-home.de\/?post_type=product&#038;p=14583"},"modified":"2025-02-04T16:28:01","modified_gmt":"2025-02-04T15:28:01","slug":"cabine-insonorisee-meet-up-plus-studiobricks","status":"publish","type":"product","link":"https:\/\/xoros-home.de\/fr\/produkt\/schallschutzkabine-meet-up-plus-studiobricks\/","title":{"rendered":"Cabine d'insonorisation MEET-UP Plus (Studiobricks)"},"content":{"rendered":"<p><strong>mod\u00e8le 3D :<\/strong><\/p>\n<p>(ici dans la variante \"MEET-UP-Plus Sit\")<\/p>\n<p><iframe src=\"https:\/\/impress.pcon-solutions.com\/?l=de&amp;embed=https%3A%2F%2Fxoroshome-my.sharepoint.com%2F%3Au%3A%2Fg%2Fpersonal%2Ffrank_ehlers_xoros-home_de%2FEXsFZnqeWDpNts3gxI0KKMgB94uCPTC1dOlXKhi74CoY_w\" width=\"450\" height=\"450\" frameborder=\"1\" allowfullscreen=\"allowfullscreen\"><\/iframe><\/p>","protected":false},"excerpt":{"rendered":"<p>Studiobricks est un fabricant espagnol de cabines d'insonorisation qui a grandi avec des produits sp\u00e9ciaux dans le domaine de la musique \/ du studio \/ de l'enregistrement audio. La gamme de produits originale de Studiobricks provient donc d'un domaine o\u00f9 l'acoustique joue un r\u00f4le primordial et o\u00f9 les exigences en mati\u00e8re d'insonorisation et de qualit\u00e9 sonore sont tr\u00e8s diff\u00e9rentes de celles d'un bureau traditionnel. Il n'est donc pas \u00e9tonnant que la gamme de bureaux de Studiobricks puisse briller par les meilleures valeurs d'insonorisation du march\u00e9 et r\u00e9ponde aux exigences les plus \u00e9lev\u00e9es. Concr\u00e8tement, les cabines de Studiobricks offrent en g\u00e9n\u00e9ral une isolation acoustique de 45 dB.<\/p>\n<p>La s\u00e9rie de mod\u00e8les MEET-UP-Plus de Studiobricks offre, sur une surface de 1,21 x 1,98 m\u00e8tres, diff\u00e9rentes options d'\u00e9quipement pour le travail concentr\u00e9 \u00e0 deux ou pour de courtes r\u00e9unions avec jusqu'\u00e0 quatre personnes. Les variantes suivantes sont disponibles chez nous :<\/p>\n<ul>\n<li>MEET-UP-Plus Stand : poste de travail double avec comptoir \u00e0 hauteur fixe pour travailler \u00e0 deux c\u00f4te \u00e0 c\u00f4te en position debout.<\/li>\n<li>MEET-UP-Plus Ergonomic : avec un bureau r\u00e9glable en hauteur et de la place pour jusqu'\u00e0 quatre tabourets ou des r\u00e9unions en position debout<\/li>\n<li>MEET-UP-Plus Sit : \u00e9quip\u00e9 de deux canap\u00e9s et d'une table pour des r\u00e9unions jusqu'\u00e0 4 personnes assises<\/li>\n<li>MEET-UP-Plus Video Call : avec comptoir \u00e0 hauteur fixe, fixation du moniteur et moniteur avec \u00e9cran tactile et cam\u00e9ra inclus.<\/li>\n<\/ul>\n<p>La cabine d'insonorisation MEET-UP-Plus peut \u00eatre configur\u00e9e individuellement. Moyennant un suppl\u00e9ment, d'autres couleurs, d'autres mat\u00e9riaux, des parois arri\u00e8re vitr\u00e9es, etc. sont entre autres disponibles. Nous vous conseillons volontiers sur les options qui vous int\u00e9ressent !<\/p>","protected":false},"featured_media":14591,"template":"","meta":{"content-type":"","inline_featured_image":false},"product_brand":[],"product_cat":[159],"product_tag":[132,198],"class_list":{"0":"post-14583","1":"product","2":"type-product","3":"status-publish","4":"has-post-thumbnail","6":"product_cat-meetingbox","7":"product_tag-effizienter-schallschutz","8":"product_tag-hersteller-studiobricks","10":"first","11":"instock","12":"taxable","13":"shipping-taxable","14":"purchasable","15":"product-type-simple"},"_links":{"self":[{"href":"https:\/\/xoros-home.de\/fr\/wp-json\/wp\/v2\/product\/14583","targetHints":{"allow":["GET"]}}],"collection":[{"href":"https:\/\/xoros-home.de\/fr\/wp-json\/wp\/v2\/product"}],"about":[{"href":"https:\/\/xoros-home.de\/fr\/wp-json\/wp\/v2\/types\/product"}],"version-history":[{"count":1,"href":"https:\/\/xoros-home.de\/fr\/wp-json\/wp\/v2\/product\/14583\/revisions"}],"predecessor-version":[{"id":14590,"href":"https:\/\/xoros-home.de\/fr\/wp-json\/wp\/v2\/product\/14583\/revisions\/14590"}],"wp:featuredmedia":[{"embeddable":true,"href":"https:\/\/xoros-home.de\/fr\/wp-json\/wp\/v2\/media\/14591"}],"wp:attachment":[{"href":"https:\/\/xoros-home.de\/fr\/wp-json\/wp\/v2\/media?parent=14583"}],"wp:term":[{"taxonomy":"product_brand","embeddable":true,"href":"https:\/\/xoros-home.de\/fr\/wp-json\/wp\/v2\/product_brand?post=14583"},{"taxonomy":"product_cat","embeddable":true,"href":"https:\/\/xoros-home.de\/fr\/wp-json\/wp\/v2\/product_cat?post=14583"},{"taxonomy":"product_tag","embeddable":true,"href":"https:\/\/xoros-home.de\/fr\/wp-json\/wp\/v2\/product_tag?post=14583"}],"curies":[{"name":"wp","href":"https:\/\/api.w.org\/{rel}","templated":true}]}}