{"id":14732,"date":"2024-09-09T16:29:17","date_gmt":"2024-09-09T14:29:17","guid":{"rendered":"https:\/\/xoros-home.de\/?post_type=product&#038;p=14732"},"modified":"2025-07-06T17:05:04","modified_gmt":"2025-07-06T15:05:04","slug":"boite-de-reunion-jetson-m1-mute","status":"publish","type":"product","link":"https:\/\/xoros-home.de\/fr\/produkt\/arbeitsbox-jetson-m1-mute\/","title":{"rendered":"Bo\u00eete de travail Jetson M1 (MUTE)"},"content":{"rendered":"<p>La structure du Jetson M1 est fabriqu\u00e9e en aluminium extrud\u00e9, ce qui le rend beaucoup plus durable et l\u00e9ger que les mod\u00e8les fabriqu\u00e9s \u00e0 base de panneaux de bois. En combinaison avec le syst\u00e8me de fixation murale sans outils, le Jetson M1 se monte et se d\u00e9monte aussi rapidement et facilement qu'aucun autre bo\u00eetier de t\u00e9l\u00e9phone ou de r\u00e9union sur le march\u00e9.<\/p>\n<p>Jetson M1 existe en noir ou en blanc. En option, les parois ext\u00e9rieures peuvent \u00eatre \u00e9quip\u00e9es de biblioth\u00e8ques ou de tableaux blancs.<\/p>\n<p>Fiche de donn\u00e9es : <a href=\"https:\/\/xoros-home.de\/wp-content\/uploads\/2024\/09\/Jetson_M1_Datenblatt_DE.pdf\">T\u00e9l\u00e9charger la fiche technique du Jetson M1<\/a><\/p>\n<p><strong>mod\u00e8le 3D :<\/strong><\/p>\n<p><iframe src=\"https:\/\/impress.pcon-solutions.com\/?l=de&amp;embed=https%3A%2F%2Fxoroshome-my.sharepoint.com%2F%3Au%3A%2Fg%2Fpersonal%2Ffrank_ehlers_xoros-home_de%2FEfGq0WAJ1MFNp8UnUsLBCe4BSYhKyyVZy9g0Ea8Mui3EZQ\" width=\"450\" height=\"450\" frameborder=\"1\" allowfullscreen=\"allowfullscreen\"><\/iframe><br \/>\n<strong>\u00c9quipement :<\/strong><\/p>\n<ul>\n<li>Syst\u00e8me de ventilation<\/li>\n<li>Lumi\u00e8re LED<\/li>\n<li>D\u00e9tecteurs de pr\u00e9sence pour ventilateurs et lumi\u00e8re<\/li>\n<li>Barrette avec 2 prises de courant et 2 ports USB<\/li>\n<li>Plateau de table en m\u00e9lamine<\/li>\n<li>\u00c9tag\u00e8re plate avec rail d'exposition et aimant, 2 crochets<\/li>\n<li>C\u00e2ble d'alimentation 3 m<\/li>\n<\/ul>\n<p><strong>Dimensions et poids :<\/strong><\/p>\n<ul>\n<li>Largeur (ext\u00e9rieur \/ int\u00e9rieur) : 1575 mm \/ 1435 mm<\/li>\n<li>profondeur (ext\u00e9rieur \/ int\u00e9rieur) : 1000 mm \/ 860 mm + 800 mm avec la porte ouverte<\/li>\n<li>Hauteur (ext\u00e9rieur \/ int\u00e9rieur) : 2264 mm \/ 2102 mm<\/li>\n<li class=\"tech-specs__field\">Plateau de table (L x P x H) : 600 x 855 x 745<\/li>\n<li>Poids : 275 kg<\/li>\n<\/ul>\n<p><strong>Donn\u00e9es acoustiques et ventilation :<\/strong><\/p>\n<ul>\n<li>Att\u00e9nuation de la parole : jusqu'\u00e0 44,6 dB<\/li>\n<li>d\u00e9bit d'air nominal : 365 m3\/h<\/li>\n<li>Bruit de ventilation ext\u00e9rieur \/ int\u00e9rieur : \u226436 dB \/ \u226438 dB<\/li>\n<\/ul>\n<p><strong>Prise multiple :<\/strong><\/p>\n<ul>\n<li>Tension d'alimentation : 220-240 \/ 100-120 VAC, 50-60 Hz<\/li>\n<li>Prises de courant : 2<\/li>\n<li>Chargeur rapide USB : TUF A+C 25 W, 5 V DC<\/li>\n<li>Syst\u00e8me de montage : Incl.<\/li>\n<li>Couleur : Noir<\/li>\n<\/ul>","protected":false},"excerpt":{"rendered":"<p>Le Jetson M1 est une bo\u00eete de travail compacte et \u00e9l\u00e9gante du sp\u00e9cialiste de l'acoustique \"Mute\". Des mat\u00e9riaux de haute qualit\u00e9, des composants durables et un am\u00e9nagement int\u00e9rieur bien pens\u00e9 se conjuguent \u00e0 des prix avantageux. Ceux-ci sont rendus possibles par une production particuli\u00e8rement efficace : la plupart des composants peuvent \u00eatre utilis\u00e9s dans plusieurs mod\u00e8les de la famille Jetson et \u00eatre pr\u00e9-produits en cons\u00e9quence, ce qui permet de r\u00e9duire les co\u00fbts.<\/p>\n<p>La famille Jetson se compose de la grande <a href=\"https:\/\/xoros-home.de\/fr\/produit\/meetingbox-jetson-l4-mute-2\/\">Coffret de r\u00e9union 4 places Jetson L4<\/a>, qui <a href=\"https:\/\/xoros-home.de\/fr\/produit\/boite-de-reunion-jetson-l2-mute\/\">Coffret de r\u00e9union pour 2 personnes Jetson L2<\/a>, qui <a href=\"https:\/\/xoros-home.de\/fr\/produit\/boite-de-reunion-jetson-m1-mute\/\">Bo\u00eete de travail M1<\/a> et la petite <a href=\"https:\/\/xoros-home.de\/fr\/produit\/boite-telephonique-jetson-s1-mute\/\">Bo\u00eete t\u00e9l\u00e9phonique Jetson S1<\/a>.<\/p>\n<p><img decoding=\"async\" class=\"alignnone wp-image-11202 size-thumbnail\" src=\"https:\/\/xoros-home.de\/wp-content\/uploads\/2023\/02\/logo-mute.svg\" alt=\"\" width=\"150\" height=\"30\" \/><\/p>","protected":false},"featured_media":14733,"template":"","meta":{"content-type":"","inline_featured_image":false},"product_brand":[],"product_cat":[207],"product_tag":[132,142],"class_list":{"0":"post-14732","1":"product","2":"type-product","3":"status-publish","4":"has-post-thumbnail","6":"product_cat-office-arbeitsbox","7":"product_tag-effizienter-schallschutz","8":"product_tag-hersteller-mute","10":"first","11":"instock","12":"taxable","13":"shipping-taxable","14":"purchasable","15":"product-type-simple"},"_links":{"self":[{"href":"https:\/\/xoros-home.de\/fr\/wp-json\/wp\/v2\/product\/14732","targetHints":{"allow":["GET"]}}],"collection":[{"href":"https:\/\/xoros-home.de\/fr\/wp-json\/wp\/v2\/product"}],"about":[{"href":"https:\/\/xoros-home.de\/fr\/wp-json\/wp\/v2\/types\/product"}],"version-history":[{"count":1,"href":"https:\/\/xoros-home.de\/fr\/wp-json\/wp\/v2\/product\/14732\/revisions"}],"predecessor-version":[{"id":14751,"href":"https:\/\/xoros-home.de\/fr\/wp-json\/wp\/v2\/product\/14732\/revisions\/14751"}],"wp:featuredmedia":[{"embeddable":true,"href":"https:\/\/xoros-home.de\/fr\/wp-json\/wp\/v2\/media\/14733"}],"wp:attachment":[{"href":"https:\/\/xoros-home.de\/fr\/wp-json\/wp\/v2\/media?parent=14732"}],"wp:term":[{"taxonomy":"product_brand","embeddable":true,"href":"https:\/\/xoros-home.de\/fr\/wp-json\/wp\/v2\/product_brand?post=14732"},{"taxonomy":"product_cat","embeddable":true,"href":"https:\/\/xoros-home.de\/fr\/wp-json\/wp\/v2\/product_cat?post=14732"},{"taxonomy":"product_tag","embeddable":true,"href":"https:\/\/xoros-home.de\/fr\/wp-json\/wp\/v2\/product_tag?post=14732"}],"curies":[{"name":"wp","href":"https:\/\/api.w.org\/{rel}","templated":true}]}}