{"id":14992,"date":"2024-10-22T17:19:37","date_gmt":"2024-10-22T15:19:37","guid":{"rendered":"https:\/\/xoros-home.de\/?post_type=product&#038;p=14992"},"modified":"2026-02-23T15:28:46","modified_gmt":"2026-02-23T14:28:46","slug":"boite-telephonique-bosselino-uno-bosse","status":"publish","type":"product","link":"https:\/\/xoros-home.de\/fr\/produkt\/telefonbox-bosselino-uno-bosse\/","title":{"rendered":"Bo\u00eete t\u00e9l\u00e9phonique Bosselino Uno (Bosse)"},"content":{"rendered":"<p><strong>D\u00e9tails du produit :<\/strong><\/p>\n<ul>\n<li>Installation \u00e9lectrique via le syst\u00e8me Plug &amp; Play<\/li>\n<li>Ventilation int\u00e9gr\u00e9e et \u00e9clairage LED<\/li>\n<li>1x USB-A +1x USB-C (65W) pour charger les ordinateurs portables via USB-C<\/li>\n<li>Porte vitr\u00e9e en verre de s\u00e9curit\u00e9 tremp\u00e9 de 8 mm<\/li>\n<li>720 x 330 grande table \u00e0 hauteur d'homme en m\u00e9lamine ch\u00eane clair<\/li>\n<li>\u00e9tag\u00e8re pour smartphone ou tablette sur la paroi lat\u00e9rale<\/li>\n<li>Plaque de sol stable avec feutre acoustique en guise de tapis<\/li>\n<li>Plafond suspendu<\/li>\n<li>compensation de la hauteur pour les in\u00e9galit\u00e9s du sol jusqu'\u00e0 15 mm<\/li>\n<li>Couleurs : murs ext\u00e9rieurs blancs, murs int\u00e9rieurs en feutre PET \"kaki clair\", tapis anthracite<\/li>\n<\/ul>\n<p><strong>Donn\u00e9es techniques :<\/strong><\/p>\n<ul>\n<li class=\"ms-TooltipHost tooltipHost-606\" role=\"none\">Largeur ext\u00e9rieure :<span class=\"secondary-text\"> 1002 mm<\/span><\/li>\n<li class=\"ms-TooltipHost tooltipHost-606\" role=\"none\">Profondeur Ext\u00e9rieure :<span class=\"secondary-text\"> 994 mm<\/span><\/li>\n<li class=\"ms-TooltipHost tooltipHost-606\" role=\"none\">Hauteur, int\u00e9rieur :<span class=\"secondary-text\"> 2018 mm<\/span><\/li>\n<li class=\"ms-TooltipHost tooltipHost-606\" role=\"none\">Hauteur, ext\u00e9rieur :<span class=\"secondary-text\"> 2155 mm<\/span><\/li>\n<li class=\"ms-TooltipHost tooltipHost-606\" role=\"none\">min. hauteur de la pi\u00e8ce :<span class=\"secondary-text\"> 2320 mm<\/span><\/li>\n<li role=\"none\">poids : environ 210 kg<\/li>\n<\/ul>\n<p>&nbsp;<\/p>\n<p><strong id=\"3D\">mod\u00e8le 3D :<\/strong><\/p>\n<p><iframe src=\"https:\/\/impress.pcon-solutions.com\/?l=de&amp;embed=https%3A%2F%2Fxoroshome-my.sharepoint.com%2F%3Au%3A%2Fg%2Fpersonal%2Ffrank_ehlers_xoros-home_de%2FEUCJcK7tn99Bt6bvoyd093UBiZjzHVsQvfIwrvdMb-Wg0g\" width=\"560\" height=\"655\" frameborder=\"0\" allowfullscreen=\"allowfullscreen\"><span data-mce-type=\"bookmark\" style=\"display: inline-block; width: 0px; overflow: hidden; line-height: 0;\" class=\"mce_SELRES_start\"><\/span><\/iframe><\/p>\n<p>&nbsp;<\/p>","protected":false},"excerpt":{"rendered":"<p><strong>Une qualit\u00e9 qui rapporte<\/strong><\/p>\n<p>Laisse-toi envo\u00fbter par le \"Bosselino Uno\" - un bijou de design \u00e0 un prix imbattable ! Notre best-seller a \u00e9t\u00e9 mis \u00e0 jour : Le bo\u00eetier t\u00e9l\u00e9phonique \"Bosselino Uno\" est l'\u00e9volution de notre classique noir \"Bosselino\". Avec sa palette de couleurs claires, elle d\u00e9gage une \u00e9l\u00e9gance intemporelle, tandis que son look multiplex caract\u00e9ristique lui conf\u00e8re une identit\u00e9 unique. Cette nouvelle g\u00e9n\u00e9ration allie raffinement subtil et fonctionnalit\u00e9 pratique.<\/p>\n<p>Gr\u00e2ce \u00e0 de nombreux raffinements et optimisations, nous pouvons proposer le \"Bosselino Uno\" \u00e0 un prix qui va t'enthousiasmer. D\u00e9couvre la symbiose parfaite entre design et \u00e9conomie - le \"Bosselino Uno\" n'attend que de transformer ton bureau !<\/p>\n<h3>\u00e0 partir de 2 990,00 \u20ac<\/h3>\n<p>plus livraison, montage &amp; TVA<\/p>\n<p><strong>Mat\u00e9riaux durables | Fabriqu\u00e9 en Allemagne | Multiplex en bois v\u00e9ritable | Tapis acoustique inclus<\/strong><\/p>","protected":false},"featured_media":14995,"template":"","meta":{"content-type":"","inline_featured_image":false},"product_brand":[],"product_cat":[131],"product_tag":[132,135,108],"class_list":{"0":"post-14992","1":"product","2":"type-product","3":"status-publish","4":"has-post-thumbnail","6":"product_cat-telefonbox","7":"product_tag-effizienter-schallschutz","8":"product_tag-hersteller-bosse","9":"product_tag-made-in-germany","11":"first","12":"instock","13":"taxable","14":"shipping-taxable","15":"purchasable","16":"product-type-simple"},"_links":{"self":[{"href":"https:\/\/xoros-home.de\/fr\/wp-json\/wp\/v2\/product\/14992","targetHints":{"allow":["GET"]}}],"collection":[{"href":"https:\/\/xoros-home.de\/fr\/wp-json\/wp\/v2\/product"}],"about":[{"href":"https:\/\/xoros-home.de\/fr\/wp-json\/wp\/v2\/types\/product"}],"version-history":[{"count":2,"href":"https:\/\/xoros-home.de\/fr\/wp-json\/wp\/v2\/product\/14992\/revisions"}],"predecessor-version":[{"id":17176,"href":"https:\/\/xoros-home.de\/fr\/wp-json\/wp\/v2\/product\/14992\/revisions\/17176"}],"wp:featuredmedia":[{"embeddable":true,"href":"https:\/\/xoros-home.de\/fr\/wp-json\/wp\/v2\/media\/14995"}],"wp:attachment":[{"href":"https:\/\/xoros-home.de\/fr\/wp-json\/wp\/v2\/media?parent=14992"}],"wp:term":[{"taxonomy":"product_brand","embeddable":true,"href":"https:\/\/xoros-home.de\/fr\/wp-json\/wp\/v2\/product_brand?post=14992"},{"taxonomy":"product_cat","embeddable":true,"href":"https:\/\/xoros-home.de\/fr\/wp-json\/wp\/v2\/product_cat?post=14992"},{"taxonomy":"product_tag","embeddable":true,"href":"https:\/\/xoros-home.de\/fr\/wp-json\/wp\/v2\/product_tag?post=14992"}],"curies":[{"name":"wp","href":"https:\/\/api.w.org\/{rel}","templated":true}]}}