{"id":15456,"date":"2025-02-04T11:16:41","date_gmt":"2025-02-04T10:16:41","guid":{"rendered":"https:\/\/xoros-home.de\/?post_type=product&#038;p=15456"},"modified":"2025-02-06T15:02:11","modified_gmt":"2025-02-06T14:02:11","slug":"bureau-electrique-reglable-en-hauteur-y-line-assmann-home","status":"publish","type":"product","link":"https:\/\/xoros-home.de\/fr\/produkt\/elektrisch-hoehenverstellbarer-schreibtisch-y-line-assmann-home\/","title":{"rendered":"Bureau Y-Line \u00e0 hauteur r\u00e9glable \u00e9lectriquement (ASSMANN Home)"},"content":{"rendered":"<ul>\n<li><strong>la flexibilit\u00e9 : <\/strong>R\u00e9glable en hauteur \u00e9lectriquement de 620 \u00e0 1270 mm pour un travail ergonomique<\/li>\n<li><strong>diff\u00e9rentes tailles :<\/strong> diff\u00e9rentes options de taille disponibles : 120x70cm, 120x80cm, 140x70cm, 140x80cm, 160x70cm, 160x80cm ou 180x80cm<\/li>\n<li><strong>Design au choix :<\/strong>\n<ul>\n<li>Plateau de table disponible en blanc de signalisation \/ ch\u00eane naturel \/ ch\u00eane tabac<\/li>\n<li>Structure en blanc de s\u00e9curit\u00e9 \/ noir \/ aluminium blanc<\/li>\n<\/ul>\n<\/li>\n<li><strong>la s\u00e9curit\u00e9 :<\/strong> Test\u00e9 par le T\u00dcV, sigle GS et certifi\u00e9 pour le travail mobile<\/li>\n<li><strong>Le confort :<\/strong> Double motorisation silencieuse (&lt; 48dB(A)), \u00e9l\u00e9ment de commande avec affichage LED et fonction m\u00e9moire<\/li>\n<li><strong>capacit\u00e9 de charge :<\/strong> capacit\u00e9 de charge jusqu'\u00e0 80 kg<\/li>\n<li><strong>Fonctions suppl\u00e9mentaires :<\/strong> protection contre les collisions, fonction de d\u00e9marrage et d'arr\u00eat en douceur, s\u00e9curit\u00e9 enfants<\/li>\n<li><strong>Montage :<\/strong> Les tables sont mont\u00e9es sur place pour toi, si tu le souhaites.<\/li>\n<li><strong>Accessoires :<\/strong> passage de c\u00e2bles pratique sous le plateau de table disponible en option<\/li>\n<\/ul>\n<p>&nbsp;<\/p>\n<div style=\"border: 1px solid #444444; border-radius: 10px; padding: 10px; max-width: 400px; margin: 20px auto; background-color: #eeeeee; font-size: 12px;\">\n<p><strong>Donn\u00e9es du fabricant :<\/strong><\/p>\n<p>ASSMANN B\u00fcrom\u00f6bel GmbH &amp; Co. KG<\/p>\n<p>11, rue Heinrich Assmann<br \/>\n49324 Melle \/ Allemagne<\/p>\n<p>T\u00e9l\u00e9phone : +49 (0) 5422 706-0<br \/>\nCourrier \u00e9lectronique : assmann@assmann.de<\/p>\n<\/div>\n<p>&nbsp;<\/p>","protected":false},"excerpt":{"rendered":"<p>Le bureau Y-Line d'ASSMANN Home, r\u00e9glable en hauteur \u00e9lectriquement, est la solution id\u00e9ale pour am\u00e9liorer l'ergonomie de ton bureau ou de ton bureau \u00e0 domicile. L'\u00e9l\u00e9ment de commande \u00e9l\u00e9gant dispose d'un affichage num\u00e9rique de la hauteur et de trois emplacements de m\u00e9moire programmables. Les moteurs cach\u00e9s dans les deux colonnes de levage am\u00e8nent le plateau de table rapidement et silencieusement dans la position souhait\u00e9e.<\/p>\n<p>Les bureaux Y-Line sont toujours en stock et arrivent chez toi en quelques jours. Ils allient qualit\u00e9, ergonomie et design moderne pour un environnement de travail confortable.<\/p>","protected":false},"featured_media":15506,"template":"","meta":{"content-type":"","inline_featured_image":false},"product_brand":[],"product_cat":[189,190,40],"product_tag":[44,203,46,108,113],"class_list":{"0":"post-15456","1":"product","2":"type-product","3":"status-publish","4":"has-post-thumbnail","6":"product_cat-office-schreibtische","7":"product_cat-homeoffice-specials","8":"product_cat-schreibtische","9":"product_tag-ergonomisch","10":"product_tag-hersteller-assmann-home","11":"product_tag-hoehenverstellbar","12":"product_tag-made-in-germany","13":"product_tag-schnelle-lieferung","15":"first","16":"instock","17":"taxable","18":"shipping-taxable","19":"purchasable","20":"product-type-simple"},"_links":{"self":[{"href":"https:\/\/xoros-home.de\/fr\/wp-json\/wp\/v2\/product\/15456","targetHints":{"allow":["GET"]}}],"collection":[{"href":"https:\/\/xoros-home.de\/fr\/wp-json\/wp\/v2\/product"}],"about":[{"href":"https:\/\/xoros-home.de\/fr\/wp-json\/wp\/v2\/types\/product"}],"version-history":[{"count":1,"href":"https:\/\/xoros-home.de\/fr\/wp-json\/wp\/v2\/product\/15456\/revisions"}],"predecessor-version":[{"id":15460,"href":"https:\/\/xoros-home.de\/fr\/wp-json\/wp\/v2\/product\/15456\/revisions\/15460"}],"wp:featuredmedia":[{"embeddable":true,"href":"https:\/\/xoros-home.de\/fr\/wp-json\/wp\/v2\/media\/15506"}],"wp:attachment":[{"href":"https:\/\/xoros-home.de\/fr\/wp-json\/wp\/v2\/media?parent=15456"}],"wp:term":[{"taxonomy":"product_brand","embeddable":true,"href":"https:\/\/xoros-home.de\/fr\/wp-json\/wp\/v2\/product_brand?post=15456"},{"taxonomy":"product_cat","embeddable":true,"href":"https:\/\/xoros-home.de\/fr\/wp-json\/wp\/v2\/product_cat?post=15456"},{"taxonomy":"product_tag","embeddable":true,"href":"https:\/\/xoros-home.de\/fr\/wp-json\/wp\/v2\/product_tag?post=15456"}],"curies":[{"name":"wp","href":"https:\/\/api.w.org\/{rel}","templated":true}]}}